{"id":1326,"date":"2022-08-11T15:45:35","date_gmt":"2022-08-11T13:45:35","guid":{"rendered":"http:\/\/test.zsjanov.cz\/?page_id=1326"},"modified":"2025-06-26T19:49:33","modified_gmt":"2025-06-26T17:49:33","slug":"prevence-rizikoveho-chovani","status":"publish","type":"page","link":"https:\/\/www.zsjanov.cz\/?page_id=1326","title":{"rendered":"Prevence rizikov\u00e9ho chov\u00e1n\u00ed"},"content":{"rendered":"\n<p><strong><a href=\"http:\/\/www.zsjanov.cz\/wp-content\/uploads\/2025\/06\/Roma-peer-2.pdf\" data-type=\"link\" data-id=\"http:\/\/www.zsjanov.cz\/wp-content\/uploads\/2025\/06\/Roma-peer-2.pdf\" target=\"_blank\" rel=\"noreferrer noopener\">\u0160koln\u00ed \u010dasopis ROMA PEER<\/a><\/strong><\/p>\n\n\n\n<p>Prevence rizikov\u00e9ho chov\u00e1n\u00ed je u na\u0161ich \u017e\u00e1k\u016f velmi d\u016fle\u017eit\u00e1 a je sou\u010d\u00e1st\u00ed ka\u017edodenn\u00edho d\u011bn\u00ed ve \u0161kole. Preventivn\u00edmi aktivitami a prost\u0159ednictv\u00edm vrstevnick\u00e9 pr\u00e1ce se pokou\u0161\u00edme projevy rizikov\u00e9ho chov\u00e1n\u00ed zm\u00edrnit, aktivn\u011b a efektivn\u011b je \u0159e\u0161it.<\/p>\n\n\n\n<p>Peers nav\u0161t\u011bvuj\u00ed se sv\u00fdmi programy d\u011bti z mate\u0159sk\u00fdch \u0161kol, \u017e\u00e1ky prvn\u00edho i druh\u00e9ho stupn\u011b, pod\u00edl\u00ed se na organizaci akc\u00ed v mate\u0159sk\u00fdch \u0161kol\u00e1ch, pom\u00e1haj\u00ed organizovat celo\u0161koln\u00ed projektov\u00e9 dny.<\/p>\n\n\n\n<p>V leto\u0161n\u00edm \u0161koln\u00edm roce pilotujeme projekt KIVA pro \u017e\u00e1ky 1. &#8211; 9. t\u0159\u00edd. Jedn\u00e1 se o finsk\u00fd projekt proti \u0161ikan\u011b, kter\u00fd je p\u0159izp\u016fsoben pro \u010desk\u00e9 prost\u0159ed\u00ed.<\/p>\n\n\n\n<p>Program KiVa pro prevenci a \u0159e\u0161en\u00ed \u0161ikany nab\u00edz\u00ed \u0161irokou \u0161k\u00e1lu konkr\u00e9tn\u00edch n\u00e1stroj\u016f a materi\u00e1l\u016f, s jejich\u017e pomoc\u00ed mohou \u0161koly efektivn\u011b sn\u00ed\u017eit v\u00fdskyt \u0161ikany a vytvo\u0159it takov\u00e9 klima, aby k \u0161ikan\u011b nedoch\u00e1zelo.<\/p>\n\n\n\n<p>Ka\u017ed\u00fd \u0161koln\u00ed rok aktualizujeme Preventivn\u00ed program \u0161koly, kter\u00fd zahrnuje d\u011bti mate\u0159sk\u00fdch \u0161kol, \u017e\u00e1ky 1.-9. t\u0159\u00edd a v\u0161echny pedagogick\u00e9 pracovn\u00edky \u0161koly.<\/p>\n\n\n\n<p>Mgr. Mark\u00e9ta \u0158\u00edhovsk\u00e1<\/p>\n","protected":false},"excerpt":{"rendered":"<p>\u0160koln\u00ed \u010dasopis ROMA PEER Prevence rizikov\u00e9ho chov\u00e1n\u00ed je u na\u0161ich \u017e\u00e1k\u016f velmi d\u016fle\u017eit\u00e1 a je sou\u010d\u00e1st\u00ed ka\u017edodenn\u00edho d\u011bn\u00ed ve \u0161kole. &hellip; <\/p>\n","protected":false},"author":1,"featured_media":0,"parent":1301,"menu_order":-1,"comment_status":"closed","ping_status":"closed","template":"","meta":{"footnotes":""},"class_list":["post-1326","page","type-page","status-publish","hentry","latest_post"],"_links":{"self":[{"href":"https:\/\/www.zsjanov.cz\/index.php?rest_route=\/wp\/v2\/pages\/1326","targetHints":{"allow":["GET"]}}],"collection":[{"href":"https:\/\/www.zsjanov.cz\/index.php?rest_route=\/wp\/v2\/pages"}],"about":[{"href":"https:\/\/www.zsjanov.cz\/index.php?rest_route=\/wp\/v2\/types\/page"}],"author":[{"embeddable":true,"href":"https:\/\/www.zsjanov.cz\/index.php?rest_route=\/wp\/v2\/users\/1"}],"replies":[{"embeddable":true,"href":"https:\/\/www.zsjanov.cz\/index.php?rest_route=%2Fwp%2Fv2%2Fcomments&post=1326"}],"version-history":[{"count":4,"href":"https:\/\/www.zsjanov.cz\/index.php?rest_route=\/wp\/v2\/pages\/1326\/revisions"}],"predecessor-version":[{"id":3940,"href":"https:\/\/www.zsjanov.cz\/index.php?rest_route=\/wp\/v2\/pages\/1326\/revisions\/3940"}],"up":[{"embeddable":true,"href":"https:\/\/www.zsjanov.cz\/index.php?rest_route=\/wp\/v2\/pages\/1301"}],"wp:attachment":[{"href":"https:\/\/www.zsjanov.cz\/index.php?rest_route=%2Fwp%2Fv2%2Fmedia&parent=1326"}],"curies":[{"name":"wp","href":"https:\/\/api.w.org\/{rel}","templated":true}]}}