{"id":1328,"date":"2022-08-11T15:45:55","date_gmt":"2022-08-11T13:45:55","guid":{"rendered":"http:\/\/test.zsjanov.cz\/?page_id=1328"},"modified":"2022-08-25T11:19:10","modified_gmt":"2022-08-25T09:19:10","slug":"vychovne-poradenstvi","status":"publish","type":"page","link":"https:\/\/www.zsjanov.cz\/?page_id=1328","title":{"rendered":"V\u00fdchovn\u00e9 poradenstv\u00ed"},"content":{"rendered":"\n<p><strong>V\u00fdchovn\u00e9 poradkyn\u011b<\/strong><\/p>\n\n\n\n<p>Mgr. Milada Homolov\u00e1<\/p>\n\n\n\n<p>Mgr. Eva Ry\u010dlov\u00e1<\/p>\n","protected":false},"excerpt":{"rendered":"<p>V\u00fdchovn\u00e9 poradkyn\u011b Mgr. Milada Homolov\u00e1 Mgr. Eva Ry\u010dlov\u00e1<\/p>\n","protected":false},"author":1,"featured_media":0,"parent":1301,"menu_order":-1,"comment_status":"closed","ping_status":"closed","template":"","meta":{"footnotes":""},"class_list":["post-1328","page","type-page","status-publish","hentry","latest_post"],"_links":{"self":[{"href":"https:\/\/www.zsjanov.cz\/index.php?rest_route=\/wp\/v2\/pages\/1328","targetHints":{"allow":["GET"]}}],"collection":[{"href":"https:\/\/www.zsjanov.cz\/index.php?rest_route=\/wp\/v2\/pages"}],"about":[{"href":"https:\/\/www.zsjanov.cz\/index.php?rest_route=\/wp\/v2\/types\/page"}],"author":[{"embeddable":true,"href":"https:\/\/www.zsjanov.cz\/index.php?rest_route=\/wp\/v2\/users\/1"}],"replies":[{"embeddable":true,"href":"https:\/\/www.zsjanov.cz\/index.php?rest_route=%2Fwp%2Fv2%2Fcomments&post=1328"}],"version-history":[{"count":2,"href":"https:\/\/www.zsjanov.cz\/index.php?rest_route=\/wp\/v2\/pages\/1328\/revisions"}],"predecessor-version":[{"id":1567,"href":"https:\/\/www.zsjanov.cz\/index.php?rest_route=\/wp\/v2\/pages\/1328\/revisions\/1567"}],"up":[{"embeddable":true,"href":"https:\/\/www.zsjanov.cz\/index.php?rest_route=\/wp\/v2\/pages\/1301"}],"wp:attachment":[{"href":"https:\/\/www.zsjanov.cz\/index.php?rest_route=%2Fwp%2Fv2%2Fmedia&parent=1328"}],"curies":[{"name":"wp","href":"https:\/\/api.w.org\/{rel}","templated":true}]}}