{"id":1357,"date":"2022-08-11T20:29:05","date_gmt":"2022-08-11T18:29:05","guid":{"rendered":"http:\/\/test.zsjanov.cz\/?page_id=1357"},"modified":"2022-08-11T20:29:06","modified_gmt":"2022-08-11T18:29:06","slug":"posilujeme-gramotnosti-a-dovednosti-inovativne","status":"publish","type":"page","link":"https:\/\/www.zsjanov.cz\/?page_id=1357","title":{"rendered":"Posilujeme gramotnosti a dovednosti inovativn\u011b"},"content":{"rendered":"\n<figure class=\"wp-block-image size-full is-resized\"><img loading=\"lazy\" decoding=\"async\" src=\"http:\/\/test.zsjanov.cz\/wp-content\/uploads\/2022\/08\/bucovice_logo_link.png\" alt=\"\" class=\"wp-image-1086\" width=\"745\" height=\"190\" srcset=\"https:\/\/www.zsjanov.cz\/wp-content\/uploads\/2022\/08\/bucovice_logo_link.png 580w, https:\/\/www.zsjanov.cz\/wp-content\/uploads\/2022\/08\/bucovice_logo_link-300x77.png 300w\" sizes=\"auto, (max-width: 745px) 100vw, 745px\" \/><\/figure>\n\n\n\n<p>R<strong>. \u010d. projektu: CZ.02.3.61\/0.0\/0.0\/16_012\/0000614<\/strong><\/p>\n\n\n\n<p><strong>Projekt je \u0159e\u0161en 1. 11. 2016 \u2013 31. 10. 2019<\/strong><\/p>\n\n\n\n<p>Projekt se zam\u011b\u0159uje na soci\u00e1ln\u00ed a ob\u010danskou gramotnost a exekutivn\u00ed dovednosti \u017e\u00e1k\u016f Z\u0160 v \u00dasteck\u00e9m, Jihomoravsk\u00e9m a Olomouck\u00e9m kraji. \u0158e\u0161ena je povinn\u011b-voliteln\u00e1 aktivita IV a voliteln\u00e1 aktivita II.&nbsp; Ak\u010dn\u00ed v\u00fdzkumy identifikuj\u00ed nedostatky v metod\u00e1ch z\u00edsk\u00e1v\u00e1n\u00ed uveden\u00fdch gramotnost\u00ed a dovednost\u00ed, ov\u011b\u0159\u00ed stav na partnersk\u00fdch \u0161kol\u00e1ch a po pilotn\u00ed aplikaci inovativn\u00edch metod ov\u011b\u0159\u00ed \u00fa\u010dinnost a provede reflexi. Projekt zapojuje v\u00edce ne\u017e 50 % \u017e\u00e1k\u016f ze socioekonomicky znev\u00fdhodn\u011bn\u00e9ho a kulturn\u011b odli\u0161n\u00e9ho prost\u0159ed\u00ed.<\/p>\n\n\n\n<p>18. 10. 2018 prob\u011bhlo druh\u00e9 prezen\u010dn\u00ed setk\u00e1n\u00ed v Oseku. Pro d\u011bti byl op\u011bt p\u0159ichyst\u00e1n n\u00e1ro\u010dn\u00fd, ale velmi z\u00e1bavn\u00fd program. V prvn\u00ed \u010d\u00e1sti m\u011bli \u017e\u00e1ci mo\u017enost si vyzkou\u0161et hran\u00ed zn\u00e1m\u00fdch i nezn\u00e1m\u00fdch deskov\u00fdch her, pot\u00e9 n\u00e1sledovala pr\u00e1ce s ozoboty. Hitem dne ov\u0161em byla hra, kdy se d\u011bti s pomoc\u00ed tablet\u016f p\u0159emis\u0165ovali po Oseku a jeho v\u00fdznamn\u00fdch historick\u00fdch pam\u00e1tk\u00e1ch, kde plnili r\u016fznorod\u00e9 \u00fakoly. Program byl op\u011bt velice pestr\u00fd a d\u011bti p\u0159ijely velmi unaven\u00e9, ale spokojen\u00e9.<\/p>\n\n\n\n<figure class=\"wp-block-image\"><img decoding=\"async\" src=\"http:\/\/www.zsjanov.cz\/data\/uploads\/projekty\/bucovice\/2_setkani\/20181113_191700.jpg\" alt=\"\"\/><\/figure>\n\n\n\n<p>Dne 18. 06. 2018 se v r\u00e1mci projektu &#8222;Posilujme gramotnosti a dovednosti inovativn\u011b&#8220; uskute\u010dnilo prvn\u00ed setk\u00e1n\u00ed \u017e\u00e1k\u016f ze zapojen\u00fdch \u0161kol. Setk\u00e1n\u00ed se uskote\u010dnilo v DDM Osek. Na \u017e\u00e1ky zde \u010dekalo mnoho aktivit, kter\u00fdch se dle harmonohramu z\u00fa\u010dastnili. Nejv\u011bt\u0161\u00edm hitem ov\u0161em byla aktivita &#8222;Hra Rodina&#8220;, kde se skupinky &#8211; rodiny &#8211; slo\u017een\u00e9 s \u017e\u00e1k\u016f san\u017eily dos\u00e1hnout spole\u010dn\u011b \u00fasp\u011bchu dle zadan\u00e9ho kl\u00ed\u010de. Na\u0161i \u017e\u00e1ci se um\u00edstili na kr\u00e1sn\u00e9m 1. 2. a 4. m\u00edst\u011b. Mezi da\u0161\u00ed aktivity pat\u0159ily v\u00fdtvarn\u00e9 d\u00edlny, kde rodiny vyr\u00e1b\u011bly m\u011bsto a dal\u0161\u00ed, nem\u00e9n\u011b n\u00e1ro\u010dnou aktivitou byl n\u00e1cvik spole\u010dn\u00e9 choreografie k tanci, kter\u00fd si \u017e\u00e1ci p\u0159ed odjezdem spol\u011b\u010dn\u011b zatan\u010dily.<\/p>\n\n\n\n<figure class=\"wp-block-image\"><img decoding=\"async\" src=\"http:\/\/www.zsjanov.cz\/data\/thumbs\/projekty\/bucovice\/18_06_18_prvnisetkanideti\/i18npic.150x110.osek_prvni_setkani-1.jpg\" alt=\"\"\/><\/figure>\n\n\n\n<p><a href=\"http:\/\/www.zsjanov.cz\/data\/uploads\/projekty\/bucovice\/18_06_18_prvnisetkanideti\/osek_prvni_setkani-1.jpg\"><\/a><\/p>\n\n\n\n<figure class=\"wp-block-image\"><img decoding=\"async\" src=\"http:\/\/www.zsjanov.cz\/data\/thumbs\/projekty\/bucovice\/18_06_18_prvnisetkanideti\/i18npic.150x110.osek_prvni_setkani-2.jpg\" alt=\"\"\/><\/figure>\n\n\n\n<p><a href=\"http:\/\/www.zsjanov.cz\/data\/uploads\/projekty\/bucovice\/18_06_18_prvnisetkanideti\/osek_prvni_setkani-2.jpg\"><\/a><\/p>\n\n\n\n<figure class=\"wp-block-image\"><img decoding=\"async\" src=\"http:\/\/www.zsjanov.cz\/data\/thumbs\/projekty\/bucovice\/18_06_18_prvnisetkanideti\/i18npic.150x110.osek_prvni_setkani-3.jpg\" alt=\"\"\/><\/figure>\n\n\n\n<p><a href=\"http:\/\/www.zsjanov.cz\/data\/uploads\/projekty\/bucovice\/18_06_18_prvnisetkanideti\/osek_prvni_setkani-3.jpg\"><\/a><\/p>\n\n\n\n<p><a href=\"http:\/\/www.zsjanov.cz\/projekty\/posilujeme-gramotnosti-a-dovednosti-inovativn\/#\">1<\/a><a href=\"http:\/\/www.zsjanov.cz\/projekty\/posilujeme-gramotnosti-a-dovednosti-inovativn\/#\">2<\/a><a href=\"http:\/\/www.zsjanov.cz\/projekty\/posilujeme-gramotnosti-a-dovednosti-inovativn\/#\">3<\/a><a href=\"http:\/\/www.zsjanov.cz\/projekty\/posilujeme-gramotnosti-a-dovednosti-inovativn\/#\">4<\/a><a href=\"http:\/\/www.zsjanov.cz\/projekty\/posilujeme-gramotnosti-a-dovednosti-inovativn\/#\">5<\/a><a href=\"http:\/\/www.zsjanov.cz\/projekty\/posilujeme-gramotnosti-a-dovednosti-inovativn\/#\">6<\/a><a href=\"http:\/\/www.zsjanov.cz\/projekty\/posilujeme-gramotnosti-a-dovednosti-inovativn\/#\">7<\/a><a href=\"http:\/\/www.zsjanov.cz\/projekty\/posilujeme-gramotnosti-a-dovednosti-inovativn\/#\">8<\/a><a href=\"http:\/\/www.zsjanov.cz\/projekty\/posilujeme-gramotnosti-a-dovednosti-inovativn\/#\">9<\/a><a href=\"http:\/\/www.zsjanov.cz\/projekty\/posilujeme-gramotnosti-a-dovednosti-inovativn\/#\">10<\/a><\/p>\n","protected":false},"excerpt":{"rendered":"<p>R. \u010d. projektu: CZ.02.3.61\/0.0\/0.0\/16_012\/0000614 Projekt je \u0159e\u0161en 1. 11. 2016 \u2013 31. 10. 2019 Projekt se zam\u011b\u0159uje na soci\u00e1ln\u00ed a &hellip; <\/p>\n","protected":false},"author":1,"featured_media":0,"parent":386,"menu_order":-1,"comment_status":"closed","ping_status":"closed","template":"","meta":{"footnotes":""},"class_list":["post-1357","page","type-page","status-publish","hentry","latest_post"],"_links":{"self":[{"href":"https:\/\/www.zsjanov.cz\/index.php?rest_route=\/wp\/v2\/pages\/1357","targetHints":{"allow":["GET"]}}],"collection":[{"href":"https:\/\/www.zsjanov.cz\/index.php?rest_route=\/wp\/v2\/pages"}],"about":[{"href":"https:\/\/www.zsjanov.cz\/index.php?rest_route=\/wp\/v2\/types\/page"}],"author":[{"embeddable":true,"href":"https:\/\/www.zsjanov.cz\/index.php?rest_route=\/wp\/v2\/users\/1"}],"replies":[{"embeddable":true,"href":"https:\/\/www.zsjanov.cz\/index.php?rest_route=%2Fwp%2Fv2%2Fcomments&post=1357"}],"version-history":[{"count":1,"href":"https:\/\/www.zsjanov.cz\/index.php?rest_route=\/wp\/v2\/pages\/1357\/revisions"}],"predecessor-version":[{"id":1358,"href":"https:\/\/www.zsjanov.cz\/index.php?rest_route=\/wp\/v2\/pages\/1357\/revisions\/1358"}],"up":[{"embeddable":true,"href":"https:\/\/www.zsjanov.cz\/index.php?rest_route=\/wp\/v2\/pages\/386"}],"wp:attachment":[{"href":"https:\/\/www.zsjanov.cz\/index.php?rest_route=%2Fwp%2Fv2%2Fmedia&parent=1357"}],"curies":[{"name":"wp","href":"https:\/\/api.w.org\/{rel}","templated":true}]}}