{"id":1369,"date":"2022-08-11T20:41:23","date_gmt":"2022-08-11T18:41:23","guid":{"rendered":"http:\/\/test.zsjanov.cz\/?page_id=1369"},"modified":"2022-08-11T20:41:24","modified_gmt":"2022-08-11T18:41:24","slug":"zustante-s-nami-po-skole-aneb-rozvoj-kompetenci-zaku-v-usteckem-a-karlovarskem-kraji","status":"publish","type":"page","link":"https:\/\/www.zsjanov.cz\/?page_id=1369","title":{"rendered":"Z\u016fsta\u0148te s n\u00e1mi po \u0161kole aneb Rozvoj kompetenc\u00ed \u017e\u00e1k\u016f v \u00dasteck\u00e9m a Karlovarsk\u00e9m kraji"},"content":{"rendered":"\n<p>\u010c\u00edslo projektu: CZ.02.3.61\/0.0\/16_012\/0000615<br>Opera\u010dn\u00ed program V\u00fdzkum, v\u00fdvoj a vzd\u011bl\u00e1v\u00e1n\u00ed<br>V\u00fdzva \u010d\u00edslo: 02_16_012 pro Gramotnosti v prioritn\u00ed ose 3 OP<br>Doba realizace: 01. 02. 2017 &#8211; 31. 01. 2020 (36 m\u011bs\u00edc\u016f)<\/p>\n\n\n\n<p>Projekt je zam\u011b\u0159en na c\u00edlenou podporu \u017e\u00e1k\u016f s c\u00edlov\u00fdch skupin v oblasti extrakulikul\u00e1rn\u00edch aktivit v prost\u0159ed\u00ed dvou st\u0159edn\u00edch a 12 z\u00e1kladn\u00edch \u0161kol v \u00dasteck\u00e9m a Karlovarsk\u00e9m kraji. Na v\u0161ech \u0161kol\u00e1ch se vzd\u011bl\u00e1vaj\u00ed a budou tedy zapojeni \u017e\u00e1ci ze socio &#8211; ekonomicky znev\u00fdhodn\u011bn\u00e9ho a kulturn\u011b odli\u0161n\u00ed\u00e9ho prost\u0159ed\u00ed, kte\u0159\u00ed budou m\u00edt na v\u00fdb\u011br ze \u0161esti kl\u00ed\u010dov\u00fdch aktivit.<\/p>\n\n\n\n<p>Na\u0161e \u0161kola je partnerem tohoto projektu v r\u00e1mci kter\u00e9ho otev\u0159eme: Dva Kluby siln\u00fdch &#8211; Bu\u010f on-line a Krou\u017eek fyzick\u00e9 a psychick\u00e9 zdatnosti &#8222;Zamak\u00e1me a u\u017eijeme si to&#8220;<\/p>\n\n\n\n<p>Dne 22.11. 2018 prob\u011bhlo ji\u017e druh\u00e9 <a href=\"http:\/\/www.zsjanov.cz\/data\/uploads\/gallery\/projekty\/chomutov_2_setkani\/setkani-s-youtubery-2.pdf\">setk\u00e1n\u00ed s YouTubery<\/a> v chomutovsk\u00e9m kin\u011b Sv\u011bt. Na \u017e\u00e1ky zde \u010dekala stanovi\u0161t\u011b, ve kter\u00fdch mohli vyzkou\u0161et sv\u00e9 hern\u00ed um\u011bn\u00ed, ale tak\u00e9 setk\u00e1n\u00ed pr\u00e1v\u011b s YouTubery, na kter\u00e9 se v\u0161ichni t\u011b\u0161ili. Sou\u010d\u00e1st\u00ed samoz\u0159ejm\u011b byla p\u0159ehl\u00eddka sout\u011b\u017en\u00edch vide\u00ed, kter\u00e1 si m\u016f\u017eete prohl\u00e1dnout v n\u00e1sleduj\u00edc\u00edm odkazu a nezapome\u0148te hlasovat pro na\u0161i \u0161kolu.<\/p>\n\n\n\n<p><a href=\"http:\/\/www.esoz.cz\/hlasovani-o-nejzajimavejsi-video-2018\/\">http:\/\/www.esoz.cz\/hlasovani-o-nejzajimavejsi-video-2018\/<\/a><\/p>\n\n\n\n<figure class=\"wp-block-image\"><img decoding=\"async\" src=\"http:\/\/www.zsjanov.cz\/data\/thumbs\/gallery\/projekty\/chomutov_2_setkani\/i18npic.150x110.p_20181122_100120.jpg\" alt=\"\"\/><\/figure>\n\n\n\n<p><a href=\"http:\/\/www.zsjanov.cz\/data\/uploads\/gallery\/projekty\/chomutov_2_setkani\/p_20181122_100120.jpg\"><\/a><\/p>\n\n\n\n<figure class=\"wp-block-image\"><img decoding=\"async\" src=\"http:\/\/www.zsjanov.cz\/data\/thumbs\/gallery\/projekty\/chomutov_2_setkani\/i18npic.150x110.p_20181122_100209.jpg\" alt=\"\"\/><\/figure>\n\n\n\n<p><a href=\"http:\/\/www.zsjanov.cz\/data\/uploads\/gallery\/projekty\/chomutov_2_setkani\/p_20181122_100209.jpg\"><\/a><\/p>\n\n\n\n<figure class=\"wp-block-image\"><img decoding=\"async\" src=\"http:\/\/www.zsjanov.cz\/data\/thumbs\/gallery\/projekty\/chomutov_2_setkani\/i18npic.150x110.p_20181122_103700.jpg\" alt=\"\"\/><\/figure>\n\n\n\n<p><a href=\"http:\/\/www.zsjanov.cz\/data\/uploads\/gallery\/projekty\/chomutov_2_setkani\/p_20181122_103700.jpg\"><\/a><\/p>\n\n\n\n<p>26. 6. 2018 se uskute\u010dnilo druh\u00e9 setk\u00e1n\u00ed sportovc\u016f z krou\u017eku fyzick\u00e9 a psychick\u00e9 zdatnosti, tentokr\u00e1t na Kamencov\u00e9m jeze\u0159e v Chomutov\u011b. Sout\u011b\u017eilo se na \u0161lapadlech, kolob\u011b\u017ek\u00e1ch, paddleboardu a v jin\u00fdch vodn\u00edch hr\u00e1tk\u00e1ch .<\/p>\n\n\n\n<figure class=\"wp-block-image\"><img decoding=\"async\" src=\"http:\/\/www.zsjanov.cz\/data\/thumbs\/bud-online\/vyjezd_cerven_18\/i18npic.150x110.chomutov_06_18-1.jpg\" alt=\"\"\/><\/figure>\n\n\n\n<p><a href=\"http:\/\/www.zsjanov.cz\/data\/uploads\/bud-online\/vyjezd_cerven_18\/chomutov_06_18-1.jpg\"><\/a><\/p>\n\n\n\n<figure class=\"wp-block-image\"><img decoding=\"async\" src=\"http:\/\/www.zsjanov.cz\/data\/thumbs\/bud-online\/vyjezd_cerven_18\/i18npic.150x110.chomutov_06_18-2.jpg\" alt=\"\"\/><\/figure>\n\n\n\n<p><a href=\"http:\/\/www.zsjanov.cz\/data\/uploads\/bud-online\/vyjezd_cerven_18\/chomutov_06_18-2.jpg\"><\/a><\/p>\n\n\n\n<figure class=\"wp-block-image\"><img decoding=\"async\" src=\"http:\/\/www.zsjanov.cz\/data\/thumbs\/bud-online\/vyjezd_cerven_18\/i18npic.150x110.chomutov_06_18-3.jpg\" alt=\"\"\/><\/figure>\n\n\n\n<p><a href=\"http:\/\/www.zsjanov.cz\/data\/uploads\/bud-online\/vyjezd_cerven_18\/chomutov_06_18-3.jpg\"><\/a><\/p>\n\n\n\n<p>Dne 27. 6. 2017 se v r\u00e1mci projektu: &#8220; Z\u016fsta\u0148te s n\u00e1mi po \u0161kole!&#8220; uskute\u010dnilo setk\u00e1n\u00ed \u017e\u00e1k\u016f z krou\u017eku Fyzick\u00e9 a psychick\u00e9 zdatnosti a Bu\u010f online v Chomutov\u011b, kde jsme pom\u011b\u0159ili sv\u00e9 s\u00edly s ostatn\u00edmi \u0161kolami. Mohli jsme si vyzkou\u0161et st\u0159elbu vzduchovkou, orienta\u010dn\u00ed b\u011bh, hlavolamy, hod na c\u00edl, obratnost na ch\u016fd\u00e1ch a rychlost v opi\u010d\u00ed dr\u00e1ze, koordinaci, hod na c\u00edl&#8230;.Byl to kr\u00e1sn\u00fd den a na\u0161e \u0161kola vybojovala \u00fa\u017easn\u00e9 2. m\u00edsto!\u00a0<\/p>\n\n\n\n<p>Pod\u011bkov\u00e1n\u00ed a gratulace pat\u0159\u00ed Ivet\u011b Gab\u010dov\u00e9, G\u00e1bin\u011b \u010carn\u00e9, Dominiku Gab\u010dovi, S\u00e1\u0159e a K\u00e1je Horv\u00e1thov\u00e9, Nikole Bil\u00e9, Dian\u011b Sendreiov\u00e9, Sarah Loudov\u00e9, Dominice Gab\u010dov\u00e9, Iren\u011b Pokutov\u00e9 a Dominice Gab\u010dov\u00e9.<\/p>\n\n\n\n<figure class=\"wp-block-image\"><img decoding=\"async\" src=\"http:\/\/www.zsjanov.cz\/data\/thumbs\/bud-online\/vyjezd_cerven_17\/i18npic.150x110.20170627_093222.jpg\" alt=\"\"\/><\/figure>\n\n\n\n<p><a href=\"http:\/\/www.zsjanov.cz\/data\/uploads\/bud-online\/vyjezd_cerven_17\/20170627_093222.jpg\"><\/a><\/p>\n\n\n\n<figure class=\"wp-block-image\"><img decoding=\"async\" src=\"http:\/\/www.zsjanov.cz\/data\/thumbs\/bud-online\/vyjezd_cerven_17\/i18npic.150x110.20170627_094428.jpg\" alt=\"\"\/><\/figure>\n\n\n\n<p><a href=\"http:\/\/www.zsjanov.cz\/data\/uploads\/bud-online\/vyjezd_cerven_17\/20170627_094428.jpg\"><\/a><\/p>\n","protected":false},"excerpt":{"rendered":"<p>\u010c\u00edslo projektu: CZ.02.3.61\/0.0\/16_012\/0000615Opera\u010dn\u00ed program V\u00fdzkum, v\u00fdvoj a vzd\u011bl\u00e1v\u00e1n\u00edV\u00fdzva \u010d\u00edslo: 02_16_012 pro Gramotnosti v prioritn\u00ed ose 3 OPDoba realizace: 01. 02. &hellip; <\/p>\n","protected":false},"author":1,"featured_media":0,"parent":386,"menu_order":-1,"comment_status":"closed","ping_status":"closed","template":"","meta":{"footnotes":""},"class_list":["post-1369","page","type-page","status-publish","hentry","latest_post"],"_links":{"self":[{"href":"https:\/\/www.zsjanov.cz\/index.php?rest_route=\/wp\/v2\/pages\/1369","targetHints":{"allow":["GET"]}}],"collection":[{"href":"https:\/\/www.zsjanov.cz\/index.php?rest_route=\/wp\/v2\/pages"}],"about":[{"href":"https:\/\/www.zsjanov.cz\/index.php?rest_route=\/wp\/v2\/types\/page"}],"author":[{"embeddable":true,"href":"https:\/\/www.zsjanov.cz\/index.php?rest_route=\/wp\/v2\/users\/1"}],"replies":[{"embeddable":true,"href":"https:\/\/www.zsjanov.cz\/index.php?rest_route=%2Fwp%2Fv2%2Fcomments&post=1369"}],"version-history":[{"count":1,"href":"https:\/\/www.zsjanov.cz\/index.php?rest_route=\/wp\/v2\/pages\/1369\/revisions"}],"predecessor-version":[{"id":1370,"href":"https:\/\/www.zsjanov.cz\/index.php?rest_route=\/wp\/v2\/pages\/1369\/revisions\/1370"}],"up":[{"embeddable":true,"href":"https:\/\/www.zsjanov.cz\/index.php?rest_route=\/wp\/v2\/pages\/386"}],"wp:attachment":[{"href":"https:\/\/www.zsjanov.cz\/index.php?rest_route=%2Fwp%2Fv2%2Fmedia&parent=1369"}],"curies":[{"name":"wp","href":"https:\/\/api.w.org\/{rel}","templated":true}]}}