{"id":1378,"date":"2022-08-11T20:51:21","date_gmt":"2022-08-11T18:51:21","guid":{"rendered":"http:\/\/test.zsjanov.cz\/?page_id=1378"},"modified":"2022-08-11T20:51:22","modified_gmt":"2022-08-11T18:51:22","slug":"sluzby-rodicum","status":"publish","type":"page","link":"https:\/\/www.zsjanov.cz\/?page_id=1378","title":{"rendered":"Slu\u017eby rodi\u010d\u016fm"},"content":{"rendered":"\n<figure class=\"wp-block-image size-large\"><img loading=\"lazy\" decoding=\"async\" width=\"1024\" height=\"212\" src=\"http:\/\/test.zsjanov.cz\/wp-content\/uploads\/2022\/08\/logo-opz-barevne-1024x212.jpg\" alt=\"\" class=\"wp-image-1032\" srcset=\"https:\/\/www.zsjanov.cz\/wp-content\/uploads\/2022\/08\/logo-opz-barevne-1024x212.jpg 1024w, https:\/\/www.zsjanov.cz\/wp-content\/uploads\/2022\/08\/logo-opz-barevne-300x62.jpg 300w, https:\/\/www.zsjanov.cz\/wp-content\/uploads\/2022\/08\/logo-opz-barevne-768x159.jpg 768w, https:\/\/www.zsjanov.cz\/wp-content\/uploads\/2022\/08\/logo-opz-barevne-1536x318.jpg 1536w, https:\/\/www.zsjanov.cz\/wp-content\/uploads\/2022\/08\/logo-opz-barevne.jpg 1703w\" sizes=\"auto, (max-width: 1024px) 100vw, 1024px\" \/><\/figure>\n\n\n\n<p><a href=\"http:\/\/www.zsjanov.cz\/sluby-rodim\/fotogalerie-k-projektu-sluby-rodim\/\">Fotogalerie<\/a><\/p>\n\n\n\n<p>Dne 1.9. 2016 byl zah\u00e1jen projekt &#8222;Slu\u017eby rodi\u010d\u016fm v \u00dasteck\u00e9m kraji&#8220;&nbsp; s reg. \u010d\u00edslem<\/p>\n\n\n\n<p>CZ.03.1.51\/0.0.\/0.0\/15_013\/0000079, kter\u00fd je zam\u011b\u0159en na nab\u00eddku slu\u017eeb rodi\u010d\u016fm<\/p>\n\n\n\n<p>ve form\u011b zaji\u0161t\u011bn\u00ed p\u00e9\u010de o d\u011bti 1. stupn\u011b z\u00e1kladn\u00edch \u0161kol v regionech Mostecka, Litv\u00ednovska, Chomutovska.<\/p>\n\n\n\n<p>V r\u00e1mci projektu jsou od z\u00e1\u0159\u00ed 2016 nab\u00edzeny zdarma slu\u017eby d\u011btsk\u00fdch klub\u016f funguj\u00edc\u00edch<\/p>\n\n\n\n<p>p\u0159i z\u00e1kladn\u00edch \u0161kol\u00e1ch a v dob\u011b hlavn\u00edch i vedlej\u0161\u00edch \u0161koln\u00edch pr\u00e1zdnin pak r\u016fzn\u00e9 druhy p\u0159\u00edm\u011bstsk\u00fdch t\u00e1bor\u016f.&nbsp;<\/p>\n\n\n\n<p>Tyto slu\u017eby umo\u017en\u00ed rodi\u010d\u016fm, aby mohli bez komplikac\u00ed b\u00fdt \u00fa\u010dastni na trhu pr\u00e1ce pop\u0159. aktivn\u011b hledat nov\u00e9 pracovn\u00ed uplatn\u011bn\u00ed.<\/p>\n\n\n\n<p>P\u0159i na\u0161\u00ed \u0161kole je d\u011btsk\u00fd klub otev\u0159en od 6:30 \u2013 8:00 a od 11:30 do 17:00 hod.<\/p>\n\n\n\n<p>Z\u00e1rove\u0148 po\u0159\u00e1d\u00e1me p\u0159\u00edm\u011bstsk\u00e9 t\u00e1bory v dob\u011b pr\u00e1zdnin.<\/p>\n\n\n\n<p>Kontaktn\u00ed osoba: Tereza \u0160t\u011bpni\u010dkov\u00e1, tel. 722 782 786<\/p>\n","protected":false},"excerpt":{"rendered":"<p>Fotogalerie Dne 1.9. 2016 byl zah\u00e1jen projekt &#8222;Slu\u017eby rodi\u010d\u016fm v \u00dasteck\u00e9m kraji&#8220;&nbsp; s reg. \u010d\u00edslem CZ.03.1.51\/0.0.\/0.0\/15_013\/0000079, kter\u00fd je zam\u011b\u0159en na &hellip; <\/p>\n","protected":false},"author":1,"featured_media":0,"parent":386,"menu_order":-1,"comment_status":"closed","ping_status":"closed","template":"","meta":{"footnotes":""},"class_list":["post-1378","page","type-page","status-publish","hentry","latest_post"],"_links":{"self":[{"href":"https:\/\/www.zsjanov.cz\/index.php?rest_route=\/wp\/v2\/pages\/1378","targetHints":{"allow":["GET"]}}],"collection":[{"href":"https:\/\/www.zsjanov.cz\/index.php?rest_route=\/wp\/v2\/pages"}],"about":[{"href":"https:\/\/www.zsjanov.cz\/index.php?rest_route=\/wp\/v2\/types\/page"}],"author":[{"embeddable":true,"href":"https:\/\/www.zsjanov.cz\/index.php?rest_route=\/wp\/v2\/users\/1"}],"replies":[{"embeddable":true,"href":"https:\/\/www.zsjanov.cz\/index.php?rest_route=%2Fwp%2Fv2%2Fcomments&post=1378"}],"version-history":[{"count":1,"href":"https:\/\/www.zsjanov.cz\/index.php?rest_route=\/wp\/v2\/pages\/1378\/revisions"}],"predecessor-version":[{"id":1379,"href":"https:\/\/www.zsjanov.cz\/index.php?rest_route=\/wp\/v2\/pages\/1378\/revisions\/1379"}],"up":[{"embeddable":true,"href":"https:\/\/www.zsjanov.cz\/index.php?rest_route=\/wp\/v2\/pages\/386"}],"wp:attachment":[{"href":"https:\/\/www.zsjanov.cz\/index.php?rest_route=%2Fwp%2Fv2%2Fmedia&parent=1378"}],"curies":[{"name":"wp","href":"https:\/\/api.w.org\/{rel}","templated":true}]}}