{"id":1525,"date":"2022-08-22T14:57:51","date_gmt":"2022-08-22T12:57:51","guid":{"rendered":"http:\/\/www.zsjanov.cz\/?page_id=1525"},"modified":"2024-05-06T09:48:08","modified_gmt":"2024-05-06T07:48:08","slug":"narodni-plan-obnovy","status":"publish","type":"page","link":"https:\/\/www.zsjanov.cz\/?page_id=1525","title":{"rendered":"N\u00e1rodn\u00ed pl\u00e1n obnovy"},"content":{"rendered":"\n<h2 class=\"wp-block-heading\">Dou\u010dov\u00e1n\u00ed<\/h2>\n\n\n\n<div class=\"wp-block-group\"><div class=\"wp-block-group__inner-container is-layout-flow wp-block-group-is-layout-flow\">\n<div class=\"wp-block-group\"><div class=\"wp-block-group__inner-container is-layout-flow wp-block-group-is-layout-flow\">\n<div class=\"wp-block-columns is-layout-flex wp-container-core-columns-is-layout-9d6595d7 wp-block-columns-is-layout-flex\">\n<div class=\"wp-block-column is-layout-flow wp-block-column-is-layout-flow\" style=\"flex-basis:100%\">\n<div class=\"wp-block-group\"><div class=\"wp-block-group__inner-container is-layout-flow wp-block-group-is-layout-flow\">\n<div class=\"wp-block-columns is-layout-flex wp-container-core-columns-is-layout-9d6595d7 wp-block-columns-is-layout-flex\">\n<div class=\"wp-block-column is-layout-flow wp-block-column-is-layout-flow\" style=\"flex-basis:33.33%\">\n<figure class=\"wp-block-image size-medium is-resized\"><img loading=\"lazy\" decoding=\"async\" width=\"300\" height=\"134\" src=\"http:\/\/www.zsjanov.cz\/wp-content\/uploads\/2022\/08\/logo_narodniplanobnovy-300x134.png\" alt=\"\" class=\"wp-image-1112\" style=\"width:150px;height:67px\" srcset=\"https:\/\/www.zsjanov.cz\/wp-content\/uploads\/2022\/08\/logo_narodniplanobnovy-300x134.png 300w, https:\/\/www.zsjanov.cz\/wp-content\/uploads\/2022\/08\/logo_narodniplanobnovy-768x344.png 768w, https:\/\/www.zsjanov.cz\/wp-content\/uploads\/2022\/08\/logo_narodniplanobnovy.png 788w\" sizes=\"auto, (max-width: 300px) 100vw, 300px\" \/><\/figure>\n<\/div>\n\n\n\n<div class=\"wp-block-column is-layout-flow wp-block-column-is-layout-flow\" style=\"flex-basis:33.33%\">\n<figure class=\"wp-block-image size-medium is-resized\"><img loading=\"lazy\" decoding=\"async\" width=\"300\" height=\"149\" src=\"http:\/\/www.zsjanov.cz\/wp-content\/uploads\/2022\/08\/loigo_msmt-300x149.png\" alt=\"\" class=\"wp-image-1113\" style=\"width:150px;height:75px\" srcset=\"https:\/\/www.zsjanov.cz\/wp-content\/uploads\/2022\/08\/loigo_msmt-300x149.png 300w, https:\/\/www.zsjanov.cz\/wp-content\/uploads\/2022\/08\/loigo_msmt.png 628w\" sizes=\"auto, (max-width: 300px) 100vw, 300px\" \/><\/figure>\n<\/div>\n\n\n\n<div class=\"wp-block-column is-layout-flow wp-block-column-is-layout-flow\" style=\"flex-basis:33.33%\">\n<figure class=\"wp-block-image size-medium is-resized\"><img loading=\"lazy\" decoding=\"async\" width=\"300\" height=\"80\" src=\"http:\/\/www.zsjanov.cz\/wp-content\/uploads\/2022\/08\/logo_euNG-1-300x80.png\" alt=\"\" class=\"wp-image-1526\" style=\"width:150px;height:40px\" srcset=\"https:\/\/www.zsjanov.cz\/wp-content\/uploads\/2022\/08\/logo_euNG-1-300x80.png 300w, https:\/\/www.zsjanov.cz\/wp-content\/uploads\/2022\/08\/logo_euNG-1-768x205.png 768w, https:\/\/www.zsjanov.cz\/wp-content\/uploads\/2022\/08\/logo_euNG-1.png 976w\" sizes=\"auto, (max-width: 300px) 100vw, 300px\" \/><\/figure>\n<\/div>\n<\/div>\n<\/div><\/div>\n<\/div>\n<\/div>\n<\/div><\/div>\n<\/div><\/div>\n\n\n\n<h2 class=\"wp-block-heading\">REALIZACE INVESTICE 3.2.3 N\u00c1RODN\u00cdHO PL\u00c1NU OBNOVY<\/h2>\n\n\n\n<p>Investice reaguje na pot\u0159ebu podpory vzd\u011bl\u00e1v\u00e1n\u00ed \u017e\u00e1k\u016f ohro\u017een\u00fdch \u0161koln\u00edm ne\u00fasp\u011bchem v reakci na nemo\u017enost realizace prezen\u010dn\u00ed v\u00fduky ve \u0161kol\u00e1ch b\u011bhem pandemie covid-19.<\/p>\n\n\n\n<p>Tato c\u00edlen\u00e1 podpora \u0161kol je zam\u011b\u0159ena na dou\u010dov\u00e1n\u00ed pot\u0159ebn\u00fdch \u017e\u00e1k\u016f formou individu\u00e1ln\u00edho nebo skupinov\u00e9ho dou\u010dov\u00e1n\u00ed. Investice reaguje na pot\u0159ebu podpory vzd\u011bl\u00e1v\u00e1n\u00ed \u017e\u00e1k\u016f ohro\u017een\u00fdch \u0161koln\u00edm ne\u00fasp\u011bchem v&nbsp;reakci na nemo\u017enost realizace prezen\u010dn\u00ed v\u00fduky ve \u0161kol\u00e1ch b\u011bhem pandemie covid-19.<\/p>\n\n\n\n<p>Financov\u00e1no Evropskou uni\u00ed \u2013 Next Generation EU<\/p>\n\n\n\n<p><a href=\"http:\/\/www.zsjanov.cz\/wp-content\/uploads\/2022\/08\/doucovani.pdf\" data-type=\"attachment\" data-id=\"1110\" target=\"_blank\" rel=\"noreferrer noopener\"><strong>Let\u00e1k<\/strong><\/a><\/p>\n\n\n\n<p><strong><a href=\"http:\/\/www.zsjanov.cz\/wp-content\/uploads\/2024\/05\/NPO_Distanc_vyuka-2020.pdf\" target=\"_blank\" rel=\"noreferrer noopener\">Let\u00e1k &#8211; distan\u010dn\u00ed v\u00fduka<\/a><\/strong><\/p>\n","protected":false},"excerpt":{"rendered":"<p>Dou\u010dov\u00e1n\u00ed REALIZACE INVESTICE 3.2.3 N\u00c1RODN\u00cdHO PL\u00c1NU OBNOVY Investice reaguje na pot\u0159ebu podpory vzd\u011bl\u00e1v\u00e1n\u00ed \u017e\u00e1k\u016f ohro\u017een\u00fdch \u0161koln\u00edm ne\u00fasp\u011bchem v reakci na &hellip; <\/p>\n","protected":false},"author":1,"featured_media":0,"parent":386,"menu_order":-1,"comment_status":"closed","ping_status":"closed","template":"","meta":{"footnotes":""},"class_list":["post-1525","page","type-page","status-publish","hentry","latest_post"],"_links":{"self":[{"href":"https:\/\/www.zsjanov.cz\/index.php?rest_route=\/wp\/v2\/pages\/1525","targetHints":{"allow":["GET"]}}],"collection":[{"href":"https:\/\/www.zsjanov.cz\/index.php?rest_route=\/wp\/v2\/pages"}],"about":[{"href":"https:\/\/www.zsjanov.cz\/index.php?rest_route=\/wp\/v2\/types\/page"}],"author":[{"embeddable":true,"href":"https:\/\/www.zsjanov.cz\/index.php?rest_route=\/wp\/v2\/users\/1"}],"replies":[{"embeddable":true,"href":"https:\/\/www.zsjanov.cz\/index.php?rest_route=%2Fwp%2Fv2%2Fcomments&post=1525"}],"version-history":[{"count":7,"href":"https:\/\/www.zsjanov.cz\/index.php?rest_route=\/wp\/v2\/pages\/1525\/revisions"}],"predecessor-version":[{"id":3126,"href":"https:\/\/www.zsjanov.cz\/index.php?rest_route=\/wp\/v2\/pages\/1525\/revisions\/3126"}],"up":[{"embeddable":true,"href":"https:\/\/www.zsjanov.cz\/index.php?rest_route=\/wp\/v2\/pages\/386"}],"wp:attachment":[{"href":"https:\/\/www.zsjanov.cz\/index.php?rest_route=%2Fwp%2Fv2%2Fmedia&parent=1525"}],"curies":[{"name":"wp","href":"https:\/\/api.w.org\/{rel}","templated":true}]}}