{"id":1541,"date":"2022-08-22T15:21:35","date_gmt":"2022-08-22T13:21:35","guid":{"rendered":"http:\/\/www.zsjanov.cz\/?page_id=1541"},"modified":"2023-12-04T11:00:33","modified_gmt":"2023-12-04T10:00:33","slug":"mistni-akcni-plan-vzdelavani-iii-orp-litvinov","status":"publish","type":"page","link":"https:\/\/www.zsjanov.cz\/?page_id=1541","title":{"rendered":"M\u00edstn\u00ed ak\u010dn\u00ed pl\u00e1n vzd\u011bl\u00e1v\u00e1n\u00ed III ORP Litv\u00ednov"},"content":{"rendered":"\n<figure class=\"wp-block-image size-full\"><a href=\"https:\/\/www.masnadeje.cz\/projekty-1\/mistni-akcni-plan-rozvoje-vzdelavani-iii-pro-orp-litvinov\/\" target=\"_blank\" rel=\"noreferrer noopener\"><img loading=\"lazy\" decoding=\"async\" width=\"647\" height=\"241\" src=\"http:\/\/www.zsjanov.cz\/wp-content\/uploads\/2022\/08\/map_logo-1.jpg\" alt=\"\" class=\"wp-image-1166\" srcset=\"https:\/\/www.zsjanov.cz\/wp-content\/uploads\/2022\/08\/map_logo-1.jpg 647w, https:\/\/www.zsjanov.cz\/wp-content\/uploads\/2022\/08\/map_logo-1-300x112.jpg 300w\" sizes=\"auto, (max-width: 647px) 100vw, 647px\" \/><\/a><\/figure>\n\n\n\n<p><a href=\"http:\/\/www.zsjanov.cz\/wp-content\/uploads\/2022\/08\/2022Informaceoprojektu-podkladprowebovestranky_MAPIII.docx\" data-type=\"attachment\" data-id=\"1150\">Informace<\/a><\/p>\n\n\n\n<p>Projekt \u201eM\u00edstn\u00ed ak\u010dn\u00ed pl\u00e1n rozvoje vzd\u011bl\u00e1v\u00e1n\u00ed III pro ORP Litv\u00ednov\u201c, nebo tak\u00e9 MAP III, je navazuj\u00edc\u00edm projektem m\u00edstn\u00edho ak\u010dn\u00edho pl\u00e1nu rozvoje vzd\u011bl\u00e1v\u00e1n\u00ed II pro ORP Litv\u00ednov. M\u00edstn\u00ed ak\u010dn\u00ed pl\u00e1n rozvoje vzd\u011bl\u00e1v\u00e1n\u00ed je strategick\u00fd dokument, zam\u011b\u0159uj\u00edc\u00ed se na oblast vzd\u011bl\u00e1v\u00e1n\u00ed na \u00farovni mate\u0159sk\u00fdch a z\u00e1kladn\u00edch \u0161kol pro konkr\u00e9tn\u00ed spr\u00e1vn\u00ed oblast obce s roz\u0161\u00ed\u0159enou p\u016fsobnost\u00ed, skl\u00e1daj\u00edc\u00ed se z podrobn\u00e9 anal\u00fdzy probl\u00e9m\u016f a pot\u0159eb v oblasti vzd\u011bl\u00e1vac\u00ed politiky v\u010d. shody zapojen\u00fdch subjekt\u016f na priorit\u00e1ch \u0159e\u0161en\u00e9 oblasti a n\u00e1vrhu konkr\u00e9tn\u00edch aktivit nutn\u00fdch pro rozvoj dan\u00e9ho \u00fazem\u00ed.<\/p>\n\n\n\n<p>Na jeho tvorb\u011b se pod\u00edl\u00ed v\u0161ichni kl\u00ed\u010dov\u00ed akt\u00e9\u0159i z oblasti \u0161kolstv\u00ed. V r\u00e1mci t\u00e9to tvorby doch\u00e1z\u00ed k vytv\u00e1\u0159en\u00ed komunika\u010dn\u00ed platformy mezi mate\u0159sk\u00fdmi \u0161kolami, z\u00e1kladn\u00edmi \u0161kolami a dal\u0161\u00edmi subjekty, maj\u00edc\u00ed vliv a z\u00e1jem o rozvoj v oblasti vzd\u011bl\u00e1vac\u00ed politiky. Do projektu je zapojeno celkem 15 subjekt\u016f.<\/p>\n\n\n\n<p>C\u00edlem projektu je zlep\u0161it kvalitu vzd\u011bl\u00e1v\u00e1n\u00ed v mate\u0159sk\u00fdch a z\u00e1kladn\u00edch \u0161kol\u00e1ch ve spolupr\u00e1ci s organizacemi neform\u00e1ln\u00edho a z\u00e1jmov\u00e9ho vzd\u011bl\u00e1v\u00e1n\u00ed na \u00fazem\u00ed ORP Litv\u00ednov podporou spolupr\u00e1ce z\u0159izovatel\u016f, \u0161kol a \u0161kolsk\u00fdch za\u0159\u00edzen\u00ed, pedagog\u016f, rodi\u010d\u016f a \u017e\u00e1k\u016f a v\u0161ech ostatn\u00edch akt\u00e9r\u016f v \u00fazem\u00ed.<\/p>\n\n\n\n<p>Na realizaci navazuj\u00edc\u00edho projektu se pod\u00edl\u00ed MAS Nad\u011bje o.p.s. jako\u017eto nositel projektu a m\u011bsto Litv\u00ednov z pozice partnera s finan\u010dn\u00edm p\u0159\u00edsp\u011bvkem.<\/p>\n\n\n<div><strong>Z\u00e1kladn\u00ed \u00fadaje o projektu<\/strong><\/div>\n<div><strong>Registra\u010dn\u00ed \u010d\u00edslo:<\/strong> CZ.02.3.68\/0.0\/0.0\/20_082\/0023025<\/div>\n<div><strong>Poskytovatel dotace:<\/strong> <u><br \/><\/u><\/div>\n<div>Ministerstvo \u0161kolstv\u00ed, ml\u00e1de\u017ee a t\u011blov\u00fdchovy \u010cR prost\u0159ednictv\u00edm Opera\u010dn\u00edho programu V\u00fdzkum, v\u00fdvoj a\u00a0vzd\u011bl\u00e1v\u00e1n\u00ed 2014\u20132020<\/div>\n<div><strong>Harmonogram:<\/strong><\/div>\n<div>od 1. kv\u011btna 2022 do 30. listopadu 2023<\/div>\n<div><strong>Financov\u00e1n\u00ed:<\/strong><\/div>\n<div>ex ante, 100% podpora, 0% spolu\u00fa\u010dast<\/div>\n<div><strong>Rozpo\u010det:<\/strong><\/div>\n<div>MAS Nad\u011bje o.p.s. \u00a0\u00a0\u00a0\u00a0\u00a0\u00a0\u00a0\u00a0\u00a0 1.583.064,73 K\u010d<\/div>\n<div>M\u011bsto Litv\u00ednov\u00a0\u00a0\u00a0 \u00a0\u00a0\u00a0\u00a0\u00a0\u00a0\u00a0\u00a0\u00a0\u00a0\u00a0 622.839,00 K\u010d<\/div>\n<div>Celkem\u00a0\u00a0\u00a0\u00a0\u00a0\u00a0\u00a0\u00a0\u00a0\u00a0\u00a0\u00a0\u00a0 \u00a0\u00a0\u00a0\u00a0\u00a0\u00a0\u00a0\u00a0\u00a0\u00a0\u00a0 2.205.903,73 K\u010d<\/div>\n<div><strong>Webov\u00e9 str\u00e1nky:<\/strong><\/div>\n<div><a href=\"https:\/\/www.masnadeje.cz\/projekty\/mistni-akcni-plan-vzdelavani-iii-pro-orp-litvinov\/\" target=\"_blank\" rel=\"noopener\">https:\/\/www.masnadeje.cz\/projekty\/mistni-akcni-plan-vzdelavani-iii-pro-orp-litvinov\/<\/a><\/div>\n<div><strong>E-mailov\u00fd kontakt:<\/strong><\/div>\n<div><a href=\"mailto:mapiilitvinova@gmail.com\">mapiilitvinova@gmail.com<\/a><\/div>\n<div>Telefonn\u00ed kontakt: (+420) 775 250 233\u00a0\u00a0\u00a0\u00a0\u00a0\u00a0 Ing. Kamila Rej\u010dov\u00e1 \u2013 \u0159editelka MAS Nad\u011bje o.p.s.<\/div>\n\n\n<p><\/p>\n\n\n\n<p><a href=\"http:\/\/www.zsjanov.cz\/wp-content\/uploads\/2023\/12\/MAPIII_5_TZ_202311.pdf\" data-type=\"attachment\" data-id=\"2508\" target=\"_blank\" rel=\"noreferrer noopener\">Tiskov\u00e1 zpr\u00e1va \u010d. 5<\/a><\/p>\n\n\n\n<p><a href=\"http:\/\/www.zsjanov.cz\/wp-content\/uploads\/2023\/10\/MAPIII_4TZ_202310.pdf\" data-type=\"link\" data-id=\"http:\/\/www.zsjanov.cz\/wp-content\/uploads\/2023\/10\/MAPIII_4TZ_202310.pdf\">Tiskov\u00e1 zpr\u00e1va \u010d. 4<\/a><\/p>\n\n\n\n<p><a href=\"http:\/\/www.zsjanov.cz\/wp-content\/uploads\/2023\/03\/MAPIII_3_TZ_2023.pdf\" data-type=\"attachment\" data-id=\"2071\" target=\"_blank\" rel=\"noreferrer noopener\">Tiskov\u00e1 zpr\u00e1va \u010d. 3<\/a><\/p>\n\n\n\n<p><a href=\"http:\/\/www.zsjanov.cz\/wp-content\/uploads\/2023\/01\/MAPIII_2_TZ_2023.pdf\" data-type=\"URL\" data-id=\"http:\/\/www.zsjanov.cz\/wp-content\/uploads\/2023\/01\/MAPIII_2_TZ_2023.pdf\">Tiskov\u00e1 zpr\u00e1va \u010d. 2<\/a><\/p>\n\n\n\n<p><a rel=\"noreferrer noopener\" href=\"http:\/\/www.zsjanov.cz\/wp-content\/uploads\/2022\/10\/MAPIII_1_TZ_2022_10.pdf\" data-type=\"attachment\" data-id=\"1712\" target=\"_blank\">Tiskov\u00e1 zpr\u00e1va \u010d. 1<\/a><\/p>\n","protected":false},"excerpt":{"rendered":"<p>Informace Projekt \u201eM\u00edstn\u00ed ak\u010dn\u00ed pl\u00e1n rozvoje vzd\u011bl\u00e1v\u00e1n\u00ed III pro ORP Litv\u00ednov\u201c, nebo tak\u00e9 MAP III, je navazuj\u00edc\u00edm projektem m\u00edstn\u00edho ak\u010dn\u00edho &hellip; <\/p>\n","protected":false},"author":1,"featured_media":0,"parent":386,"menu_order":-1,"comment_status":"closed","ping_status":"closed","template":"","meta":{"footnotes":""},"class_list":["post-1541","page","type-page","status-publish","hentry","latest_post"],"_links":{"self":[{"href":"https:\/\/www.zsjanov.cz\/index.php?rest_route=\/wp\/v2\/pages\/1541","targetHints":{"allow":["GET"]}}],"collection":[{"href":"https:\/\/www.zsjanov.cz\/index.php?rest_route=\/wp\/v2\/pages"}],"about":[{"href":"https:\/\/www.zsjanov.cz\/index.php?rest_route=\/wp\/v2\/types\/page"}],"author":[{"embeddable":true,"href":"https:\/\/www.zsjanov.cz\/index.php?rest_route=\/wp\/v2\/users\/1"}],"replies":[{"embeddable":true,"href":"https:\/\/www.zsjanov.cz\/index.php?rest_route=%2Fwp%2Fv2%2Fcomments&post=1541"}],"version-history":[{"count":11,"href":"https:\/\/www.zsjanov.cz\/index.php?rest_route=\/wp\/v2\/pages\/1541\/revisions"}],"predecessor-version":[{"id":2509,"href":"https:\/\/www.zsjanov.cz\/index.php?rest_route=\/wp\/v2\/pages\/1541\/revisions\/2509"}],"up":[{"embeddable":true,"href":"https:\/\/www.zsjanov.cz\/index.php?rest_route=\/wp\/v2\/pages\/386"}],"wp:attachment":[{"href":"https:\/\/www.zsjanov.cz\/index.php?rest_route=%2Fwp%2Fv2%2Fmedia&parent=1541"}],"curies":[{"name":"wp","href":"https:\/\/api.w.org\/{rel}","templated":true}]}}