{"id":1572,"date":"2022-08-25T08:48:49","date_gmt":"2022-08-25T06:48:49","guid":{"rendered":"http:\/\/www.zsjanov.cz\/?page_id=1572"},"modified":"2025-09-11T15:47:32","modified_gmt":"2025-09-11T13:47:32","slug":"organizace-skolniho-roku","status":"publish","type":"page","link":"https:\/\/www.zsjanov.cz\/?page_id=1572","title":{"rendered":"Organizace \u0161koln\u00edho roku"},"content":{"rendered":"\n<p><strong>Za\u010d\u00e1tek \u0161koln\u00edho roku &#8211; 01. 09. 2025<\/strong><\/p>\n\n\n\n<p><strong>Konec 1. pololet\u00ed: <\/strong>p\u00e1tek 30.&nbsp;ledna 2026<\/p>\n\n\n\n<p><strong>Konec 2. pololet\u00ed:&nbsp;<\/strong>\u00fater\u00fd 30. \u010dervna 2026<\/p>\n\n\n\n<p><\/p>\n\n\n\n<h3 class=\"wp-block-heading has-pale-cyan-blue-background-color has-background\">P\u0159ehled pr\u00e1zdnin a st\u00e1tn\u00edch sv\u00e1tk\u016f na podzim 2025:<\/h3>\n\n\n\n<ul class=\"wp-block-list\">\n<li>28. z\u00e1\u0159\u00ed 2025 \u2013 ned\u011ble, Svat\u00fd V\u00e1clav, Den \u010desk\u00e9 st\u00e1tnosti<\/li>\n\n\n\n<li><strong>28. \u0159\u00edjna 2025<\/strong> &#8211; \u00fater\u00fd, Den vzniku samostatn\u00e9ho \u010deskoslovensk\u00e9ho st\u00e1tu<\/li>\n\n\n\n<li><strong>27. \u0159\u00edjna a 29. \u0159\u00edjna 2025<\/strong> \u2013 pond\u011bl\u00ed, st\u0159eda &#8211; podzimn\u00ed pr\u00e1zdniny<\/li>\n\n\n\n<li><strong>30. \u0159\u00edjna a 31. \u0159\u00edjna 2025<\/strong> &#8211; den volna \u0159editelky \u0161koly<\/li>\n\n\n\n<li><strong>17. listopadu 202<\/strong>5\u00a0\u2013 pond\u011bl\u00ed, Den boje za svobodu a demokracii<\/li>\n<\/ul>\n\n\n\n<h3 class=\"wp-block-heading has-pale-cyan-blue-background-color has-background\">V\u00e1no\u010dn\u00ed pr\u00e1zdniny ve \u0161koln\u00edm roce 2025\/2026<\/h3>\n\n\n\n<ul class=\"wp-block-list\">\n<li><strong>22. prosince 2025 &#8211; 02. ledna 2026<\/strong><\/li>\n\n\n\n<li>Vysv\u011bd\u010den\u00ed s hodnocen\u00edm za prvn\u00ed pololet\u00ed bude \u017e\u00e1k\u016fm p\u0159ed\u00e1no <strong>ve \u010dtvrtek 29. ledna 2026.<\/strong><\/li>\n\n\n\n<li>Jednodenn\u00ed pololetn\u00ed pr\u00e1zdniny p\u0159ipadnou na <strong>p\u00e1tek 30. ledna 2026.<\/strong><\/li>\n<\/ul>\n\n\n\n<h3 class=\"wp-block-heading has-pale-cyan-blue-background-color has-background\">Jarn\u00ed pr\u00e1zdniny ve \u0161koln\u00edm roce 2025\/2026:<\/h3>\n\n\n\n<ul class=\"wp-block-list\">\n<li><strong>2. \u00fanora &#8211; 8. \u00fanora 2026<\/strong><\/li>\n<\/ul>\n\n\n\n<h3 class=\"wp-block-heading has-pale-cyan-blue-background-color has-background\">Velikonoce a velikono\u010dn\u00ed pr\u00e1zdniny ve \u0161koln\u00edm roce 2025\/2026<\/h3>\n\n\n\n<ul class=\"wp-block-list\">\n<li><strong>02. dubna a\u017e 06. dubna 2025<\/strong><\/li>\n<\/ul>\n\n\n\n<h3 class=\"wp-block-heading has-pale-cyan-blue-background-color has-background\">Letn\u00ed pr\u00e1zdniny a vysv\u011bd\u010den\u00ed ve \u0161koln\u00edm roce 2025\/2026<\/h3>\n\n\n\n<p>Vysv\u011bd\u010den\u00ed za \u0161koln\u00ed rok 2024\/2025 bude p\u0159ed\u00e1no v <strong>\u00fater\u00fd 30. \u010dervna 2026<\/strong>.<\/p>\n","protected":false},"excerpt":{"rendered":"<p>Za\u010d\u00e1tek \u0161koln\u00edho roku &#8211; 01. 09. 2025 Konec 1. pololet\u00ed: p\u00e1tek 30.&nbsp;ledna 2026 Konec 2. pololet\u00ed:&nbsp;\u00fater\u00fd 30. \u010dervna 2026 P\u0159ehled &hellip; <\/p>\n","protected":false},"author":1,"featured_media":0,"parent":5,"menu_order":-1,"comment_status":"closed","ping_status":"closed","template":"","meta":{"footnotes":""},"class_list":["post-1572","page","type-page","status-publish","hentry","latest_post"],"_links":{"self":[{"href":"https:\/\/www.zsjanov.cz\/index.php?rest_route=\/wp\/v2\/pages\/1572","targetHints":{"allow":["GET"]}}],"collection":[{"href":"https:\/\/www.zsjanov.cz\/index.php?rest_route=\/wp\/v2\/pages"}],"about":[{"href":"https:\/\/www.zsjanov.cz\/index.php?rest_route=\/wp\/v2\/types\/page"}],"author":[{"embeddable":true,"href":"https:\/\/www.zsjanov.cz\/index.php?rest_route=\/wp\/v2\/users\/1"}],"replies":[{"embeddable":true,"href":"https:\/\/www.zsjanov.cz\/index.php?rest_route=%2Fwp%2Fv2%2Fcomments&post=1572"}],"version-history":[{"count":10,"href":"https:\/\/www.zsjanov.cz\/index.php?rest_route=\/wp\/v2\/pages\/1572\/revisions"}],"predecessor-version":[{"id":4054,"href":"https:\/\/www.zsjanov.cz\/index.php?rest_route=\/wp\/v2\/pages\/1572\/revisions\/4054"}],"up":[{"embeddable":true,"href":"https:\/\/www.zsjanov.cz\/index.php?rest_route=\/wp\/v2\/pages\/5"}],"wp:attachment":[{"href":"https:\/\/www.zsjanov.cz\/index.php?rest_route=%2Fwp%2Fv2%2Fmedia&parent=1572"}],"curies":[{"name":"wp","href":"https:\/\/api.w.org\/{rel}","templated":true}]}}