{"id":1644,"date":"2022-09-04T09:49:50","date_gmt":"2022-09-04T07:49:50","guid":{"rendered":"http:\/\/www.zsjanov.cz\/?page_id=1644"},"modified":"2025-09-11T15:49:03","modified_gmt":"2025-09-11T13:49:03","slug":"tridni-schuzky","status":"publish","type":"page","link":"https:\/\/www.zsjanov.cz\/?page_id=1644","title":{"rendered":"T\u0159\u00eddn\u00ed sch\u016fzky"},"content":{"rendered":"\n<p class=\"has-pale-cyan-blue-background-color has-background has-medium-font-size\"><strong>Z\u00e1\u0159\u00ed 2026<\/strong><\/p>\n\n\n\n<p>Prob\u00edhaj\u00ed dle harmonogramu jednotliv\u00fdch t\u0159\u00edd &#8211; 02. &#8211; 12.09.2025<\/p>\n","protected":false},"excerpt":{"rendered":"<p>Z\u00e1\u0159\u00ed 2026 Prob\u00edhaj\u00ed dle harmonogramu jednotliv\u00fdch t\u0159\u00edd &#8211; 02. &#8211; 12.09.2025<\/p>\n","protected":false},"author":1,"featured_media":0,"parent":5,"menu_order":-1,"comment_status":"closed","ping_status":"closed","template":"","meta":{"footnotes":""},"class_list":["post-1644","page","type-page","status-publish","hentry","latest_post"],"_links":{"self":[{"href":"https:\/\/www.zsjanov.cz\/index.php?rest_route=\/wp\/v2\/pages\/1644","targetHints":{"allow":["GET"]}}],"collection":[{"href":"https:\/\/www.zsjanov.cz\/index.php?rest_route=\/wp\/v2\/pages"}],"about":[{"href":"https:\/\/www.zsjanov.cz\/index.php?rest_route=\/wp\/v2\/types\/page"}],"author":[{"embeddable":true,"href":"https:\/\/www.zsjanov.cz\/index.php?rest_route=\/wp\/v2\/users\/1"}],"replies":[{"embeddable":true,"href":"https:\/\/www.zsjanov.cz\/index.php?rest_route=%2Fwp%2Fv2%2Fcomments&post=1644"}],"version-history":[{"count":10,"href":"https:\/\/www.zsjanov.cz\/index.php?rest_route=\/wp\/v2\/pages\/1644\/revisions"}],"predecessor-version":[{"id":4055,"href":"https:\/\/www.zsjanov.cz\/index.php?rest_route=\/wp\/v2\/pages\/1644\/revisions\/4055"}],"up":[{"embeddable":true,"href":"https:\/\/www.zsjanov.cz\/index.php?rest_route=\/wp\/v2\/pages\/5"}],"wp:attachment":[{"href":"https:\/\/www.zsjanov.cz\/index.php?rest_route=%2Fwp%2Fv2%2Fmedia&parent=1644"}],"curies":[{"name":"wp","href":"https:\/\/api.w.org\/{rel}","templated":true}]}}