{"id":2,"date":"2021-10-11T14:41:34","date_gmt":"2021-10-11T12:41:34","guid":{"rendered":"http:\/\/test.zsjanov.cz\/?page_id=2"},"modified":"2026-04-29T16:52:53","modified_gmt":"2026-04-29T14:52:53","slug":"zkusebni-stranka","status":"publish","type":"page","link":"https:\/\/www.zsjanov.cz\/?page_id=2","title":{"rendered":"M\u0160 Parapl\u00ed\u010dko"},"content":{"rendered":"\n<div class=\"wp-block-group\"><div class=\"wp-block-group__inner-container is-layout-flow wp-block-group-is-layout-flow\">\n<div class=\"wp-block-media-text alignwide has-media-on-the-right is-stacked-on-mobile\" style=\"grid-template-columns:auto 30%\"><div class=\"wp-block-media-text__content\">\n<p>Bc. Monika B\u011blohlav\u00e1<\/p>\n\n\n\n<p>Tel.: 736 472 822<\/p>\n\n\n\n<p>E &#8211; mail: <a href=\"mailto:msp@zsjanov.cz?subject=zpr%C3%A1va%20z%20webu\">msp@zsjanov.cz<\/a><\/p>\n<\/div><figure class=\"wp-block-media-text__media\"><img loading=\"lazy\" decoding=\"async\" width=\"274\" height=\"300\" src=\"http:\/\/test.zsjanov.cz\/wp-content\/uploads\/2022\/08\/monika-274x300.jpeg\" alt=\"\" class=\"wp-image-655 size-medium\" srcset=\"https:\/\/www.zsjanov.cz\/wp-content\/uploads\/2022\/08\/monika-274x300.jpeg 274w, https:\/\/www.zsjanov.cz\/wp-content\/uploads\/2022\/08\/monika-935x1024.jpeg 935w, https:\/\/www.zsjanov.cz\/wp-content\/uploads\/2022\/08\/monika-768x841.jpeg 768w, https:\/\/www.zsjanov.cz\/wp-content\/uploads\/2022\/08\/monika-1403x1536.jpeg 1403w, https:\/\/www.zsjanov.cz\/wp-content\/uploads\/2022\/08\/monika.jpeg 1461w\" sizes=\"auto, (max-width: 274px) 100vw, 274px\" \/><\/figure><\/div>\n<\/div><\/div>\n\n\n\n<h2 class=\"wp-block-heading has-background\" style=\"background-color:#ff6a0082\">Aktuality<\/h2>\n\n\n<ul class=\"wp-block-latest-posts__list has-dates has-author wp-block-latest-posts\"><li><a class=\"wp-block-latest-posts__post-title\" href=\"https:\/\/www.zsjanov.cz\/?p=4238\">Seznam p\u0159ijat\u00fdch d\u011bt\u00ed M\u0160 Parapl\u00ed\u010dko<\/a><div class=\"wp-block-latest-posts__post-author\">Autor: zsjanov<\/div><time datetime=\"2026-04-29T16:51:58+02:00\" class=\"wp-block-latest-posts__post-date\">29. 4. 2026<\/time><div class=\"wp-block-latest-posts__post-excerpt\">Seznam p\u0159ijat\u00fdch d\u011bt\u00ed M\u0160 Parapl\u00ed\u010dko<\/div><\/li>\n<li><a class=\"wp-block-latest-posts__post-title\" href=\"https:\/\/www.zsjanov.cz\/?p=4200\">Pozv\u00e1nka na kurz prvn\u00ed pomoci<\/a><div class=\"wp-block-latest-posts__post-author\">Autor: zsjanov<\/div><time datetime=\"2026-03-26T08:48:14+01:00\" class=\"wp-block-latest-posts__post-date\">26. 3. 2026<\/time><div class=\"wp-block-latest-posts__post-excerpt\"><\/div><\/li>\n<li><a class=\"wp-block-latest-posts__post-title\" href=\"https:\/\/www.zsjanov.cz\/?p=4195\">Pozv\u00e1nka na Mezin\u00e1rodn\u00ed den Rom\u016f<\/a><div class=\"wp-block-latest-posts__post-author\">Autor: zsjanov<\/div><time datetime=\"2026-03-26T08:47:04+01:00\" class=\"wp-block-latest-posts__post-date\">26. 3. 2026<\/time><div class=\"wp-block-latest-posts__post-excerpt\"><\/div><\/li>\n<li><a class=\"wp-block-latest-posts__post-title\" href=\"https:\/\/www.zsjanov.cz\/?p=4168\">Seznam p\u0159ijat\u00fdch \u017e\u00e1k\u016f pro \u0161koln\u00ed rok 2026\/2027<\/a><div class=\"wp-block-latest-posts__post-author\">Autor: zsjanov<\/div><time datetime=\"2026-03-08T17:22:38+01:00\" class=\"wp-block-latest-posts__post-date\">8. 3. 2026<\/time><div class=\"wp-block-latest-posts__post-excerpt\">Seznam p\u0159ijat\u00fdch \u017e\u00e1k\u016f<\/div><\/li>\n<li><a class=\"wp-block-latest-posts__post-title\" href=\"https:\/\/www.zsjanov.cz\/?p=4145\">Tvo\u0159iv\u00e9 d\u00edlny<\/a><div class=\"wp-block-latest-posts__post-author\">Autor: zsjanov<\/div><time datetime=\"2025-12-09T08:13:23+01:00\" class=\"wp-block-latest-posts__post-date\">9. 12. 2025<\/time><div class=\"wp-block-latest-posts__post-excerpt\">Video prezentace \u017d\u00e1ci ze Z\u00e1kladn\u00ed \u0161koly a Mate\u0159sk\u00e9 \u0161koly Litv\u00ednov &#8211; Janov spole\u010dn\u011b s d\u011btmi z D\u011btsk\u00e9ho domova Tuchlov uspo\u0159\u00e1dali &hellip; <\/div><\/li>\n<\/ul>\n\n\n<h2 class=\"wp-block-heading has-background\" style=\"background-color:#ff6a008a\">Odkazy &nbsp;<\/h2>\n\n\n\n<div class=\"wp-block-buttons is-layout-flex wp-block-buttons-is-layout-flex\">\n<div class=\"wp-block-button has-custom-width wp-block-button__width-50 has-custom-font-size has-medium-font-size\"><a class=\"wp-block-button__link has-black-color has-text-color has-background wp-element-button\" href=\"http:\/\/www.zsjanov.cz\/?post_type=tribe_events\" style=\"border-radius:10px;background-color:#ff6a008a\">Pl\u00e1novan\u00e9 Akce <\/a><\/div>\n<\/div>\n\n\n\n<p><\/p>\n\n\n\n<div class=\"wp-block-buttons is-layout-flex wp-block-buttons-is-layout-flex\">\n<div class=\"wp-block-button has-custom-width wp-block-button__width-50 has-custom-font-size is-style-fill has-medium-font-size\"><a class=\"wp-block-button__link has-black-color has-text-color has-background wp-element-button\" href=\"http:\/\/www.zsjanov.cz\/wp-content\/uploads\/2023\/03\/SVP-KRTEK-A-PARAPLICKO-nOVE.pdf\" style=\"border-radius:10px;background-color:#ff6a008a\" target=\"_blank\" rel=\"noreferrer noopener\">\u0160koln\u00ed vzd\u011bl\u00e1vac\u00ed program<\/a><\/div>\n<\/div>\n\n\n\n<p><\/p>\n\n\n\n<div class=\"wp-block-buttons is-layout-flex wp-block-buttons-is-layout-flex\">\n<div class=\"wp-block-button has-custom-width wp-block-button__width-50\"><a class=\"wp-block-button__link has-black-color has-text-color has-background wp-element-button\" href=\"http:\/\/www.zsjanov.cz\/?page_id=2120\" style=\"border-radius:10px;background-color:#ff6a008a\">Informace k z\u00e1pisu do M\u0160 pro \u0161koln\u00ed rok 2025\/2026<\/a><\/div>\n<\/div>\n\n\n\n<p><\/p>\n\n\n\n<div class=\"wp-block-buttons is-layout-flex wp-block-buttons-is-layout-flex\">\n<div class=\"wp-block-button has-custom-width wp-block-button__width-50\"><a class=\"wp-block-button__link has-black-color has-text-color has-background wp-element-button\" href=\"http:\/\/www.zsjanov.cz\/wp-content\/uploads\/2025\/04\/zadost.pdf\" style=\"border-radius:10px;background-color:#ff6a008a\" target=\"_blank\" rel=\"noreferrer noopener\">\u017d\u00e1dost o p\u0159ijet\u00ed k p\u0159ed\u0161koln\u00edmu vzd\u011bl\u00e1v\u00e1n\u00ed<\/a><\/div>\n<\/div>\n\n\n\n<p><\/p>\n\n\n\n<div class=\"wp-block-buttons is-layout-flex wp-block-buttons-is-layout-flex\">\n<div class=\"wp-block-button has-custom-width wp-block-button__width-50\"><a class=\"wp-block-button__link has-black-color has-text-color has-background wp-element-button\" href=\"http:\/\/www.zsjanov.cz\/wp-content\/uploads\/2025\/04\/lekar.pdf\" style=\"border-radius:10px;background-color:#ff6a008a\" target=\"_blank\" rel=\"noreferrer noopener\">\u010cestn\u00e9 prohl\u00e1\u0161en\u00ed &#8211; l\u00e9ka\u0159<\/a><\/div>\n<\/div>\n\n\n\n<p><\/p>\n\n\n\n<div class=\"wp-block-buttons is-layout-flex wp-block-buttons-is-layout-flex\">\n<div class=\"wp-block-button has-custom-width wp-block-button__width-50\"><a class=\"wp-block-button__link has-black-color has-text-color has-background has-link-color wp-element-button\" href=\"http:\/\/www.zsjanov.cz\/wp-content\/uploads\/2025\/04\/evidencni-list.pdf\" style=\"border-radius:13px;background-color:#ff6a008a\" target=\"_blank\" rel=\"noreferrer noopener\">Eviden\u010dn\u00ed list<\/a><\/div>\n<\/div>\n\n\n\n<p>Projekty<\/p>\n\n\n\n<p><\/p>\n\n\n\n<h1 class=\"wp-block-heading has-background\" style=\"background-color:#ff6a0082\">\u201e\u0160\u0164ASTN\u00c9 D\u011aTI, \u0160\u0164ASTN\u00c1 BUDOUCNOST\u201c<\/h1>\n\n\n\n<p>Na\u0161\u00edm hlavn\u00edm c\u00edlem je db\u00e1t na individualitu a spokojenost d\u00edt\u011bte. Pomoc\u00ed r\u016fzn\u00fdch metod a forem pr\u00e1ce se sna\u017e\u00edme vykouzlit d\u011btem \u00fasm\u011bv na tv\u00e1\u0159i a usnadnit jim p\u0159echod z mate\u0159sk\u00e9 \u0161koly do prvn\u00edch t\u0159\u00edd.<\/p>\n\n\n\n<p>Pracujeme podle \u0161koln\u00edho vzd\u011bl\u00e1vac\u00edho programu,kter\u00fd je zpracov\u00e1n v souladu s RVP pro p\u0159ed\u0161koln\u00ed vzd\u011bl\u00e1v\u00e1n\u00ed. Z n\u011bho\u017e n\u00e1sledn\u011b vypl\u00fdvaj\u00ed t\u0159\u00eddn\u00ed vzd\u011bl\u00e1vac\u00ed pl\u00e1ny jednotliv\u00fdch t\u0159\u00edd.<br>N\u00e1zev programu \u201cKrtek a Parapl\u00ed\u010dko\u201d<\/p>\n\n\n\n<p><em>V na\u0161\u00ed mate\u0159sk\u00e9 \u0161kole je zaps\u00e1no 120 d\u011bt\u00ed, kter\u00e9 jsou rozd\u011bleny do \u0161esti t\u0159\u00edd.<\/em> <\/p>\n\n\n\n<p><em>\u010cty\u0159i t\u0159\u00eddy jsou v\u011bkov\u011b sm\u00ed\u0161en\u00e9, jedna t\u0159\u00edda je pro d\u011bti od dvou<\/em><\/p>\n\n\n\n<p><em>do t\u0159\u00ed let a jedna pro d\u011bti se speci\u00e1ln\u00edmi vzd\u011bl\u00e1vac\u00edmi pot\u0159ebami.<\/em><\/p>\n\n\n\n<p><em>Nab\u00edz\u00edme d\u011btem pobyt v p\u0159\u00e1telsk\u00e9m, p\u0159\u00edjemn\u00e9m a tvo\u0159iv\u00e9m prost\u0159ed\u00ed,<\/em><\/p>\n\n\n\n<p><em>kter\u00e9 d\u011bti podn\u011bcuje, rozv\u00edj\u00ed a respektuje.<\/em><\/p>\n\n\n\n<p><em>Pro d\u011bti p\u0159ipravujeme r\u016fzn\u00e9 akce, divadeln\u00ed p\u0159edstaven\u00ed,<\/em><\/p>\n\n\n\n<p><em>v\u00fdlety, projektov\u00e9 dny. Pro d\u011bti tak\u00e9 po\u0159\u00e1d\u00e1me \u0161koly v p\u0159\u00edrod\u011b a r\u016fzn\u00e9 netradi\u010dn\u00ed aktivity.<\/em><\/p>\n\n\n\n<p><em>Svoje nad\u00e1n\u00ed a talent mohou d\u011bti rozv\u00edjet v pohybov\u00e9m,<\/em><\/p>\n\n\n\n<p><em>hudebn\u00edm, v\u00fdtvarn\u00e9m a dramatick\u00e9m centru.<\/em><\/p>\n\n\n\n<p><em>Na\u0161e mate\u0159sk\u00e1 \u0161kola je velmi modern\u011b vybaven\u00e1. Pracujeme s modern\u00ed technologi\u00ed.<\/em><\/p>\n\n\n\n<h2 class=\"wp-block-heading has-background\" style=\"background-color:#ff6a0082\"><strong>T\u0159\u00eddy:<\/strong><\/h2>\n\n\n\n<p>1. t\u0159\u00edda Pavou\u010dci<\/p>\n\n\n\n<figure class=\"wp-block-image size-medium is-resized is-style-default\"><a href=\"http:\/\/www.zsjanov.cz\/?page_id=744\"><img loading=\"lazy\" decoding=\"async\" width=\"274\" height=\"300\" src=\"http:\/\/www.zsjanov.cz\/wp-content\/uploads\/2022\/04\/pavoucci-274x300.png\" alt=\"\" class=\"wp-image-409\" title=\"\" srcset=\"https:\/\/www.zsjanov.cz\/wp-content\/uploads\/2022\/04\/pavoucci-274x300.png 274w, https:\/\/www.zsjanov.cz\/wp-content\/uploads\/2022\/04\/pavoucci-934x1024.png 934w, https:\/\/www.zsjanov.cz\/wp-content\/uploads\/2022\/04\/pavoucci-768x842.png 768w, https:\/\/www.zsjanov.cz\/wp-content\/uploads\/2022\/04\/pavoucci.png 1086w\" sizes=\"auto, (max-width: 274px) 100vw, 274px\" \/><\/a><\/figure>\n\n\n\n<p>2. t\u0159\u00edda Beru\u0161ky<\/p>\n\n\n\n<figure class=\"wp-block-image size-medium is-resized\"><a href=\"http:\/\/www.zsjanov.cz\/?page_id=747\"><img loading=\"lazy\" decoding=\"async\" width=\"233\" height=\"300\" src=\"http:\/\/www.zsjanov.cz\/wp-content\/uploads\/2022\/04\/berusky-233x300.png\" alt=\"\" class=\"wp-image-405\" srcset=\"https:\/\/www.zsjanov.cz\/wp-content\/uploads\/2022\/04\/berusky-233x300.png 233w, https:\/\/www.zsjanov.cz\/wp-content\/uploads\/2022\/04\/berusky-796x1024.png 796w, https:\/\/www.zsjanov.cz\/wp-content\/uploads\/2022\/04\/berusky-768x988.png 768w, https:\/\/www.zsjanov.cz\/wp-content\/uploads\/2022\/04\/berusky.png 1077w\" sizes=\"auto, (max-width: 233px) 100vw, 233px\" \/><\/a><\/figure>\n\n\n\n<p>3. t\u0159\u00edda My\u0161ky<\/p>\n\n\n\n<figure class=\"wp-block-image size-large is-resized\"><a href=\"http:\/\/zsjanov.cz\/?page_id=753\"><img decoding=\"async\" src=\"http:\/\/zsjanov.cz\/wp-content\/uploads\/2022\/08\/mysky-1-241x300.png\" alt=\"\"\/><\/a><\/figure>\n\n\n\n<p>4. t\u0159\u00edda \u017dabi\u010dky<\/p>\n\n\n\n<figure class=\"wp-block-image size-large is-resized is-style-default\"><a href=\"http:\/\/zsjanov.cz\/?page_id=757\"><img decoding=\"async\" src=\"http:\/\/zsjanov.cz\/wp-content\/uploads\/2022\/08\/zabky-238x300.png\" alt=\"\"\/><\/a><\/figure>\n\n\n\n<p>5. t\u0159\u00edda V\u010deli\u010dky<\/p>\n\n\n\n<figure class=\"wp-block-image size-large is-resized\"><a href=\"http:\/\/zsjanov.cz\/?page_id=759\"><img decoding=\"async\" src=\"http:\/\/zsjanov.cz\/wp-content\/uploads\/2022\/08\/vcelky-264x300.png\" alt=\"\"\/><\/a><\/figure>\n\n\n\n<p>6. t\u0159\u00edda Ku\u0159\u00e1tka<\/p>\n\n\n\n<figure class=\"wp-block-image size-large is-resized\"><a href=\"http:\/\/zsjanov.cz\/?page_id=761\"><img decoding=\"async\" src=\"http:\/\/zsjanov.cz\/wp-content\/uploads\/2022\/08\/kuratka-300x169.png\" alt=\"\"\/><\/a><\/figure>\n","protected":false},"excerpt":{"rendered":"<p>Bc. Monika B\u011blohlav\u00e1 Tel.: 736 472 822 E &#8211; mail: msp@zsjanov.cz Aktuality Odkazy &nbsp; Projekty \u201e\u0160\u0164ASTN\u00c9 D\u011aTI, \u0160\u0164ASTN\u00c1 BUDOUCNOST\u201c Na\u0161\u00edm &hellip; <\/p>\n","protected":false},"author":1,"featured_media":0,"parent":0,"menu_order":0,"comment_status":"closed","ping_status":"open","template":"","meta":{"footnotes":""},"class_list":["post-2","page","type-page","status-publish","hentry","latest_post"],"_links":{"self":[{"href":"https:\/\/www.zsjanov.cz\/index.php?rest_route=\/wp\/v2\/pages\/2","targetHints":{"allow":["GET"]}}],"collection":[{"href":"https:\/\/www.zsjanov.cz\/index.php?rest_route=\/wp\/v2\/pages"}],"about":[{"href":"https:\/\/www.zsjanov.cz\/index.php?rest_route=\/wp\/v2\/types\/page"}],"author":[{"embeddable":true,"href":"https:\/\/www.zsjanov.cz\/index.php?rest_route=\/wp\/v2\/users\/1"}],"replies":[{"embeddable":true,"href":"https:\/\/www.zsjanov.cz\/index.php?rest_route=%2Fwp%2Fv2%2Fcomments&post=2"}],"version-history":[{"count":69,"href":"https:\/\/www.zsjanov.cz\/index.php?rest_route=\/wp\/v2\/pages\/2\/revisions"}],"predecessor-version":[{"id":3899,"href":"https:\/\/www.zsjanov.cz\/index.php?rest_route=\/wp\/v2\/pages\/2\/revisions\/3899"}],"wp:attachment":[{"href":"https:\/\/www.zsjanov.cz\/index.php?rest_route=%2Fwp%2Fv2%2Fmedia&parent=2"}],"curies":[{"name":"wp","href":"https:\/\/api.w.org\/{rel}","templated":true}]}}