{"id":2120,"date":"2023-04-05T08:52:40","date_gmt":"2023-04-05T06:52:40","guid":{"rendered":"http:\/\/www.zsjanov.cz\/?page_id=2120"},"modified":"2025-09-11T15:43:22","modified_gmt":"2025-09-11T13:43:22","slug":"zapis-do-ms","status":"publish","type":"page","link":"https:\/\/www.zsjanov.cz\/?page_id=2120","title":{"rendered":"Z\u00e1pis do M\u0160"},"content":{"rendered":"<div class=\"wp-block-image\">\n<figure class=\"alignleft size-large is-resized\"><a href=\"http:\/\/www.zsjanov.cz\/?page_id=2\"><img loading=\"lazy\" decoding=\"async\" width=\"844\" height=\"1024\" src=\"http:\/\/www.zsjanov.cz\/wp-content\/uploads\/2022\/08\/paraplicko-844x1024.png\" alt=\"\" class=\"wp-image-729\" style=\"width:110px;height:auto\" srcset=\"https:\/\/www.zsjanov.cz\/wp-content\/uploads\/2022\/08\/paraplicko-844x1024.png 844w, https:\/\/www.zsjanov.cz\/wp-content\/uploads\/2022\/08\/paraplicko-247x300.png 247w, https:\/\/www.zsjanov.cz\/wp-content\/uploads\/2022\/08\/paraplicko-768x932.png 768w, https:\/\/www.zsjanov.cz\/wp-content\/uploads\/2022\/08\/paraplicko.png 1083w\" sizes=\"auto, (max-width: 844px) 100vw, 844px\" \/><\/a><\/figure>\n<\/div>\n\n<div class=\"wp-block-image\">\n<figure class=\"alignright size-full is-resized\"><a href=\"http:\/\/www.zsjanov.cz\/?page_id=178\"><img loading=\"lazy\" decoding=\"async\" width=\"1000\" height=\"947\" src=\"http:\/\/www.zsjanov.cz\/wp-content\/uploads\/2023\/05\/Sun-02.png\" alt=\"\" class=\"wp-image-2184\" style=\"width:140px;height:auto\" srcset=\"https:\/\/www.zsjanov.cz\/wp-content\/uploads\/2023\/05\/Sun-02.png 1000w, https:\/\/www.zsjanov.cz\/wp-content\/uploads\/2023\/05\/Sun-02-300x284.png 300w, https:\/\/www.zsjanov.cz\/wp-content\/uploads\/2023\/05\/Sun-02-768x727.png 768w\" sizes=\"auto, (max-width: 1000px) 100vw, 1000px\" \/><\/a><\/figure>\n<\/div>\n\n\n<p class=\"has-pale-cyan-blue-background-color has-background\"><strong>Informace k z\u00e1pisu do M\u0160 Slun\u00ed\u010dko a M\u0160 Parapl\u00ed\u010dko <\/strong>pro \u0161koln\u00ed rok 2025\/2026<\/p>\n\n\n\n<p><\/p>\n\n\n\n<p><\/p>\n\n\n\n<p>Z\u00e1pis se kon\u00e1 ve dnech <strong>08.04.2026 od 9:00 &#8211; 16:00 hodin a 09.04.2026 od 9:00 &#8211; 12:00 hodin<\/strong>.<\/p>\n\n\n\n<p><a href=\"http:\/\/www.zsjanov.cz\/wp-content\/uploads\/2024\/04\/kriteria_prijimacirizeni_skolka_24_25.pdf\" data-type=\"attachment\" data-id=\"2915\" target=\"_blank\" rel=\"noreferrer noopener\"><strong>Krit\u00e9ria p\u0159ij\u00edmac\u00edho \u0159\u00edzen\u00ed<\/strong><\/a><\/p>\n\n\n\n<p><a href=\"http:\/\/www.zsjanov.cz\/wp-content\/uploads\/2025\/04\/zadost.pdf\" data-type=\"attachment\" data-id=\"3889\" target=\"_blank\" rel=\"noreferrer noopener\">\u017d\u00e1dost k p\u0159ijet\u00ed<\/a> M\u0160 Parapl\u00ed\u010dko<\/p>\n\n\n\n<p><a href=\"http:\/\/www.zsjanov.cz\/wp-content\/uploads\/2025\/04\/evidencni-list.pdf\" data-type=\"attachment\" data-id=\"3887\" target=\"_blank\" rel=\"noreferrer noopener\">Eviden\u010dn\u00ed list<\/a><\/p>\n\n\n\n<p><a href=\"http:\/\/www.zsjanov.cz\/wp-content\/uploads\/2025\/04\/lekar.pdf\" data-type=\"attachment\" data-id=\"3888\">L\u00e9ka\u0159sk\u00fd posudek<\/a><\/p>\n\n\n\n<p>Dal\u0161\u00ed informace na str\u00e1nk\u00e1ch \u0161kolek.<\/p>\n\n\n\n<p><\/p>\n","protected":false},"excerpt":{"rendered":"<p>Informace k z\u00e1pisu do M\u0160 Slun\u00ed\u010dko a M\u0160 Parapl\u00ed\u010dko pro \u0161koln\u00ed rok 2025\/2026 Z\u00e1pis se kon\u00e1 ve dnech 08.04.2026 od &hellip; <\/p>\n","protected":false},"author":1,"featured_media":0,"parent":178,"menu_order":-1,"comment_status":"closed","ping_status":"closed","template":"","meta":{"footnotes":""},"class_list":["post-2120","page","type-page","status-publish","hentry","latest_post"],"_links":{"self":[{"href":"https:\/\/www.zsjanov.cz\/index.php?rest_route=\/wp\/v2\/pages\/2120","targetHints":{"allow":["GET"]}}],"collection":[{"href":"https:\/\/www.zsjanov.cz\/index.php?rest_route=\/wp\/v2\/pages"}],"about":[{"href":"https:\/\/www.zsjanov.cz\/index.php?rest_route=\/wp\/v2\/types\/page"}],"author":[{"embeddable":true,"href":"https:\/\/www.zsjanov.cz\/index.php?rest_route=\/wp\/v2\/users\/1"}],"replies":[{"embeddable":true,"href":"https:\/\/www.zsjanov.cz\/index.php?rest_route=%2Fwp%2Fv2%2Fcomments&post=2120"}],"version-history":[{"count":9,"href":"https:\/\/www.zsjanov.cz\/index.php?rest_route=\/wp\/v2\/pages\/2120\/revisions"}],"predecessor-version":[{"id":4051,"href":"https:\/\/www.zsjanov.cz\/index.php?rest_route=\/wp\/v2\/pages\/2120\/revisions\/4051"}],"up":[{"embeddable":true,"href":"https:\/\/www.zsjanov.cz\/index.php?rest_route=\/wp\/v2\/pages\/178"}],"wp:attachment":[{"href":"https:\/\/www.zsjanov.cz\/index.php?rest_route=%2Fwp%2Fv2%2Fmedia&parent=2120"}],"curies":[{"name":"wp","href":"https:\/\/api.w.org\/{rel}","templated":true}]}}