{"id":2160,"date":"2023-05-30T08:24:25","date_gmt":"2023-05-30T06:24:25","guid":{"rendered":"http:\/\/www.zsjanov.cz\/?page_id=2160"},"modified":"2023-05-30T09:29:06","modified_gmt":"2023-05-30T07:29:06","slug":"janovsti-peers","status":"publish","type":"page","link":"https:\/\/www.zsjanov.cz\/?page_id=2160","title":{"rendered":"Janov\u0161t\u00ed PEERS"},"content":{"rendered":"\n<figure class=\"wp-block-image size-large is-resized\"><img loading=\"lazy\" decoding=\"async\" src=\"http:\/\/www.zsjanov.cz\/wp-content\/uploads\/2023\/05\/uk.png\" alt=\"\" width=\"605\" height=\"163\"\/><\/figure>\n\n\n\n<p>Prevence rizikov\u00e9ho chov\u00e1n\u00ed v \u00dasteck\u00e9m kraji v roce 2022 &#8211; Projekt JANOV\u0160T\u00cd PEERS,<\/p>\n\n\n\n<p>Smlouva 22\/SML0973\/SoPD\/SMT, 50 000 K\u010d<\/p>\n","protected":false},"excerpt":{"rendered":"<p>Prevence rizikov\u00e9ho chov\u00e1n\u00ed v \u00dasteck\u00e9m kraji v roce 2022 &#8211; Projekt JANOV\u0160T\u00cd PEERS, Smlouva 22\/SML0973\/SoPD\/SMT, 50 000 K\u010d<\/p>\n","protected":false},"author":1,"featured_media":0,"parent":386,"menu_order":0,"comment_status":"closed","ping_status":"closed","template":"","meta":{"footnotes":""},"class_list":["post-2160","page","type-page","status-publish","hentry","latest_post"],"_links":{"self":[{"href":"https:\/\/www.zsjanov.cz\/index.php?rest_route=\/wp\/v2\/pages\/2160","targetHints":{"allow":["GET"]}}],"collection":[{"href":"https:\/\/www.zsjanov.cz\/index.php?rest_route=\/wp\/v2\/pages"}],"about":[{"href":"https:\/\/www.zsjanov.cz\/index.php?rest_route=\/wp\/v2\/types\/page"}],"author":[{"embeddable":true,"href":"https:\/\/www.zsjanov.cz\/index.php?rest_route=\/wp\/v2\/users\/1"}],"replies":[{"embeddable":true,"href":"https:\/\/www.zsjanov.cz\/index.php?rest_route=%2Fwp%2Fv2%2Fcomments&post=2160"}],"version-history":[{"count":4,"href":"https:\/\/www.zsjanov.cz\/index.php?rest_route=\/wp\/v2\/pages\/2160\/revisions"}],"predecessor-version":[{"id":2181,"href":"https:\/\/www.zsjanov.cz\/index.php?rest_route=\/wp\/v2\/pages\/2160\/revisions\/2181"}],"up":[{"embeddable":true,"href":"https:\/\/www.zsjanov.cz\/index.php?rest_route=\/wp\/v2\/pages\/386"}],"wp:attachment":[{"href":"https:\/\/www.zsjanov.cz\/index.php?rest_route=%2Fwp%2Fv2%2Fmedia&parent=2160"}],"curies":[{"name":"wp","href":"https:\/\/api.w.org\/{rel}","templated":true}]}}