{"id":2165,"date":"2023-05-30T08:27:37","date_gmt":"2023-05-30T06:27:37","guid":{"rendered":"http:\/\/www.zsjanov.cz\/?page_id=2165"},"modified":"2023-05-30T09:30:41","modified_gmt":"2023-05-30T07:30:41","slug":"janovsti-peers-2023","status":"publish","type":"page","link":"https:\/\/www.zsjanov.cz\/?page_id=2165","title":{"rendered":"Janov\u0161t\u00ed PEERS 2023"},"content":{"rendered":"\n<figure class=\"wp-block-image size-large is-resized\"><img loading=\"lazy\" decoding=\"async\" src=\"http:\/\/www.zsjanov.cz\/wp-content\/uploads\/2023\/05\/uk-1024x278.png\" alt=\"\" class=\"wp-image-2162\" width=\"539\" height=\"146\" srcset=\"https:\/\/www.zsjanov.cz\/wp-content\/uploads\/2023\/05\/uk-1024x278.png 1024w, https:\/\/www.zsjanov.cz\/wp-content\/uploads\/2023\/05\/uk-300x81.png 300w, https:\/\/www.zsjanov.cz\/wp-content\/uploads\/2023\/05\/uk-768x208.png 768w, https:\/\/www.zsjanov.cz\/wp-content\/uploads\/2023\/05\/uk.png 1346w\" sizes=\"auto, (max-width: 539px) 100vw, 539px\" \/><\/figure>\n\n\n\n<p>Prevence rizikov\u00e9ho chov\u00e1n\u00ed v \u00dasteck\u00e9m kraji v roce 2023 &#8211; <\/p>\n\n\n\n<p>Projekt JANOV\u0160T\u00cd PEERS 2023<\/p>\n\n\n\n<p>23\/SML1130\/SoPD\/SMT, 50 000 K\u010d<\/p>\n","protected":false},"excerpt":{"rendered":"<p>Prevence rizikov\u00e9ho chov\u00e1n\u00ed v \u00dasteck\u00e9m kraji v roce 2023 &#8211; Projekt JANOV\u0160T\u00cd PEERS 2023 23\/SML1130\/SoPD\/SMT, 50 000 K\u010d<\/p>\n","protected":false},"author":1,"featured_media":0,"parent":386,"menu_order":0,"comment_status":"closed","ping_status":"closed","template":"","meta":{"footnotes":""},"class_list":["post-2165","page","type-page","status-publish","hentry","latest_post"],"_links":{"self":[{"href":"https:\/\/www.zsjanov.cz\/index.php?rest_route=\/wp\/v2\/pages\/2165","targetHints":{"allow":["GET"]}}],"collection":[{"href":"https:\/\/www.zsjanov.cz\/index.php?rest_route=\/wp\/v2\/pages"}],"about":[{"href":"https:\/\/www.zsjanov.cz\/index.php?rest_route=\/wp\/v2\/types\/page"}],"author":[{"embeddable":true,"href":"https:\/\/www.zsjanov.cz\/index.php?rest_route=\/wp\/v2\/users\/1"}],"replies":[{"embeddable":true,"href":"https:\/\/www.zsjanov.cz\/index.php?rest_route=%2Fwp%2Fv2%2Fcomments&post=2165"}],"version-history":[{"count":2,"href":"https:\/\/www.zsjanov.cz\/index.php?rest_route=\/wp\/v2\/pages\/2165\/revisions"}],"predecessor-version":[{"id":2183,"href":"https:\/\/www.zsjanov.cz\/index.php?rest_route=\/wp\/v2\/pages\/2165\/revisions\/2183"}],"up":[{"embeddable":true,"href":"https:\/\/www.zsjanov.cz\/index.php?rest_route=\/wp\/v2\/pages\/386"}],"wp:attachment":[{"href":"https:\/\/www.zsjanov.cz\/index.php?rest_route=%2Fwp%2Fv2%2Fmedia&parent=2165"}],"curies":[{"name":"wp","href":"https:\/\/api.w.org\/{rel}","templated":true}]}}