{"id":2167,"date":"2023-05-30T08:29:19","date_gmt":"2023-05-30T06:29:19","guid":{"rendered":"http:\/\/www.zsjanov.cz\/?page_id=2167"},"modified":"2023-05-30T08:29:19","modified_gmt":"2023-05-30T06:29:19","slug":"projekt-park","status":"publish","type":"page","link":"https:\/\/www.zsjanov.cz\/?page_id=2167","title":{"rendered":"Projekt PARK"},"content":{"rendered":"\n<p>Prevence a rizikov\u00e9 chov\u00e1n\u00ed<\/p>\n\n\n\n<figure class=\"wp-block-image size-large is-resized\"><img loading=\"lazy\" decoding=\"async\" src=\"http:\/\/www.zsjanov.cz\/wp-content\/uploads\/2023\/05\/uk-1024x278.png\" alt=\"\" class=\"wp-image-2162\" width=\"653\" height=\"177\" srcset=\"https:\/\/www.zsjanov.cz\/wp-content\/uploads\/2023\/05\/uk-1024x278.png 1024w, https:\/\/www.zsjanov.cz\/wp-content\/uploads\/2023\/05\/uk-300x81.png 300w, https:\/\/www.zsjanov.cz\/wp-content\/uploads\/2023\/05\/uk-768x208.png 768w, https:\/\/www.zsjanov.cz\/wp-content\/uploads\/2023\/05\/uk.png 1346w\" sizes=\"auto, (max-width: 653px) 100vw, 653px\" \/><\/figure>\n\n\n\n<p>23\/SML1131\/SoPD\/SMT, 50 000 K\u010d<\/p>\n","protected":false},"excerpt":{"rendered":"<p>Prevence a rizikov\u00e9 chov\u00e1n\u00ed 23\/SML1131\/SoPD\/SMT, 50 000 K\u010d<\/p>\n","protected":false},"author":1,"featured_media":0,"parent":386,"menu_order":0,"comment_status":"closed","ping_status":"closed","template":"","meta":{"footnotes":""},"class_list":["post-2167","page","type-page","status-publish","hentry","latest_post"],"_links":{"self":[{"href":"https:\/\/www.zsjanov.cz\/index.php?rest_route=\/wp\/v2\/pages\/2167","targetHints":{"allow":["GET"]}}],"collection":[{"href":"https:\/\/www.zsjanov.cz\/index.php?rest_route=\/wp\/v2\/pages"}],"about":[{"href":"https:\/\/www.zsjanov.cz\/index.php?rest_route=\/wp\/v2\/types\/page"}],"author":[{"embeddable":true,"href":"https:\/\/www.zsjanov.cz\/index.php?rest_route=\/wp\/v2\/users\/1"}],"replies":[{"embeddable":true,"href":"https:\/\/www.zsjanov.cz\/index.php?rest_route=%2Fwp%2Fv2%2Fcomments&post=2167"}],"version-history":[{"count":1,"href":"https:\/\/www.zsjanov.cz\/index.php?rest_route=\/wp\/v2\/pages\/2167\/revisions"}],"predecessor-version":[{"id":2168,"href":"https:\/\/www.zsjanov.cz\/index.php?rest_route=\/wp\/v2\/pages\/2167\/revisions\/2168"}],"up":[{"embeddable":true,"href":"https:\/\/www.zsjanov.cz\/index.php?rest_route=\/wp\/v2\/pages\/386"}],"wp:attachment":[{"href":"https:\/\/www.zsjanov.cz\/index.php?rest_route=%2Fwp%2Fv2%2Fmedia&parent=2167"}],"curies":[{"name":"wp","href":"https:\/\/api.w.org\/{rel}","templated":true}]}}