{"id":2223,"date":"2023-09-12T08:13:33","date_gmt":"2023-09-12T06:13:33","guid":{"rendered":"http:\/\/www.zsjanov.cz\/?page_id=2223"},"modified":"2024-08-26T19:14:06","modified_gmt":"2024-08-26T17:14:06","slug":"dotacni-program-potravinova-pomoc-detem-v-socialni-nouzi-v-usteckem-kraji-2023-2024","status":"publish","type":"page","link":"https:\/\/www.zsjanov.cz\/?page_id=2223","title":{"rendered":"Dota\u010dn\u00ed program \u201ePotravinov\u00e1 pomoc d\u011btem v soci\u00e1ln\u00ed nouzi v \u00dasteck\u00e9m kraji 2023\/2024\u201c"},"content":{"rendered":"\n<p><strong>Registra\u010dn\u00ed \u010d\u00edslo:<\/strong> CZ.03.04.01\/00\/22_026\/0003799<br>Projekt je spolufinancov\u00e1n Evropskou uni\u00ed.<br>C\u00edlem projektu je zaji\u0161t\u011bn\u00ed \u0161koln\u00edho stravov\u00e1n\u00ed d\u011bt\u00ed v M\u0160 a \u017e\u00e1k\u016f v Z\u0160, S\u0160 a konzervato\u0159\u00edch ve v\u011bku od 2 do 21 let z rodin a dom\u00e1cnost\u00ed ohro\u017een\u00fdch chudobou a materi\u00e1ln\u00ed nebo potravinovou deprivac\u00ed.<\/p>\n\n\n\n<p><a href=\"http:\/\/www.zsjanov.cz\/wp-content\/uploads\/2024\/08\/Plakat_Potravinova-pomoc-detem-v-UK.pdf\" data-type=\"attachment\" data-id=\"3335\" target=\"_blank\" rel=\"noreferrer noopener\"><strong>Plak\u00e1t<\/strong><\/a><\/p>\n\n\n\n<p><strong><a href=\"http:\/\/www.zsjanov.cz\/wp-content\/uploads\/2023\/09\/plakat.pdf\" data-type=\"link\" data-id=\"http:\/\/www.zsjanov.cz\/wp-content\/uploads\/2023\/09\/plakat.pdf\" target=\"_blank\" rel=\"noreferrer noopener\">Plak\u00e1t<\/a><\/strong><\/p>\n\n\n\n<figure class=\"wp-block-image size-large is-resized\"><img decoding=\"async\" src=\"http:\/\/www.zsjanov.cz\/wp-content\/uploads\/2023\/09\/0.jpg\" alt=\"\" style=\"width:611px;height:458px\"\/><\/figure>\n","protected":false},"excerpt":{"rendered":"<p>Registra\u010dn\u00ed \u010d\u00edslo: CZ.03.04.01\/00\/22_026\/0003799Projekt je spolufinancov\u00e1n Evropskou uni\u00ed.C\u00edlem projektu je zaji\u0161t\u011bn\u00ed \u0161koln\u00edho stravov\u00e1n\u00ed d\u011bt\u00ed v M\u0160 a \u017e\u00e1k\u016f v Z\u0160, S\u0160 &hellip; <\/p>\n","protected":false},"author":1,"featured_media":0,"parent":386,"menu_order":-1,"comment_status":"closed","ping_status":"closed","template":"","meta":{"footnotes":""},"class_list":["post-2223","page","type-page","status-publish","hentry","latest_post"],"_links":{"self":[{"href":"https:\/\/www.zsjanov.cz\/index.php?rest_route=\/wp\/v2\/pages\/2223","targetHints":{"allow":["GET"]}}],"collection":[{"href":"https:\/\/www.zsjanov.cz\/index.php?rest_route=\/wp\/v2\/pages"}],"about":[{"href":"https:\/\/www.zsjanov.cz\/index.php?rest_route=\/wp\/v2\/types\/page"}],"author":[{"embeddable":true,"href":"https:\/\/www.zsjanov.cz\/index.php?rest_route=\/wp\/v2\/users\/1"}],"replies":[{"embeddable":true,"href":"https:\/\/www.zsjanov.cz\/index.php?rest_route=%2Fwp%2Fv2%2Fcomments&post=2223"}],"version-history":[{"count":8,"href":"https:\/\/www.zsjanov.cz\/index.php?rest_route=\/wp\/v2\/pages\/2223\/revisions"}],"predecessor-version":[{"id":3338,"href":"https:\/\/www.zsjanov.cz\/index.php?rest_route=\/wp\/v2\/pages\/2223\/revisions\/3338"}],"up":[{"embeddable":true,"href":"https:\/\/www.zsjanov.cz\/index.php?rest_route=\/wp\/v2\/pages\/386"}],"wp:attachment":[{"href":"https:\/\/www.zsjanov.cz\/index.php?rest_route=%2Fwp%2Fv2%2Fmedia&parent=2223"}],"curies":[{"name":"wp","href":"https:\/\/api.w.org\/{rel}","templated":true}]}}