{"id":2252,"date":"2023-10-03T09:58:04","date_gmt":"2023-10-03T07:58:04","guid":{"rendered":"http:\/\/www.zsjanov.cz\/?page_id=2252"},"modified":"2023-10-03T10:23:32","modified_gmt":"2023-10-03T08:23:32","slug":"npo-zvyseni-kvality-vzdelavani","status":"publish","type":"page","link":"https:\/\/www.zsjanov.cz\/?page_id=2252","title":{"rendered":"NPO &#8211; Zv\u00fd\u0161en\u00ed kvality vzd\u011bl\u00e1v\u00e1n\u00ed &#8211; Z\u0160 a M\u0160 Litv\u00ednov &#8211; Janov"},"content":{"rendered":"\n<figure class=\"wp-block-image size-large\"><img loading=\"lazy\" decoding=\"async\" width=\"1024\" height=\"419\" src=\"http:\/\/www.zsjanov.cz\/wp-content\/uploads\/2023\/10\/banner_weby-skol_NPOa-1024x419.png\" alt=\"\" class=\"wp-image-2256\" srcset=\"https:\/\/www.zsjanov.cz\/wp-content\/uploads\/2023\/10\/banner_weby-skol_NPOa-1024x419.png 1024w, https:\/\/www.zsjanov.cz\/wp-content\/uploads\/2023\/10\/banner_weby-skol_NPOa-300x123.png 300w, https:\/\/www.zsjanov.cz\/wp-content\/uploads\/2023\/10\/banner_weby-skol_NPOa-768x314.png 768w, https:\/\/www.zsjanov.cz\/wp-content\/uploads\/2023\/10\/banner_weby-skol_NPOa-1536x628.png 1536w, https:\/\/www.zsjanov.cz\/wp-content\/uploads\/2023\/10\/banner_weby-skol_NPOa-2048x837.png 2048w\" sizes=\"auto, (max-width: 1024px) 100vw, 1024px\" \/><\/figure>\n\n\n\n<p><\/p>\n\n\n\n<div class=\"wp-block-group\"><div class=\"wp-block-group__inner-container is-layout-constrained wp-block-group-is-layout-constrained\">\n<div class=\"wp-block-group\"><div class=\"wp-block-group__inner-container is-layout-constrained wp-block-group-is-layout-constrained\"><\/div><\/div>\n\n\n\n<div class=\"wp-block-group\"><div class=\"wp-block-group__inner-container is-layout-constrained wp-block-group-is-layout-constrained\">\n<p><\/p>\n<p class=\"has-medium-font-size\">N\u00e1zev: Zv\u00fd\u0161en\u00ed kvality vzd\u011bl\u00e1v\u00e1n\u00ed &#8211; Z\u0160 a M\u0160 Litv\u00ednov &#8211; Janov<\/p>\n<p> <\/p>\n<p>Eviden\u010dn\u00ed \u010d\u00edslo projektu: 0218\/PODSKOL\/2022<\/p>\n<p> <\/p>\n<p>Celkov\u00fd rozpo\u010det projektu: 16 553 624 K\u010d<\/p>\n<p style=\"text-align: left;\"><\/p>\n<\/div><\/div>\n<\/div><\/div>\n","protected":false},"excerpt":{"rendered":"<p>N\u00e1zev: Zv\u00fd\u0161en\u00ed kvality vzd\u011bl\u00e1v\u00e1n\u00ed &#8211; Z\u0160 a M\u0160 Litv\u00ednov &#8211; Janov Eviden\u010dn\u00ed \u010d\u00edslo projektu: 0218\/PODSKOL\/2022 Celkov\u00fd rozpo\u010det projektu: 16 553 &hellip; <\/p>\n","protected":false},"author":1,"featured_media":0,"parent":386,"menu_order":-1,"comment_status":"closed","ping_status":"closed","template":"","meta":{"footnotes":""},"class_list":["post-2252","page","type-page","status-publish","hentry","latest_post"],"_links":{"self":[{"href":"https:\/\/www.zsjanov.cz\/index.php?rest_route=\/wp\/v2\/pages\/2252","targetHints":{"allow":["GET"]}}],"collection":[{"href":"https:\/\/www.zsjanov.cz\/index.php?rest_route=\/wp\/v2\/pages"}],"about":[{"href":"https:\/\/www.zsjanov.cz\/index.php?rest_route=\/wp\/v2\/types\/page"}],"author":[{"embeddable":true,"href":"https:\/\/www.zsjanov.cz\/index.php?rest_route=\/wp\/v2\/users\/1"}],"replies":[{"embeddable":true,"href":"https:\/\/www.zsjanov.cz\/index.php?rest_route=%2Fwp%2Fv2%2Fcomments&post=2252"}],"version-history":[{"count":4,"href":"https:\/\/www.zsjanov.cz\/index.php?rest_route=\/wp\/v2\/pages\/2252\/revisions"}],"predecessor-version":[{"id":2262,"href":"https:\/\/www.zsjanov.cz\/index.php?rest_route=\/wp\/v2\/pages\/2252\/revisions\/2262"}],"up":[{"embeddable":true,"href":"https:\/\/www.zsjanov.cz\/index.php?rest_route=\/wp\/v2\/pages\/386"}],"wp:attachment":[{"href":"https:\/\/www.zsjanov.cz\/index.php?rest_route=%2Fwp%2Fv2%2Fmedia&parent=2252"}],"curies":[{"name":"wp","href":"https:\/\/api.w.org\/{rel}","templated":true}]}}