{"id":2578,"date":"2024-01-16T19:00:58","date_gmt":"2024-01-16T18:00:58","guid":{"rendered":"http:\/\/www.zsjanov.cz\/?page_id=2578"},"modified":"2026-03-16T07:53:46","modified_gmt":"2026-03-16T06:53:46","slug":"spmp","status":"publish","type":"page","link":"https:\/\/www.zsjanov.cz\/?page_id=2578","title":{"rendered":"SPMP Pobo\u010dn\u00fd spolek Most"},"content":{"rendered":"\n<figure class=\"wp-block-image size-full is-resized\"><img loading=\"lazy\" decoding=\"async\" width=\"120\" height=\"120\" src=\"https:\/\/www.zsjanov.cz\/wp-content\/uploads\/2026\/03\/logo-login-1.png\" alt=\"\" class=\"wp-image-4176\" style=\"width:205px;height:auto\" srcset=\"https:\/\/www.zsjanov.cz\/wp-content\/uploads\/2026\/03\/logo-login-1.png 120w, https:\/\/www.zsjanov.cz\/wp-content\/uploads\/2026\/03\/logo-login-1-70x70.png 70w\" sizes=\"auto, (max-width: 120px) 100vw, 120px\" \/><\/figure>\n\n\n\n<p class=\"has-white-color has-vivid-purple-background-color has-text-color has-background has-link-color wp-elements-67c93ae82c449d593df518fbcd6b1db8\"><strong>O n\u00e1s <\/strong><\/p>\n\n\n\n<p>Jsme nejv\u011bt\u0161\u00ed \u010deskou spole\u010dnost\u00ed podporuj\u00edc\u00ed lidi s ment\u00e1ln\u00edm posti\u017een\u00edm, jejich rodiny a bl\u00edzk\u00e9. Na\u0161ich 54 spolk\u016f pokr\u00fdv\u00e1 cel\u00e9 \u00fazem\u00ed \u010cesk\u00e9 republiky. Podporou SPMP \u010cR pom\u016f\u017eete zlep\u0161ovat \u017eivot v\u00fdznamn\u00e9 skupiny obyvatel.<\/p>\n\n\n\n<p>N\u00e1\u0161 spolek vznikl 8. listopadu 1995 p\u0159i Speci\u00e1ln\u00edch \u0161kol\u00e1ch a Mate\u0159sk\u00e9 \u0161kole v Litv\u00ednov\u011b \u2013 Janov\u011b. Na\u0161im c\u00edlem je zkvalit\u0148ov\u00e1n\u00ed \u017eivota d\u011bt\u00ed s ment\u00e1ln\u00edm posti\u017een\u00edm a jejich rodin. Ka\u017ed\u00fd m\u011bs\u00edc po\u0159\u00e1d\u00e1me klubov\u00e1 odpoledne. N\u011bkolikr\u00e1t do roka s d\u011btmi vyj\u00ed\u017ed\u00edme na ozdravn\u00e9 a rehabilita\u010dn\u00ed pobyty. Na akc\u00edch se vyst\u0159\u00edd\u00e1 asi 150 osob s ment\u00e1ln\u00edm posti\u017een\u00edm.<\/p>\n\n\n\n<p><\/p>\n\n\n\n<p class=\"has-white-color has-vivid-purple-background-color has-text-color has-background has-link-color wp-elements-1758ee532078f0b25b3a69bfb0602d25\"><strong>Rok 2025<\/strong><\/p>\n\n\n\n<p>Projekt <strong>Klub O\u00e1za 2025<\/strong>, realizovan\u00fd organizac\u00ed SPMP \u010cR Pobo\u010dn\u00fd spolek Most, prob\u00edhal od ledna do prosince 2025 <strong>za finan\u010dn\u00ed podpory m\u011bsta Litv\u00ednov<\/strong>. V lednu byla p\u0159ipravena organizace a harmonogram aktivit, b\u011bhem roku prob\u00edhala jejich realizace a v prosinci byl projekt vyhodnocen a administrativn\u011b uzav\u0159en.<\/p>\n\n\n\n<p>Do klubov\u00fdch aktivit se zapojilo celkem <strong>167 \u00fa\u010dastn\u00edk\u016f<\/strong>, p\u0159edev\u0161\u00edm osob s ment\u00e1ln\u00edm posti\u017een\u00edm a osob s kombinovan\u00fdmi vadami, d\u00e1le d\u011bti b\u011b\u017en\u00e9 populace a rodi\u010de. V pr\u016fb\u011bhu roku bylo uskute\u010dn\u011bno <strong>147 aktivit<\/strong> zam\u011b\u0159en\u00fdch na spole\u010densk\u00e9, kulturn\u00ed a sportovn\u00ed vy\u017eit\u00ed i podporu samostatnosti, kter\u00e9 vedli pracovn\u00edci spolku, asistenti a dobrovoln\u00edci.<\/p>\n\n\n\n<p>Sou\u010d\u00e1st\u00ed projektu bylo tak\u00e9 <strong>5 kreativn\u00edch d\u00edlen<\/strong>, n\u00e1v\u0161t\u011bva kina a celodenn\u00ed v\u00fdlet do z\u00e1bavn\u00edho parku Majaland Praha. Aktivity rozv\u00edjely soci\u00e1ln\u00ed a komunika\u010dn\u00ed dovednosti \u00fa\u010dastn\u00edk\u016f, podporovaly jejich samostatnost a p\u0159irozen\u00e9 za\u010dle\u0148ov\u00e1n\u00ed do spole\u010dnosti.<\/p>\n\n\n\n<p>Projekt vytvo\u0159il bezpe\u010dn\u00fd prostor pro smyslupln\u00e9 tr\u00e1ven\u00ed voln\u00e9ho \u010dasu osob s ment\u00e1ln\u00edm posti\u017een\u00edm a p\u0159isp\u011bl k pos\u00edlen\u00ed soci\u00e1ln\u00edch vazeb mezi \u00fa\u010dastn\u00edky i jejich rodinami. <strong>Realizace projektu byla umo\u017en\u011bna d\u00edky podpo\u0159e m\u011bsta Litv\u00ednov.<\/strong><\/p>\n\n\n\n<p><strong><a href=\"https:\/\/www.zsjanov.cz\/wp-content\/uploads\/2026\/03\/Financni-vyporadani-dotace-poskytnute-mestem-Litvinov-v-roce-2025.png\" data-type=\"attachment\" data-id=\"4180\" target=\"_blank\" rel=\"noreferrer noopener\">Finan\u010dn\u00ed vypo\u0159\u00e1d\u00e1n\u00ed<\/a><\/strong><\/p>\n\n\n\n<p><strong><a href=\"https:\/\/www.zsjanov.cz\/wp-content\/uploads\/2026\/03\/Zaverecna-zprava-financni-vyporadani-dotace-za-rok-2025-_Mesto-Litvinov.pdf\" data-type=\"attachment\" data-id=\"4179\" target=\"_blank\" rel=\"noreferrer noopener\">Z\u00e1vre\u010dn\u00e1 zpr\u00e1va<\/a><\/strong><\/p>\n\n\n\n<p class=\"has-white-color has-vivid-purple-background-color has-text-color has-background has-link-color wp-elements-a1b960023c1d9b1d955801bb9c9d0a52\"><strong>Projekty<\/strong><\/p>\n\n\n\n<p>Klubov\u00e1 odpoledne O\u00e1za 2023 (23\/SML0951\/SoPD\/SMT)<\/p>\n\n\n\n<p>Aktivit se z\u00fa\u010dastnilo 162 klient\u016f, zejm\u00e9na osob s ment\u00e1ln\u00edm posti\u017een\u00edm nebo osob s ment\u00e1ln\u00edm posti\u017een\u00edm s p\u0159idru\u017een\u00fdmi kombinovan\u00fdmi vadami. Dal\u0161\u00edmi \u00fa\u010dastn\u00edky byly d\u011bti b\u011b\u017en\u00e9 populace.<\/p>\n\n\n\n<p>Po\u010det \u00fa\u010dastn\u00edk\u016f s v\u011bkov\u00fdm rozli\u0161en\u00edm:<\/p>\n\n\n\n<p>&#8211; 7 d\u011bt\u00ed do 7 let<\/p>\n\n\n\n<p>&#8211; 125 d\u011bt\u00ed 8-16 let<\/p>\n\n\n\n<p>&#8211; 30 osob 17 \u2013 26 let<\/p>\n\n\n\n<p>V roce 2023 kraj podpo\u0159il projekt \u010d\u00e1stkou 50 000,- K\u010d.<\/p>\n\n\n\n<p><\/p>\n\n\n\n<p class=\"has-white-color has-vivid-purple-background-color has-text-color has-background has-link-color wp-elements-667f4081a69c4c97e710dd684cdb95ea\"><strong>KLUBOV\u00c1 ODPOLEDNE 2023<\/strong><\/p>\n\n\n\n<figure class=\"wp-block-table is-style-stripes has-medium-font-size\"><table><tbody><tr><td class=\"has-text-align-left\" data-align=\"left\"><strong>M\u011bs\u00edc<\/strong><\/td><td class=\"has-text-align-left\" data-align=\"left\" colspan=\"2\"><strong>Akce<\/strong><\/td><td><strong>Po\u010det \u00fa\u010dastn\u00edk\u016f<\/strong><\/td><\/tr><tr><td class=\"has-text-align-left\" data-align=\"left\"><strong><em>Leden<\/em><\/strong><\/td><td class=\"has-text-align-left\" data-align=\"left\" colspan=\"2\">Kreativn\u00ed d\u00edlna \u2013 keramika (6.1., 13.1) <br>Hudebn\u00ed d\u00edlna \u2013 muzic\u00edrov\u00e1n\u00ed (17.1.) <br>Plav\u00e1n\u00ed (11.61, 18.1., 25.1.) <br>Zimn\u00ed olympi\u00e1da (19.1.) <br>Bowling (26.1.) <br>Kreativn\u00ed d\u00edlna \u2013 Zima (30.1.)<\/td><td>30 <br>30 <br>30 <br>40 <br>30 <br>30<\/td><\/tr><tr><td class=\"has-text-align-left\" data-align=\"left\"><strong><em>\u00danor<\/em><\/strong><\/td><td class=\"has-text-align-left\" data-align=\"left\" colspan=\"2\">Bingo&nbsp; (2.2.) <br>Kreativn\u00ed d\u00edlna &#8211; Valent\u00fdn (13.2.) <br>Kreativn\u00ed d\u00edlna&nbsp; &#8211; keramika (17.2.) <br>Kreativn\u00ed d\u00edlna &#8211; Masopustn\u00ed masky (20.2.) <br>Plav\u00e1n\u00ed (1.2., 8.2., 15.2., 22.2.) <br>Bowling (23.2.)<\/td><td>30 <br>35 <br>20 <br>30 <br>25 <br>30<\/td><\/tr><tr><td class=\"has-text-align-left\" data-align=\"left\"><strong><em>B\u0159ezen<\/em><\/strong><\/td><td class=\"has-text-align-left\" data-align=\"left\" colspan=\"2\">Velikono\u010dn\u00ed d\u00edlna \u2013 pe\u010den\u00ed a zdoben\u00ed pern\u00ed\u010dk\u016f (9.3, 16.3.) <br>Muzic\u00edrov\u00e1n\u00ed (14.3.) <br>Lamaterapie (24.3.) <br>Mat\u011bjsk\u00e1 pou\u0165 pro ZP (27.3.) <br>Kreativn\u00ed d\u00edlna \u2013 jarn\u00ed dekorace (28.3.) <br>Plav\u00e1n\u00ed (1.3., 8.3., 15.3., 22.3., 29.3.) <br>Bowling (30.3.)<\/td><td>30 <br>30 <br>30 <br>60 <br>30 <br>30 <br>30<\/td><\/tr><tr><td class=\"has-text-align-left\" data-align=\"left\" colspan=\"2\"><strong><em>Duben<\/em><\/strong><\/td><td class=\"has-text-align-left\" data-align=\"left\">Kreativn\u00ed d\u00edlna \u2013 keramika (14.4., 21.4.) <br>Lamaterapie (13.4.) <br>Netradi\u010dn\u00ed olympi\u00e1da (21.4.)<br>Plav\u00e1n\u00ed (12.9., 19.4., 26.4.) <br>Kino (25.4.) <br>Poklad kapit\u00e1na Flynta Chomutov (27.4.) <br>Bowling (28.4.)<\/td><td>30 <br>30 <br>50 <br>25 <br>45 <br>30 <br>30<\/td><\/tr><tr><td class=\"has-text-align-left\" data-align=\"left\" colspan=\"2\"><strong><em>Kv\u011bten<\/em><\/strong><\/td><td class=\"has-text-align-left\" data-align=\"left\">Petangue \u2013 tr\u00e9nink (4.5.) <br>Molkky \u2013 trunaj (12.5.) <br>Dinopark Liberec (24.5. 2023) <br>Laser Game Liberec (25.5., 26.5.) <br>Plav\u00e1n\u00ed (3.5., 10.5., 17.5.) <br>Bowling (25.5.) <br>Keramick\u00e1 d\u00edlna (30.5., 31.5.)<\/td><td>40 <br>40 <br>40 <br>40 <br>25 <br>30 <br>30 &nbsp;<\/td><\/tr><tr><td class=\"has-text-align-left\" data-align=\"left\" colspan=\"2\"><strong><em>\u010cerven<\/em><\/strong><\/td><td class=\"has-text-align-left\" data-align=\"left\">Den d\u011bt\u00ed (1.6.) <br>Bowling &#8211; turnaj (8.6.) <br>Petangue \u2013 turnaj (8.6.) <br>Cirkus park (20.6.) <br>Plavan\u00ed (7.6., 14.6., 21.6.) <br>Keramick\u00e1 d\u00edlna (9.6., 16.6.) <br>Kreativn\u00ed d\u00edlna FIMO (20.6.) <br>Litv\u00ednovsk\u00fd \u0161pac\u00edr (23.6.) <br>Sportovn\u00ed hry \u2013 venkovn\u00ed hry (30.6.)<\/td><td>50 <br>40 <br>40 <br>50 <br>25 <br>30 <br>30 <br>30 <br>50<\/td><\/tr><tr><td class=\"has-text-align-left\" data-align=\"left\" colspan=\"2\"><strong><em>\u010cervenec,srpen<\/em><\/strong><\/td><td class=\"has-text-align-left\" data-align=\"left\">Bowling \u2013 turnaj (2.7.) <br>Kino Teplice (5.7.) <br>Plav\u00e1n\u00ed (2.8., 9.8., 16.8., 23.8., 30.8.)<\/td><td>40 <br>40 <br>30<\/td><\/tr><tr><td class=\"has-text-align-left\" data-align=\"left\" colspan=\"2\"><strong><em>Z\u00e1\u0159\u00ed<\/em><\/strong><\/td><td class=\"has-text-align-left\" data-align=\"left\">Turnaj ve spole\u010densk\u00fdch hr\u00e1ch (5.9.) <br>Keramick\u00e1 d\u00edlna (12.9.) <br>Bingo (15.9.) <br>Praha \u2013 turistick\u00fd v\u00fdlet po pam\u00e1tk\u00e1ch (19.9.) <br>Majaland (23.9.) <br>Plav\u00e1n\u00ed (6.9., 13.9., 20.9., 27.9.) <br>Kreativn\u00ed d\u00edlna &#8211; Kor\u00e1lkov\u00e1n\u00ed (22.9.) <br>Bowling (25.9.) <br>Sportovn\u00ed hry \u2013 venkovn\u00ed hry (27.9.)<\/td><td>30 <br>20 <br>30 <br>50 <br>50 <br>30 <br>30 <br>30 <br>60<\/td><\/tr><tr><td class=\"has-text-align-left\" data-align=\"left\" colspan=\"2\"><strong><em>\u0158\u00edjen<\/em><\/strong><\/td><td class=\"has-text-align-left\" data-align=\"left\">Bingo (3.10.) <br>Kreativn\u00ed d\u00edlna \u2013 keramika (6.10., 13.10,) <br>Kreativn\u00ed d\u00edlna \u2013 v\u00fdroba m\u00fddel (10.10.) <br>Kreativn\u00ed d\u00edlna \u2013 s\u00e1drov\u00e9 odlitky (17.10.) <br>Muzic\u00edrov\u00e1n\u00ed (19.10.) <br>Deskohran\u00ed (deskov\u00e9 hry) (26.10.) <br>Sportovn\u00ed hry (27.10.)<\/td><td>35 <br>30 <br>30 <br>30 <br>30 <br>30<br>40<\/td><\/tr><tr><td class=\"has-text-align-left\" data-align=\"left\" colspan=\"2\"><strong><em>Listopad<\/em><\/strong><\/td><td class=\"has-text-align-left\" data-align=\"left\">Kreativn\u00ed d\u00edlna \u2013 keramika (1.11.) <br>Bowling (1.11.) <br>Divadeln\u00ed p\u0159edstaven\u00ed (4.11.) <br>P\u0159edv\u00e1no\u010dn\u00ed d\u00edlna \u2013 pe\u010den\u00ed pern\u00ed\u010dk\u016f (10.11.,23.11.) <br>Snoezelen \u00dast\u00ed nad Labem (15.11.)<br>Kreativn\u00ed d\u00edlna \u2013 v\u011bncov\u00e1n\u00ed (21.11.,24.11.) <br>Hr\u00e1tky s&nbsp;velrybou B\u011btkou Libochovice (28.11.) <br>Bowling (30.11.)<\/td><td>25 <br>30 <br>20 <br>40 <br>40 <br>40 <br>30 <br>30<\/td><\/tr><tr><td class=\"has-text-align-left\" data-align=\"left\" colspan=\"2\"><strong><em>Prosinec<\/em><\/strong><\/td><td class=\"has-text-align-left\" data-align=\"left\">Mikul\u00e1\u0161sk\u00e1 (5.12.) <br>V\u00e1no\u010dn\u00ed d\u016fm Karlovy Vary (13.12.) <br>Krajsk\u00fd turnaj v&nbsp;bowlingu (14.12.) <br>V\u00e1no\u010dn\u00ed keramick\u00e1 d\u00edlna (15.12.) <br>V\u00e1no\u010dn\u00ed t\u011b\u0161en\u00ed (14.12.) <br>Sportovn\u00ed hry (19.12.) <br>Kreativn\u00ed d\u00edlna <br>V\u00e1no\u010dn\u00ed tvo\u0159en\u00ed (21.12.) <br>Plav\u00e1n\u00ed (6.12.,13.12., 19.12.)<\/td><td>50 <br>58 <br>60 <br>45 <br>50 <br>40 <br>40 <br>30<\/td><\/tr><\/tbody><\/table><\/figure>\n","protected":false},"excerpt":{"rendered":"<p>O n\u00e1s Jsme nejv\u011bt\u0161\u00ed \u010deskou spole\u010dnost\u00ed podporuj\u00edc\u00ed lidi s ment\u00e1ln\u00edm posti\u017een\u00edm, jejich rodiny a bl\u00edzk\u00e9. Na\u0161ich 54 spolk\u016f pokr\u00fdv\u00e1 cel\u00e9 &hellip; <\/p>\n","protected":false},"author":1,"featured_media":0,"parent":0,"menu_order":0,"comment_status":"closed","ping_status":"closed","template":"","meta":{"footnotes":""},"class_list":["post-2578","page","type-page","status-publish","hentry","latest_post"],"_links":{"self":[{"href":"https:\/\/www.zsjanov.cz\/index.php?rest_route=\/wp\/v2\/pages\/2578","targetHints":{"allow":["GET"]}}],"collection":[{"href":"https:\/\/www.zsjanov.cz\/index.php?rest_route=\/wp\/v2\/pages"}],"about":[{"href":"https:\/\/www.zsjanov.cz\/index.php?rest_route=\/wp\/v2\/types\/page"}],"author":[{"embeddable":true,"href":"https:\/\/www.zsjanov.cz\/index.php?rest_route=\/wp\/v2\/users\/1"}],"replies":[{"embeddable":true,"href":"https:\/\/www.zsjanov.cz\/index.php?rest_route=%2Fwp%2Fv2%2Fcomments&post=2578"}],"version-history":[{"count":11,"href":"https:\/\/www.zsjanov.cz\/index.php?rest_route=\/wp\/v2\/pages\/2578\/revisions"}],"predecessor-version":[{"id":4181,"href":"https:\/\/www.zsjanov.cz\/index.php?rest_route=\/wp\/v2\/pages\/2578\/revisions\/4181"}],"wp:attachment":[{"href":"https:\/\/www.zsjanov.cz\/index.php?rest_route=%2Fwp%2Fv2%2Fmedia&parent=2578"}],"curies":[{"name":"wp","href":"https:\/\/api.w.org\/{rel}","templated":true}]}}