{"id":2648,"date":"2024-02-01T10:53:25","date_gmt":"2024-02-01T09:53:25","guid":{"rendered":"http:\/\/www.zsjanov.cz\/?page_id=2648"},"modified":"2025-10-22T09:20:17","modified_gmt":"2025-10-22T07:20:17","slug":"mistni-akcni-plan-rozvoje-vzdelavani-iv-pro-orp-litvinov","status":"publish","type":"page","link":"https:\/\/www.zsjanov.cz\/?page_id=2648","title":{"rendered":"M\u00edstn\u00ed ak\u010dn\u00ed pl\u00e1n rozvoje vzd\u011bl\u00e1v\u00e1n\u00ed IV pro ORP Litv\u00ednov"},"content":{"rendered":"\n<figure class=\"wp-block-image size-full\"><a href=\"https:\/\/www.masnadeje.cz\/projekty-1\/mistni-akcni-plan-rozvoje-vzdelavani-iv-pro-orp-litvinov\/\" target=\"_blank\" rel=\"noreferrer noopener\"><img loading=\"lazy\" decoding=\"async\" width=\"647\" height=\"241\" src=\"http:\/\/www.zsjanov.cz\/wp-content\/uploads\/2022\/08\/map_logo-1.jpg\" alt=\"\" class=\"wp-image-1166\" srcset=\"https:\/\/www.zsjanov.cz\/wp-content\/uploads\/2022\/08\/map_logo-1.jpg 647w, https:\/\/www.zsjanov.cz\/wp-content\/uploads\/2022\/08\/map_logo-1-300x112.jpg 300w\" sizes=\"auto, (max-width: 647px) 100vw, 647px\" \/><\/a><\/figure>\n\n\n\n<p><a href=\"http:\/\/www.zsjanov.cz\/wp-content\/uploads\/2024\/03\/Informacni-brozura-2024-1.pdf\" data-type=\"link\" data-id=\"http:\/\/www.zsjanov.cz\/wp-content\/uploads\/2024\/03\/Informacni-brozura-2024-1.pdf\" target=\"_blank\" rel=\"noreferrer noopener\"><strong>Bro\u017eura<\/strong><\/a><\/p>\n\n\n\n<p><strong><a href=\"http:\/\/www.zsjanov.cz\/wp-content\/uploads\/2024\/03\/1TZ_1202404_MAPIV.pdf\" data-type=\"attachment\" data-id=\"2806\" target=\"_blank\" rel=\"noreferrer noopener\">Tiskov\u00e1 zpr\u00e1va \u010d. 1<\/a><\/strong><\/p>\n\n\n\n<p><a href=\"http:\/\/www.zsjanov.cz\/wp-content\/uploads\/2024\/08\/2_TZ_2024_08.pdf\" data-type=\"attachment\" data-id=\"3329\" target=\"_blank\" rel=\"noreferrer noopener\"><strong>Tiskov\u00e1 zpr\u00e1va \u010d. 2<\/strong><\/a><\/p>\n\n\n\n<p><a href=\"http:\/\/www.zsjanov.cz\/wp-content\/uploads\/2024\/12\/3_TZU_2024_12.pdf\" data-type=\"attachment\" data-id=\"3682\" target=\"_blank\" rel=\"noreferrer noopener\"><strong>Tiskov\u00e1 zpr\u00e1va \u010d. 3<\/strong><\/a><\/p>\n\n\n\n<p><a href=\"http:\/\/www.zsjanov.cz\/wp-content\/uploads\/2025\/03\/202503-4.-TZ.pdf\" data-type=\"attachment\" data-id=\"3810\" target=\"_blank\" rel=\"noreferrer noopener\">Tiskov\u00e1 zpr\u00e1va \u010d. 4<\/a><\/p>\n\n\n\n<p><a href=\"https:\/\/www.zsjanov.cz\/wp-content\/uploads\/2025\/10\/6_TZ_202510.pdf\" data-type=\"attachment\" data-id=\"4076\"><strong>Tiskov\u00e1 zpr\u00e1va \u010d. 6<\/strong><\/a><\/p>\n\n\n\n<p><strong><a href=\"https:\/\/www.zsjanov.cz\/wp-content\/uploads\/2025\/10\/7_TZ_202510.pdf\" data-type=\"attachment\" data-id=\"4080\" target=\"_blank\" rel=\"noreferrer noopener\">Tiskov\u00e1 zpr\u00e1va \u010d. 7<\/a><\/strong><\/p>\n\n\n\n<p>Projekt \u201eM\u00edstn\u00ed ak\u010dn\u00ed pl\u00e1n rozvoje vzd\u011bl\u00e1v\u00e1n\u00ed IV pro ORP Litv\u00ednov\u201c, nebo tak\u00e9 MAP IV, je navazuj\u00edc\u00edm projektem m\u00edstn\u00edho ak\u010dn\u00edho pl\u00e1nu rozvoje vzd\u011bl\u00e1v\u00e1n\u00ed III pro ORP Litv\u00ednov. M\u00edstn\u00ed ak\u010dn\u00ed pl\u00e1n rozvoje vzd\u011bl\u00e1v\u00e1n\u00ed je strategick\u00fd dokument, zam\u011b\u0159uj\u00edc\u00ed se na oblast vzd\u011bl\u00e1v\u00e1n\u00ed na \u00farovni mate\u0159sk\u00fdch a z\u00e1kladn\u00edch \u0161kol pro konkr\u00e9tn\u00ed spr\u00e1vn\u00ed oblast obce s roz\u0161\u00ed\u0159enou p\u016fsobnost\u00ed, skl\u00e1daj\u00edc\u00ed se z podrobn\u00e9 anal\u00fdzy probl\u00e9m\u016f a pot\u0159eb v oblasti vzd\u011bl\u00e1vac\u00ed politiky v\u010d. shody zapojen\u00fdch subjekt\u016f na priorit\u00e1ch \u0159e\u0161en\u00e9 oblasti a n\u00e1vrhu konkr\u00e9tn\u00edch aktivit nutn\u00fdch pro rozvoj dan\u00e9ho \u00fazem\u00ed.<\/p>\n\n\n\n<p>Na jeho tvorb\u011b se pod\u00edl\u00ed v\u0161ichni kl\u00ed\u010dov\u00ed akt\u00e9\u0159i z oblasti \u0161kolstv\u00ed. V r\u00e1mci t\u00e9to tvorby doch\u00e1z\u00ed k vytv\u00e1\u0159en\u00ed komunika\u010dn\u00ed platformy mezi mate\u0159sk\u00fdmi \u0161kolami, z\u00e1kladn\u00edmi \u0161kolami a dal\u0161\u00edmi subjekty, maj\u00edc\u00ed vliv a z\u00e1jem o rozvoj v oblasti vzd\u011bl\u00e1vac\u00ed politiky. Do projektu je zapojeno celkem 14 subjekt\u016f.<\/p>\n\n\n\n<p>C\u00edlem projektu je zlep\u0161it kvalitu vzd\u011bl\u00e1v\u00e1n\u00ed v mate\u0159sk\u00fdch a z\u00e1kladn\u00edch \u0161kol\u00e1ch ve spolupr\u00e1ci s organizacemi neform\u00e1ln\u00edho a z\u00e1jmov\u00e9ho vzd\u011bl\u00e1v\u00e1n\u00ed na \u00fazem\u00ed ORP Litv\u00ednov podporou spolupr\u00e1ce z\u0159izovatel\u016f, \u0161kol a \u0161kolsk\u00fdch za\u0159\u00edzen\u00ed, pedagog\u016f, rodi\u010d\u016f a \u017e\u00e1k\u016f a v\u0161ech ostatn\u00edch akt\u00e9r\u016f v \u00fazem\u00ed.<\/p>\n\n\n\n<p>Na realizaci navazuj\u00edc\u00edho projektu se pod\u00edl\u00ed MAS Nad\u011bje o.p.s. jako\u017eto nositel projektu a m\u011bsto Litv\u00ednov z pozice partnera s finan\u010dn\u00edm p\u0159\u00edsp\u011bvkem.<\/p>\n\n\n<p style=\"margin: 0cm; margin-bottom: .0001pt; text-align: justify;\"><strong>Z\u00e1kladn\u00ed \u00fadaje o projektu:<\/strong><\/p>\n<p style=\"margin: 0cm; margin-bottom: .0001pt; text-align: justify;\"><strong>Registra\u010dn\u00ed \u010d\u00edslo: <\/strong>CZ.02.02.XX\/00\/23_017\/0008330<\/p>\n<p style=\"margin: 0cm; margin-bottom: .0001pt; text-align: justify;\"><strong>Poskytovatel dotace:<\/strong> Ministerstvo \u0161kolstv\u00ed, ml\u00e1de\u017ee a t\u011blov\u00fdchovy \u010cR prost\u0159ednictv\u00edm Opera\u010dn\u00edho programu Jan \u00c1mos Komensk\u00fd 2021\u20132027<\/p>\n<p style=\"margin: 0cm; margin-bottom: .0001pt; text-align: justify;\"><strong>Harmonogram: <\/strong>od 1. prosince 2023 do 31. prosince 2025<\/p>\n<p style=\"margin: 0cm; margin-bottom: .0001pt; text-align: justify;\"><strong>Financov\u00e1n\u00ed: <\/strong>ex ante, 100% podpora, 0% spolu\u00fa\u010dast<\/p>\n<p style=\"margin: 0cm; margin-bottom: .0001pt; text-align: justify;\"><strong>Rozpo\u010det: <\/strong><\/p>\n<p style=\"margin: 0cm; margin-bottom: .0001pt; text-align: justify;\">MAS Nad\u011bje o.p.s. 4.764.793,15 K\u010d<\/p>\n<p style=\"margin: 0cm; margin-bottom: .0001pt; text-align: justify;\">M\u011bsto Litv\u00ednov 590.058,00 K\u010d<\/p>\n<p style=\"margin: 0cm; margin-bottom: .0001pt; text-align: justify;\">Celkem 5.354.851,15 K\u010d<\/p>\n<p style=\"margin: 0cm; margin-bottom: .0001pt; text-align: justify;\"><strong>Webov\u00e9 str\u00e1nky: <\/strong><a href=\"https:\/\/www.masnadeje.cz\/projekty-1\/mistni-akcni-plan-rozvoje-vzdelavani-iv-pro-orp-litvinov\/\">MAS NAD\u011aJE<\/a><strong><br \/><\/strong><\/p>\n<p style=\"margin: 0cm; margin-bottom: .0001pt; text-align: justify;\">E-mailov\u00fd kontakt: <a href=\"mailto:mapiilitvinova@gmail.com\" target=\"_blank\" rel=\"noopener\">mapiilitvinova@gmail.com<\/a><\/p>\n<p style=\"margin: 0cm; margin-bottom: .0001pt; text-align: justify;\">Telefonn\u00ed kontakt: (+420) 775 250 233 Ing. Kamila Rej\u010dov\u00e1 \u2013 \u0159editelka MAS Nad\u011bje o.p.s.<\/p>\n\n\n<p><\/p>\n\n\n\n<figure class=\"wp-block-image size-large is-resized\"><img loading=\"lazy\" decoding=\"async\" width=\"1024\" height=\"724\" src=\"http:\/\/www.zsjanov.cz\/wp-content\/uploads\/2024\/02\/0-1024x724.jpg\" alt=\"\" class=\"wp-image-2652\" style=\"width:960px;height:auto\" srcset=\"https:\/\/www.zsjanov.cz\/wp-content\/uploads\/2024\/02\/0-1024x724.jpg 1024w, https:\/\/www.zsjanov.cz\/wp-content\/uploads\/2024\/02\/0-300x212.jpg 300w, https:\/\/www.zsjanov.cz\/wp-content\/uploads\/2024\/02\/0-768x543.jpg 768w, https:\/\/www.zsjanov.cz\/wp-content\/uploads\/2024\/02\/0-1536x1086.jpg 1536w, https:\/\/www.zsjanov.cz\/wp-content\/uploads\/2024\/02\/0.jpg 1683w\" sizes=\"auto, (max-width: 1024px) 100vw, 1024px\" \/><\/figure>\n","protected":false},"excerpt":{"rendered":"<p>Bro\u017eura Tiskov\u00e1 zpr\u00e1va \u010d. 1 Tiskov\u00e1 zpr\u00e1va \u010d. 2 Tiskov\u00e1 zpr\u00e1va \u010d. 3 Tiskov\u00e1 zpr\u00e1va \u010d. 4 Tiskov\u00e1 zpr\u00e1va \u010d. &hellip; <\/p>\n","protected":false},"author":1,"featured_media":1166,"parent":386,"menu_order":-1,"comment_status":"closed","ping_status":"closed","template":"","meta":{"footnotes":""},"class_list":["post-2648","page","type-page","status-publish","has-post-thumbnail","hentry","latest_post"],"_links":{"self":[{"href":"https:\/\/www.zsjanov.cz\/index.php?rest_route=\/wp\/v2\/pages\/2648","targetHints":{"allow":["GET"]}}],"collection":[{"href":"https:\/\/www.zsjanov.cz\/index.php?rest_route=\/wp\/v2\/pages"}],"about":[{"href":"https:\/\/www.zsjanov.cz\/index.php?rest_route=\/wp\/v2\/types\/page"}],"author":[{"embeddable":true,"href":"https:\/\/www.zsjanov.cz\/index.php?rest_route=\/wp\/v2\/users\/1"}],"replies":[{"embeddable":true,"href":"https:\/\/www.zsjanov.cz\/index.php?rest_route=%2Fwp%2Fv2%2Fcomments&post=2648"}],"version-history":[{"count":14,"href":"https:\/\/www.zsjanov.cz\/index.php?rest_route=\/wp\/v2\/pages\/2648\/revisions"}],"predecessor-version":[{"id":4081,"href":"https:\/\/www.zsjanov.cz\/index.php?rest_route=\/wp\/v2\/pages\/2648\/revisions\/4081"}],"up":[{"embeddable":true,"href":"https:\/\/www.zsjanov.cz\/index.php?rest_route=\/wp\/v2\/pages\/386"}],"wp:featuredmedia":[{"embeddable":true,"href":"https:\/\/www.zsjanov.cz\/index.php?rest_route=\/wp\/v2\/media\/1166"}],"wp:attachment":[{"href":"https:\/\/www.zsjanov.cz\/index.php?rest_route=%2Fwp%2Fv2%2Fmedia&parent=2648"}],"curies":[{"name":"wp","href":"https:\/\/api.w.org\/{rel}","templated":true}]}}