{"id":2966,"date":"2024-04-24T09:58:11","date_gmt":"2024-04-24T07:58:11","guid":{"rendered":"http:\/\/www.zsjanov.cz\/?page_id=2966"},"modified":"2024-04-24T10:01:53","modified_gmt":"2024-04-24T08:01:53","slug":"robotel","status":"publish","type":"page","link":"https:\/\/www.zsjanov.cz\/?page_id=2966","title":{"rendered":"ROBOTEL"},"content":{"rendered":"<div class=\"wp-block-image\">\n<figure class=\"alignleft size-full is-resized\"><a href=\"https:\/\/robotel.cz\/\" target=\"_blank\" rel=\"noreferrer noopener\"><img loading=\"lazy\" decoding=\"async\" width=\"430\" height=\"164\" src=\"http:\/\/www.zsjanov.cz\/wp-content\/uploads\/2024\/04\/smartclasslogo.png\" alt=\"\" class=\"wp-image-2965\" style=\"width:267px;height:auto\" srcset=\"https:\/\/www.zsjanov.cz\/wp-content\/uploads\/2024\/04\/smartclasslogo.png 430w, https:\/\/www.zsjanov.cz\/wp-content\/uploads\/2024\/04\/smartclasslogo-300x114.png 300w\" sizes=\"auto, (max-width: 430px) 100vw, 430px\" \/><\/a><\/figure>\n<\/div>\n\n<div class=\"wp-block-image\">\n<figure class=\"alignright size-full is-resized\"><img loading=\"lazy\" decoding=\"async\" width=\"336\" height=\"91\" src=\"http:\/\/www.zsjanov.cz\/wp-content\/uploads\/2024\/04\/image001.png\" alt=\"\" class=\"wp-image-2968\" style=\"width:273px;height:auto\" srcset=\"https:\/\/www.zsjanov.cz\/wp-content\/uploads\/2024\/04\/image001.png 336w, https:\/\/www.zsjanov.cz\/wp-content\/uploads\/2024\/04\/image001-300x81.png 300w\" sizes=\"auto, (max-width: 336px) 100vw, 336px\" \/><\/figure>\n<\/div>\n\n\n<p><\/p>\n\n\n\n<p><\/p>\n\n\n\n<p><\/p>\n\n\n\n<p class=\"has-luminous-vivid-amber-background-color has-background\"><strong>Modern\u00ed digit\u00e1ln\u00ed multimedi\u00e1ln\u00ed laborato\u0159 Robotel SmartClass<\/strong><\/p>\n\n\n\n<p><\/p>\n\n\n\n<p class=\"has-black-color has-vivid-green-cyan-background-color has-text-color has-background has-link-color wp-elements-e09ef86223e8d2259a4ac74934c4ef89\"><strong>P\u0159\u00edstupy<\/strong><\/p>\n\n\n\n<p><\/p>\n\n\n\n<figure class=\"wp-block-image size-full is-resized\"><a href=\"https:\/\/www.robotelapps.com\/WEBteacher\/sc_web_01.html?RSID26-213.129.135.51:10443\" target=\"_blank\" rel=\"noreferrer noopener\"><img loading=\"lazy\" decoding=\"async\" width=\"778\" height=\"200\" src=\"http:\/\/www.zsjanov.cz\/wp-content\/uploads\/2024\/04\/Ucitel_mimo_skolu1.png\" alt=\"\" class=\"wp-image-2963\" style=\"width:593px;height:auto\" srcset=\"https:\/\/www.zsjanov.cz\/wp-content\/uploads\/2024\/04\/Ucitel_mimo_skolu1.png 778w, https:\/\/www.zsjanov.cz\/wp-content\/uploads\/2024\/04\/Ucitel_mimo_skolu1-300x77.png 300w, https:\/\/www.zsjanov.cz\/wp-content\/uploads\/2024\/04\/Ucitel_mimo_skolu1-768x197.png 768w\" sizes=\"auto, (max-width: 778px) 100vw, 778px\" \/><\/a><\/figure>\n\n\n\n<p><\/p>\n\n\n\n<figure class=\"wp-block-image size-full is-resized\"><a href=\"https:\/\/www.robotelapps.com\/WEBapp\/sc_web_01.html?RSID26-213.129.135.51:10443\" target=\"_blank\" rel=\"noreferrer noopener\"><img loading=\"lazy\" decoding=\"async\" width=\"672\" height=\"196\" src=\"http:\/\/www.zsjanov.cz\/wp-content\/uploads\/2024\/04\/zak_mimo_skolu.png\" alt=\"\" class=\"wp-image-2964\" style=\"width:592px;height:auto\" srcset=\"https:\/\/www.zsjanov.cz\/wp-content\/uploads\/2024\/04\/zak_mimo_skolu.png 672w, https:\/\/www.zsjanov.cz\/wp-content\/uploads\/2024\/04\/zak_mimo_skolu-300x88.png 300w\" sizes=\"auto, (max-width: 672px) 100vw, 672px\" \/><\/a><\/figure>\n\n\n\n<p><\/p>\n","protected":false},"excerpt":{"rendered":"<p>Modern\u00ed digit\u00e1ln\u00ed multimedi\u00e1ln\u00ed laborato\u0159 Robotel SmartClass P\u0159\u00edstupy<\/p>\n","protected":false},"author":1,"featured_media":0,"parent":0,"menu_order":0,"comment_status":"closed","ping_status":"closed","template":"","meta":{"footnotes":""},"class_list":["post-2966","page","type-page","status-publish","hentry","latest_post"],"_links":{"self":[{"href":"https:\/\/www.zsjanov.cz\/index.php?rest_route=\/wp\/v2\/pages\/2966","targetHints":{"allow":["GET"]}}],"collection":[{"href":"https:\/\/www.zsjanov.cz\/index.php?rest_route=\/wp\/v2\/pages"}],"about":[{"href":"https:\/\/www.zsjanov.cz\/index.php?rest_route=\/wp\/v2\/types\/page"}],"author":[{"embeddable":true,"href":"https:\/\/www.zsjanov.cz\/index.php?rest_route=\/wp\/v2\/users\/1"}],"replies":[{"embeddable":true,"href":"https:\/\/www.zsjanov.cz\/index.php?rest_route=%2Fwp%2Fv2%2Fcomments&post=2966"}],"version-history":[{"count":5,"href":"https:\/\/www.zsjanov.cz\/index.php?rest_route=\/wp\/v2\/pages\/2966\/revisions"}],"predecessor-version":[{"id":2974,"href":"https:\/\/www.zsjanov.cz\/index.php?rest_route=\/wp\/v2\/pages\/2966\/revisions\/2974"}],"wp:attachment":[{"href":"https:\/\/www.zsjanov.cz\/index.php?rest_route=%2Fwp%2Fv2%2Fmedia&parent=2966"}],"curies":[{"name":"wp","href":"https:\/\/api.w.org\/{rel}","templated":true}]}}