{"id":3,"date":"2021-10-11T14:41:34","date_gmt":"2021-10-11T12:41:34","guid":{"rendered":"http:\/\/test.zsjanov.cz\/?page_id=3"},"modified":"2024-09-30T12:22:00","modified_gmt":"2024-09-30T10:22:00","slug":"ochrana-osobnich-udaju","status":"publish","type":"page","link":"https:\/\/www.zsjanov.cz\/?page_id=3","title":{"rendered":"Z\u00e1sady ochrany osobn\u00edch \u00fadaj\u016f"},"content":{"rendered":"\n<div class=\"wp-block-group\"><div class=\"wp-block-group__inner-container is-layout-flow wp-block-group-is-layout-flow\">\n<h2 class=\"wp-block-heading\">Pov\u011b\u0159enec pro ochranu osobn\u00edch \u00fadaj\u016f<\/h2>\n\n\n\n<p>Pov\u011b\u0159enec je zam\u011bstnancem z\u0159izovatele \u0161koly M\u011bsta Litv\u00ednov:<\/p>\n\n\n\n<p><strong>Mgr. Nikola Antlov\u00e1<\/strong><\/p>\n\n\n\n<p>Adresa: M\u011bstsk\u00fd \u00fa\u0159ad Litv\u00ednov, n\u00e1m\u011bst\u00ed M\u00edru 11, 436 01 Litv\u00ednov<\/p>\n\n\n\n<p>Kontakt: telefon: 774 885 120\u00a0\u00a0\u00a0\u00a0\u00a0\u00a0\u00a0\u00a0\u00a0\u00a0\u00a0\u00a0\u00a0\u00a0\u00a0\u00a0\u00a0\u00a0\u00a0<\/p>\n\n\n\n<p>e-mail: \u00a0<a href=\"mailto:nikola@antlova-ak.cz\" data-type=\"mailto\" data-id=\"mailto:nikola@antlova-ak.cz\" target=\"_blank\" rel=\"noreferrer noopener\">nikola@antlova-ak.cz<\/a><\/p>\n<\/div><\/div>\n","protected":false},"excerpt":{"rendered":"<p>Pov\u011b\u0159enec pro ochranu osobn\u00edch \u00fadaj\u016f Pov\u011b\u0159enec je zam\u011bstnancem z\u0159izovatele \u0161koly M\u011bsta Litv\u00ednov: Mgr. Nikola Antlov\u00e1 Adresa: M\u011bstsk\u00fd \u00fa\u0159ad Litv\u00ednov, n\u00e1m\u011bst\u00ed &hellip; <\/p>\n","protected":false},"author":1,"featured_media":0,"parent":0,"menu_order":0,"comment_status":"closed","ping_status":"open","template":"","meta":{"footnotes":""},"class_list":["post-3","page","type-page","status-publish","hentry","latest_post"],"_links":{"self":[{"href":"https:\/\/www.zsjanov.cz\/index.php?rest_route=\/wp\/v2\/pages\/3","targetHints":{"allow":["GET"]}}],"collection":[{"href":"https:\/\/www.zsjanov.cz\/index.php?rest_route=\/wp\/v2\/pages"}],"about":[{"href":"https:\/\/www.zsjanov.cz\/index.php?rest_route=\/wp\/v2\/types\/page"}],"author":[{"embeddable":true,"href":"https:\/\/www.zsjanov.cz\/index.php?rest_route=\/wp\/v2\/users\/1"}],"replies":[{"embeddable":true,"href":"https:\/\/www.zsjanov.cz\/index.php?rest_route=%2Fwp%2Fv2%2Fcomments&post=3"}],"version-history":[{"count":5,"href":"https:\/\/www.zsjanov.cz\/index.php?rest_route=\/wp\/v2\/pages\/3\/revisions"}],"predecessor-version":[{"id":3393,"href":"https:\/\/www.zsjanov.cz\/index.php?rest_route=\/wp\/v2\/pages\/3\/revisions\/3393"}],"wp:attachment":[{"href":"https:\/\/www.zsjanov.cz\/index.php?rest_route=%2Fwp%2Fv2%2Fmedia&parent=3"}],"curies":[{"name":"wp","href":"https:\/\/api.w.org\/{rel}","templated":true}]}}