{"id":3119,"date":"2024-05-06T09:40:19","date_gmt":"2024-05-06T07:40:19","guid":{"rendered":"http:\/\/www.zsjanov.cz\/?page_id=3119"},"modified":"2024-05-06T09:42:07","modified_gmt":"2024-05-06T07:42:07","slug":"npo-digitalizujeme-skolu-2024","status":"publish","type":"page","link":"https:\/\/www.zsjanov.cz\/?page_id=3119","title":{"rendered":"NPO &#8211; Digitalizujeme \u0161kolu 2024"},"content":{"rendered":"\n<figure class=\"wp-block-image size-large\"><img loading=\"lazy\" decoding=\"async\" width=\"1024\" height=\"150\" src=\"http:\/\/www.zsjanov.cz\/wp-content\/uploads\/2024\/02\/npo_logo1-1024x150.png\" alt=\"\" class=\"wp-image-2687\" srcset=\"https:\/\/www.zsjanov.cz\/wp-content\/uploads\/2024\/02\/npo_logo1-1024x150.png 1024w, https:\/\/www.zsjanov.cz\/wp-content\/uploads\/2024\/02\/npo_logo1-300x44.png 300w, https:\/\/www.zsjanov.cz\/wp-content\/uploads\/2024\/02\/npo_logo1-768x113.png 768w, https:\/\/www.zsjanov.cz\/wp-content\/uploads\/2024\/02\/npo_logo1.png 1207w\" sizes=\"auto, (max-width: 1024px) 100vw, 1024px\" \/><\/figure>\n\n\n\n<p><\/p>\n\n\n\n<p><strong>REALIZACE INVESTICE N\u00c1RODN\u00cdHO PL\u00c1NU OBNOVY \u2013 KOMPONENTA 3.1<\/strong><\/p>\n\n\n\n<p><strong>V r\u00e1mci Investice \u010d. 2: <\/strong>Vybaven\u00ed \u0161kol digit\u00e1ln\u00edmi technologiemi z komponenty 3.1 Inovace ve vzd\u011bl\u00e1v\u00e1n\u00ed v kontextu digitalizace z N\u00e1rodn\u00edho pl\u00e1nu obnovy vynalo\u017eila \u0161kola finan\u010dn\u00ed prost\u0159edky:<\/p>\n\n\n\n<p>&#8211; k dosa\u017een\u00ed c\u00edle \u010d. 173 zakoupen\u00edm IT za\u0159\u00edzen\u00ed do \u0161koln\u00edho fondu mobiln\u00edch digit\u00e1ln\u00edch za\u0159\u00edzen\u00ed pro znev\u00fdhodn\u011bn\u00e9 \u017e\u00e1ky (prevence digit\u00e1ln\u00ed propasti).<\/p>\n\n\n\n<p><\/p>\n\n\n\n<p class=\"has-medium-font-size\"><a href=\"http:\/\/www.zsjanov.cz\/wp-content\/uploads\/2024\/05\/vzor-MSMT-Letak-pro-publicitu-NPO_173_A_PDP-2022-2024.pdf\" data-type=\"link\" data-id=\"http:\/\/www.zsjanov.cz\/wp-content\/uploads\/2024\/05\/vzor-MSMT-Letak-pro-publicitu-NPO_173_A_PDP-2022-2024.pdf\" target=\"_blank\" rel=\"noreferrer noopener\"><strong>Let\u00e1k<\/strong><\/a><\/p>\n","protected":false},"excerpt":{"rendered":"<p>REALIZACE INVESTICE N\u00c1RODN\u00cdHO PL\u00c1NU OBNOVY \u2013 KOMPONENTA 3.1 V r\u00e1mci Investice \u010d. 2: Vybaven\u00ed \u0161kol digit\u00e1ln\u00edmi technologiemi z komponenty 3.1 &hellip; <\/p>\n","protected":false},"author":1,"featured_media":0,"parent":386,"menu_order":-1,"comment_status":"closed","ping_status":"closed","template":"","meta":{"footnotes":""},"class_list":["post-3119","page","type-page","status-publish","hentry","latest_post"],"_links":{"self":[{"href":"https:\/\/www.zsjanov.cz\/index.php?rest_route=\/wp\/v2\/pages\/3119","targetHints":{"allow":["GET"]}}],"collection":[{"href":"https:\/\/www.zsjanov.cz\/index.php?rest_route=\/wp\/v2\/pages"}],"about":[{"href":"https:\/\/www.zsjanov.cz\/index.php?rest_route=\/wp\/v2\/types\/page"}],"author":[{"embeddable":true,"href":"https:\/\/www.zsjanov.cz\/index.php?rest_route=\/wp\/v2\/users\/1"}],"replies":[{"embeddable":true,"href":"https:\/\/www.zsjanov.cz\/index.php?rest_route=%2Fwp%2Fv2%2Fcomments&post=3119"}],"version-history":[{"count":2,"href":"https:\/\/www.zsjanov.cz\/index.php?rest_route=\/wp\/v2\/pages\/3119\/revisions"}],"predecessor-version":[{"id":3123,"href":"https:\/\/www.zsjanov.cz\/index.php?rest_route=\/wp\/v2\/pages\/3119\/revisions\/3123"}],"up":[{"embeddable":true,"href":"https:\/\/www.zsjanov.cz\/index.php?rest_route=\/wp\/v2\/pages\/386"}],"wp:attachment":[{"href":"https:\/\/www.zsjanov.cz\/index.php?rest_route=%2Fwp%2Fv2%2Fmedia&parent=3119"}],"curies":[{"name":"wp","href":"https:\/\/api.w.org\/{rel}","templated":true}]}}