{"id":3668,"date":"2024-12-06T18:09:47","date_gmt":"2024-12-06T17:09:47","guid":{"rendered":"http:\/\/www.zsjanov.cz\/?page_id=3668"},"modified":"2024-12-10T17:29:23","modified_gmt":"2024-12-10T16:29:23","slug":"socialni-pedagog","status":"publish","type":"page","link":"https:\/\/www.zsjanov.cz\/?page_id=3668","title":{"rendered":"Soci\u00e1ln\u00ed Pedagog"},"content":{"rendered":"\n<p>Soci\u00e1ln\u00ed pedagog p\u016fsob\u00ed na na\u0161\u00ed \u0161kole od 1.11. 2024. <\/p>\n\n\n\n<p>Jedn\u00e1 se o pozici z projektu RUR &#8211; <a href=\"https:\/\/rur.ujep.cz\/zakladni-informace\/#\" data-type=\"link\" data-id=\"https:\/\/rur.ujep.cz\/zakladni-informace\/#\" target=\"_blank\" rel=\"noreferrer noopener\">Region univerzit\u011b, univerzita regionu.<\/a> <\/p>\n\n\n\n<p><strong>Reg. \u010d.:<\/strong> CZ.10.02.01\/00\/22_002\/0000210CZ.10.02.01\/00\/22_002\/0000210)<\/p>\n\n\n\n<figure class=\"wp-block-image size-large\"><img loading=\"lazy\" decoding=\"async\" width=\"732\" height=\"1024\" src=\"http:\/\/www.zsjanov.cz\/wp-content\/uploads\/2024\/12\/letak-socped-rodice-732x1024.png\" alt=\"\" class=\"wp-image-3665\" srcset=\"https:\/\/www.zsjanov.cz\/wp-content\/uploads\/2024\/12\/letak-socped-rodice-732x1024.png 732w, https:\/\/www.zsjanov.cz\/wp-content\/uploads\/2024\/12\/letak-socped-rodice-214x300.png 214w, https:\/\/www.zsjanov.cz\/wp-content\/uploads\/2024\/12\/letak-socped-rodice-768x1075.png 768w, https:\/\/www.zsjanov.cz\/wp-content\/uploads\/2024\/12\/letak-socped-rodice-1097x1536.png 1097w, https:\/\/www.zsjanov.cz\/wp-content\/uploads\/2024\/12\/letak-socped-rodice.png 1429w\" sizes=\"auto, (max-width: 732px) 100vw, 732px\" \/><\/figure>\n","protected":false},"excerpt":{"rendered":"<p>Soci\u00e1ln\u00ed pedagog p\u016fsob\u00ed na na\u0161\u00ed \u0161kole od 1.11. 2024. Jedn\u00e1 se o pozici z projektu RUR &#8211; Region univerzit\u011b, univerzita &hellip; <\/p>\n","protected":false},"author":1,"featured_media":0,"parent":0,"menu_order":0,"comment_status":"closed","ping_status":"closed","template":"","meta":{"footnotes":""},"class_list":["post-3668","page","type-page","status-publish","hentry","latest_post"],"_links":{"self":[{"href":"https:\/\/www.zsjanov.cz\/index.php?rest_route=\/wp\/v2\/pages\/3668","targetHints":{"allow":["GET"]}}],"collection":[{"href":"https:\/\/www.zsjanov.cz\/index.php?rest_route=\/wp\/v2\/pages"}],"about":[{"href":"https:\/\/www.zsjanov.cz\/index.php?rest_route=\/wp\/v2\/types\/page"}],"author":[{"embeddable":true,"href":"https:\/\/www.zsjanov.cz\/index.php?rest_route=\/wp\/v2\/users\/1"}],"replies":[{"embeddable":true,"href":"https:\/\/www.zsjanov.cz\/index.php?rest_route=%2Fwp%2Fv2%2Fcomments&post=3668"}],"version-history":[{"count":2,"href":"https:\/\/www.zsjanov.cz\/index.php?rest_route=\/wp\/v2\/pages\/3668\/revisions"}],"predecessor-version":[{"id":3675,"href":"https:\/\/www.zsjanov.cz\/index.php?rest_route=\/wp\/v2\/pages\/3668\/revisions\/3675"}],"wp:attachment":[{"href":"https:\/\/www.zsjanov.cz\/index.php?rest_route=%2Fwp%2Fv2%2Fmedia&parent=3668"}],"curies":[{"name":"wp","href":"https:\/\/api.w.org\/{rel}","templated":true}]}}