{"id":3991,"date":"2025-08-28T19:02:00","date_gmt":"2025-08-28T17:02:00","guid":{"rendered":"http:\/\/www.zsjanov.cz\/?page_id=3991"},"modified":"2025-10-16T11:19:11","modified_gmt":"2025-10-16T09:19:11","slug":"podpora-kolektivu-zaku-zs-a-ss-v-litvinove-prostrednictvim-pobytu","status":"publish","type":"page","link":"https:\/\/www.zsjanov.cz\/?page_id=3991","title":{"rendered":"Podpora kolektiv\u016f \u017e\u00e1k\u016f Z\u0160 a S\u0160 v Litv\u00ednov\u011b prost\u0159ednictv\u00edm pobyt\u016f"},"content":{"rendered":"\n\n\n<p>Opera\u010dn\u00ed program Spravedliv\u00e1 transformace, \u017eadatel M\u011bsto Litv\u00ednov, Podpora kolektiv\u016f \u017e\u00e1k\u016f Z\u0160 a S\u0160 v Litv\u00ednov\u011b prost\u0159ednictv\u00edm pobyt\u016f (CZ.10.02.01\/00\/24_058\/0000543)<\/p>\n\n\n\n<p>Pil\u00ed\u0159 3 &#8211; Podpora kolektiv\u016f \u017e\u00e1k\u016f Z\u0160 a S\u0160 v Litv\u00ednov\u011b prost\u0159ednictv\u00edm pobyt\u016f (CZ.10.02.01\/00\/24_058\/0000543)<\/p>\n\n\n\n<p><a href=\"https:\/\/www.mulitvinov.cz\/pilir-3-podpora-kolektivu-zaku-zs-a-ss-v-litvinove-prostrednictvim-pobytu-cz-10-02-01-00-24-058-0000543\/ds-54302\/archiv=0&amp;p1=98009\">https:\/\/www.mulitvinov.cz\/pilir-3-podpora-kolektivu-zaku-zs-a-ss-v-litvinove-prostrednictvim-pobytu-cz-10-02-01-00-24-058-0000543\/ds-54302\/archiv=0&amp;p1=98009<\/a><\/p>\n","protected":false},"excerpt":{"rendered":"<p>Opera\u010dn\u00ed program Spravedliv\u00e1 transformace, \u017eadatel M\u011bsto Litv\u00ednov, Podpora kolektiv\u016f \u017e\u00e1k\u016f Z\u0160 a S\u0160 v Litv\u00ednov\u011b prost\u0159ednictv\u00edm pobyt\u016f (CZ.10.02.01\/00\/24_058\/0000543) Pil\u00ed\u0159 3 &hellip; <\/p>\n","protected":false},"author":1,"featured_media":0,"parent":386,"menu_order":0,"comment_status":"closed","ping_status":"closed","template":"","meta":{"footnotes":""},"class_list":["post-3991","page","type-page","status-publish","hentry","latest_post"],"_links":{"self":[{"href":"https:\/\/www.zsjanov.cz\/index.php?rest_route=\/wp\/v2\/pages\/3991","targetHints":{"allow":["GET"]}}],"collection":[{"href":"https:\/\/www.zsjanov.cz\/index.php?rest_route=\/wp\/v2\/pages"}],"about":[{"href":"https:\/\/www.zsjanov.cz\/index.php?rest_route=\/wp\/v2\/types\/page"}],"author":[{"embeddable":true,"href":"https:\/\/www.zsjanov.cz\/index.php?rest_route=\/wp\/v2\/users\/1"}],"replies":[{"embeddable":true,"href":"https:\/\/www.zsjanov.cz\/index.php?rest_route=%2Fwp%2Fv2%2Fcomments&post=3991"}],"version-history":[{"count":7,"href":"https:\/\/www.zsjanov.cz\/index.php?rest_route=\/wp\/v2\/pages\/3991\/revisions"}],"predecessor-version":[{"id":4078,"href":"https:\/\/www.zsjanov.cz\/index.php?rest_route=\/wp\/v2\/pages\/3991\/revisions\/4078"}],"up":[{"embeddable":true,"href":"https:\/\/www.zsjanov.cz\/index.php?rest_route=\/wp\/v2\/pages\/386"}],"wp:attachment":[{"href":"https:\/\/www.zsjanov.cz\/index.php?rest_route=%2Fwp%2Fv2%2Fmedia&parent=3991"}],"curies":[{"name":"wp","href":"https:\/\/api.w.org\/{rel}","templated":true}]}}