{"id":4183,"date":"2026-03-16T09:10:03","date_gmt":"2026-03-16T08:10:03","guid":{"rendered":"https:\/\/www.zsjanov.cz\/?page_id=4183"},"modified":"2026-03-16T09:10:04","modified_gmt":"2026-03-16T08:10:04","slug":"skolska-rada","status":"publish","type":"page","link":"https:\/\/www.zsjanov.cz\/?page_id=4183","title":{"rendered":"\u0160kolsk\u00e1 rada"},"content":{"rendered":"\n<p class=\"has-pale-pink-background-color has-background\">Informace<\/p>\n\n\n\n<p><strong><a href=\"https:\/\/www.zsjanov.cz\/wp-content\/uploads\/2026\/03\/Skolska-rada-informace.docx\" data-type=\"attachment\" data-id=\"4184\" target=\"_blank\" rel=\"noreferrer noopener\">Informace<\/a><\/strong><\/p>\n\n\n\n<p><strong><a href=\"https:\/\/www.zsjanov.cz\/wp-content\/uploads\/2026\/03\/Volebni-rad-skolske-rady.pdf\" data-type=\"attachment\" data-id=\"4182\" target=\"_blank\" rel=\"noreferrer noopener\">Volebn\u00ed \u0159\u00e1d<\/a><\/strong><\/p>\n\n\n\n<p class=\"has-pale-cyan-blue-background-color has-background\"><strong>\u010clenov\u00e9 \u0161kolsk\u00e9 rady<\/strong><\/p>\n\n\n\n<p><strong>Slo\u017een\u00ed \u0161kolsk\u00e9 rady:<\/strong><\/p>\n\n\n\n<p>Martina Bauerov\u00e1 &#8211; z\u00e1stupce nezletil\u00fdch \u017e\u00e1k\u016f, m\u00edstop\u0159edsedkyn\u011b \u0161kolsk\u00e9 rady<\/p>\n\n\n\n<p>Sandra Jir\u00e1skov\u00e1 &#8211; z\u00e1stupce nezletil\u00fdch \u017e\u00e1k\u016f<\/p>\n\n\n\n<p>Kate\u0159ina Maschtovsk\u00e1 &#8211; z\u00e1stupce pedagogick\u00fdch pracovn\u00edk\u016f<\/p>\n\n\n\n<p>Mgr. Lenka Vavrouchov\u00e1 &#8211; z\u00e1stupce pedagogick\u00fdch pracovn\u00edk\u016f<\/p>\n\n\n\n<p>Bc. Petr Globo\u010dn\u00edk &#8211; z\u00e1stupce z\u0159izovatele<\/p>\n\n\n\n<p>Rostislav \u0160\u00edma &#8211; z\u00e1stupce z\u0159izovatele, p\u0159edseda \u0161kolsk\u00e9 rady<\/p>\n\n\n\n<p class=\"has-pale-cyan-blue-background-color has-background\"><strong>Kontakt na \u010dleny \u0161kolsk\u00e9 rady:<\/strong><\/p>\n\n\n\n<p>Martina Bauerov\u00e1 &#8211; marpipi985@gmail.com<\/p>\n\n\n\n<p>Kate\u0159ina Maschtovsk\u00e1 &#8211; K.maschtovska@seznam.cz<\/p>\n\n\n\n<p>Mgr. Lenka Vavrouchov\u00e1 &#8211; I.vavrouchova@seznam.cz<\/p>\n\n\n\n<p>Bc. Petr Globo\u010dn\u00edk &#8211; p.globocnik@gmail.com<\/p>\n\n\n\n<p>Rostislav \u0160\u00edma &#8211; rost.sima@seznam.cz<\/p>\n\n\n\n<p><\/p>\n","protected":false},"excerpt":{"rendered":"<p>Informace Informace Volebn\u00ed \u0159\u00e1d \u010clenov\u00e9 \u0161kolsk\u00e9 rady Slo\u017een\u00ed \u0161kolsk\u00e9 rady: Martina Bauerov\u00e1 &#8211; z\u00e1stupce nezletil\u00fdch \u017e\u00e1k\u016f, m\u00edstop\u0159edsedkyn\u011b \u0161kolsk\u00e9 rady Sandra &hellip; <\/p>\n","protected":false},"author":1,"featured_media":0,"parent":0,"menu_order":0,"comment_status":"closed","ping_status":"closed","template":"","meta":{"footnotes":""},"class_list":["post-4183","page","type-page","status-publish","hentry","latest_post"],"_links":{"self":[{"href":"https:\/\/www.zsjanov.cz\/index.php?rest_route=\/wp\/v2\/pages\/4183","targetHints":{"allow":["GET"]}}],"collection":[{"href":"https:\/\/www.zsjanov.cz\/index.php?rest_route=\/wp\/v2\/pages"}],"about":[{"href":"https:\/\/www.zsjanov.cz\/index.php?rest_route=\/wp\/v2\/types\/page"}],"author":[{"embeddable":true,"href":"https:\/\/www.zsjanov.cz\/index.php?rest_route=\/wp\/v2\/users\/1"}],"replies":[{"embeddable":true,"href":"https:\/\/www.zsjanov.cz\/index.php?rest_route=%2Fwp%2Fv2%2Fcomments&post=4183"}],"version-history":[{"count":1,"href":"https:\/\/www.zsjanov.cz\/index.php?rest_route=\/wp\/v2\/pages\/4183\/revisions"}],"predecessor-version":[{"id":4185,"href":"https:\/\/www.zsjanov.cz\/index.php?rest_route=\/wp\/v2\/pages\/4183\/revisions\/4185"}],"wp:attachment":[{"href":"https:\/\/www.zsjanov.cz\/index.php?rest_route=%2Fwp%2Fv2%2Fmedia&parent=4183"}],"curies":[{"name":"wp","href":"https:\/\/api.w.org\/{rel}","templated":true}]}}