{"id":4245,"date":"2026-05-07T09:34:37","date_gmt":"2026-05-07T07:34:37","guid":{"rendered":"https:\/\/www.zsjanov.cz\/?page_id=4245"},"modified":"2026-05-07T09:46:16","modified_gmt":"2026-05-07T07:46:16","slug":"skolni-druzina-a-skolni-klub","status":"publish","type":"page","link":"https:\/\/www.zsjanov.cz\/?page_id=4245","title":{"rendered":"\u0160koln\u00ed dru\u017eina a \u0161koln\u00ed klub"},"content":{"rendered":"\n<p><strong>Vedouc\u00ed vychovatelka \u0161koln\u00ed dru\u017einy a \u0161koln\u00edho klubu<\/strong>: Dita Kova\u0159\u00edkov\u00e1<\/p>\n\n\n\n<p><strong>Kontakt:<\/strong> 723&nbsp;016&nbsp;398<\/p>\n\n\n\n<p><strong>Facebook:<\/strong> <a href=\"https:\/\/www.facebook.com\/profile.php?id=61560315392667&amp;mibextid=wwXIfr&amp;rdid=p1Y16gc4Q9Xx04jL&amp;share_url=https%3A%2F%2Fwww.facebook.com%2Fshare%2F14bPdJgYqtY%2F%3Fmibextid%3DwwXIfr\" data-type=\"link\" data-id=\"https:\/\/www.facebook.com\/profile.php?id=61560315392667&amp;mibextid=wwXIfr&amp;rdid=p1Y16gc4Q9Xx04jL&amp;share_url=https%3A%2F%2Fwww.facebook.com%2Fshare%2F14bPdJgYqtY%2F%3Fmibextid%3DwwXIfr\" target=\"_blank\" rel=\"noreferrer noopener\">\u0160ikulov\u00e9<\/a><\/p>\n\n\n\n<p class=\"has-black-color has-pale-cyan-blue-background-color has-text-color has-background has-link-color wp-elements-eea8a7912b4ce03a3a7d00925a37f8d6\"><strong>\u0160koln\u00ed dru\u017eina<\/strong><\/p>\n\n\n\n<div class=\"wp-block-group is-vertical is-layout-flex wp-container-core-group-is-layout-76a81b31 wp-block-group-is-layout-flex\">\n<p><strong>l. odd\u011blen\u00ed:<\/strong>  Dita Kova\u0159\u00edkov\u00e1<\/p>\n\n\n\n<p><strong>Asistentky:\u00a0<\/strong> Ji\u0159ina Str\u00e1ko\u0161ov\u00e1<\/p>\n\n\n\n<p>\u00a0\u00a0\u00a0\u00a0\u00a0\u00a0\u00a0\u00a0\u00a0\u00a0\u00a0\u00a0\u00a0\u00a0\u00a0\u00a0\u00a0\u00a0\u00a0 Michaela \u0160eflov\u00e1<\/p>\n\n\n\n<p>\u00a0\u00a0\u00a0\u00a0\u00a0\u00a0\u00a0\u00a0\u00a0\u00a0\u00a0\u00a0\u00a0\u00a0\u00a0\u00a0\u00a0\u00a0\u00a0 Kate\u0159ina Hosingerov\u00e1<\/p>\n\n\n\n<p>\u00a0\u00a0\u00a0\u00a0\u00a0\u00a0\u00a0\u00a0\u00a0\u00a0\u00a0\u00a0\u00a0\u00a0\u00a0\u00a0\u00a0\u00a0\u00a0 Tereza \u010cern\u00e1<\/p>\n\n\n\n<p><strong>ll. odd\u011blen\u00ed:\u00a0<\/strong>Bc. Hana Reinlov\u00e1<\/p>\n\n\n\n<p><strong> Asistentky:  <\/strong> Karolina V\u00e1gov\u00e1<\/p>\n\n\n\n<p>\u00a0\u00a0\u00a0\u00a0\u00a0\u00a0\u00a0\u00a0\u00a0\u00a0\u00a0\u00a0\u00a0\u00a0\u00a0\u00a0\u00a0\u00a0\u00a0\u00a0Kl\u00e1ra Tvrzov\u00e1<\/p>\n\n\n\n<p>\u00a0\u00a0\u00a0\u00a0\u00a0\u00a0\u00a0\u00a0\u00a0\u00a0\u00a0\u00a0\u00a0\u00a0\u00a0\u00a0\u00a0\u00a0\u00a0\u00a0V\u011bra Vr\u00e1nov\u00e1<\/p>\n<\/div>\n\n\n\n<p class=\"has-black-color has-light-green-cyan-background-color has-text-color has-background has-link-color wp-elements-517c34b13da80df9459f4591d20afea5\"><strong>\u0160koln\u00ed klub<\/strong><\/p>\n\n\n\n<div class=\"wp-block-group is-vertical is-layout-flex wp-container-core-group-is-layout-8cf370e7 wp-block-group-is-layout-flex\">\n<p>Denisa \u010cepel\u00edkov\u00e1<\/p>\n\n\n\n<p>  Alena Perglerov\u00e1<\/p>\n\n\n\n<p>Petra Durinov\u00e1<\/p>\n\n\n\n<p>Jaroslava Solovi\u010d<\/p>\n\n\n\n<p>Kamila Kolodziejov\u00e1<\/p>\n<\/div>\n\n\n\n<p class=\"has-pale-pink-background-color has-background\"><strong>Dokumenty<\/strong><\/p>\n\n\n\n<p><strong><a href=\"https:\/\/www.zsjanov.cz\/wp-content\/uploads\/2026\/05\/Plan-skolni-druziny-na-skolni-rok-2025_26.pdf\" data-type=\"attachment\" data-id=\"4244\" target=\"_blank\" rel=\"noreferrer noopener\">Pl\u00e1n \u0161koln\u00ed dru\u017einy na \u0161k. rok 2025\/2026<\/a><\/strong><\/p>\n\n\n\n<p><strong><a href=\"https:\/\/www.zsjanov.cz\/wp-content\/uploads\/2026\/05\/Plan-skolniho-klubu-na-skolni-rok-2025_26.pdf\" data-type=\"attachment\" data-id=\"4243\" target=\"_blank\" rel=\"noreferrer noopener\">Pl\u00e1n \u0161koln\u00edho klubu na \u0161k. rok 2025\/2026<\/a><\/strong><\/p>\n\n\n\n<p><a href=\"http:\/\/www.zsjanov.cz\/wp-content\/uploads\/2022\/08\/svp_sd.pdf\" target=\"_blank\" rel=\"noreferrer noopener\">\u0160koln\u00ed vzd\u011bl\u00e1vac\u00ed program \u0161koln\u00ed dru\u017einy<\/a><\/p>\n\n\n\n<p><a href=\"http:\/\/www.zsjanov.cz\/wp-content\/uploads\/2022\/08\/svp_sk.pdf\" target=\"_blank\" rel=\"noreferrer noopener\">\u0160koln\u00ed vzd\u011bl\u00e1vac\u00ed program \u0161koln\u00edho klubu<\/a><\/p>\n\n\n\n<p><a href=\"https:\/\/www.zsjanov.cz\/wp-content\/uploads\/2026\/04\/Rad-skolni-druziny.pdf\" target=\"_blank\" rel=\"noreferrer noopener\">\u0158\u00e1d \u0161koln\u00ed dru\u017einy<\/a><\/p>\n\n\n\n<p><a href=\"https:\/\/www.zsjanov.cz\/wp-content\/uploads\/2026\/04\/Vnitrni-rad-skolni-druziny.pdf\" target=\"_blank\" rel=\"noreferrer noopener\">Vnit\u0159n\u00ed \u0159\u00e1d \u0161koln\u00ed dru\u017einy<\/a><\/p>\n\n\n\n<p><a href=\"https:\/\/www.zsjanov.cz\/wp-content\/uploads\/2026\/04\/Rad-skolniho-klubu.pdf\" target=\"_blank\" rel=\"noreferrer noopener\">\u0158\u00e1d \u0161koln\u00edho klubu<\/a><\/p>\n\n\n\n<p><a href=\"https:\/\/www.zsjanov.cz\/wp-content\/uploads\/2026\/04\/Vnitrni-rad-skolniho-klubu.pdf\" target=\"_blank\" rel=\"noreferrer noopener\">Vnit\u0159n\u00ed \u0159\u00e1d \u0161koln\u00edho klubu<\/a><\/p>\n\n\n\n<p class=\"has-luminous-vivid-amber-background-color has-background\"><strong>Z\u00e1jmov\u00e9 krou\u017eky<\/strong><\/p>\n\n\n\n<div class=\"wp-block-group is-vertical is-layout-flex wp-container-core-group-is-layout-8cf370e7 wp-block-group-is-layout-flex\">\n<p><strong>\u0160koln\u00ed dru\u017eina:<\/strong>  Sportovn\u00ed krou\u017eek<\/p>\n\n\n\n<p>\u00a0\u00a0\u00a0\u00a0\u00a0\u00a0\u00a0\u00a0\u00a0\u00a0\u00a0\u00a0\u00a0\u00a0\u00a0\u00a0\u00a0\u00a0\u00a0\u00a0\u00a0\u00a0\u00a0\u00a0\u00a0 Po\u010d\u00edta\u010dov\u00fd krou\u017eek<\/p>\n\n\n\n<p>\u00a0\u00a0\u00a0\u00a0\u00a0\u00a0\u00a0\u00a0\u00a0\u00a0\u00a0\u00a0\u00a0\u00a0\u00a0\u00a0\u00a0\u00a0\u00a0\u00a0\u00a0\u00a0\u00a0\u00a0\u00a0 V\u00fdtvarn\u00fd krou\u017eek<\/p>\n\n\n\n<p>\u00a0\u00a0\u00a0\u00a0\u00a0\u00a0\u00a0\u00a0\u00a0\u00a0\u00a0\u00a0\u00a0\u00a0\u00a0\u00a0\u00a0\u00a0\u00a0\u00a0\u00a0\u00a0\u00a0\u00a0\u00a0 Keramick\u00fd krou\u017eek<\/p>\n\n\n\n<p>\u00a0\u00a0\u00a0\u00a0\u00a0\u00a0\u00a0\u00a0\u00a0\u00a0\u00a0\u00a0\u00a0\u00a0\u00a0\u00a0\u00a0\u00a0\u00a0\u00a0\u00a0\u00a0\u00a0\u00a0\u00a0 Krou\u017eek \u0160ikulov\u00e9<\/p>\n\n\n\n<p>\u00a0\u00a0\u00a0\u00a0\u00a0\u00a0\u00a0\u00a0\u00a0\u00a0\u00a0\u00a0\u00a0\u00a0\u00a0\u00a0\u00a0\u00a0\u00a0\u00a0\u00a0\u00a0\u00a0\u00a0\u00a0 Hudebn\u00ed hv\u011bzdi\u010dky<\/p>\n<\/div>\n\n\n\n<div class=\"wp-block-group is-vertical is-layout-flex wp-container-core-group-is-layout-8cf370e7 wp-block-group-is-layout-flex\">\n<p><\/p>\n\n\n\n<p><strong>\u0160koln\u00ed klub:<\/strong> \u0160ikovn\u00e9 ruce<\/p>\n\n\n\n<p>\u00a0\u00a0\u00a0\u00a0\u00a0\u00a0\u00a0\u00a0\u00a0\u00a0\u00a0\u00a0\u00a0\u00a0\u00a0\u00a0\u00a0\u00a0\u00a0\u00a0Tablety<\/p>\n<\/div>\n\n\n\n<p><\/p>\n\n\n\n<div class=\"wp-block-group is-vertical is-layout-flex wp-container-core-group-is-layout-8cf370e7 wp-block-group-is-layout-flex\">\n<p><strong>Spole\u010dn\u00e9 krou\u017eky \u0160D a \u0160K: <\/strong>Tane\u010dn\u00ed krou\u017eek<\/p>\n\n\n\n<p>&nbsp;&nbsp;&nbsp;&nbsp;&nbsp;&nbsp;&nbsp;&nbsp;&nbsp;&nbsp;&nbsp;&nbsp;&nbsp;&nbsp;&nbsp;&nbsp;&nbsp;&nbsp;&nbsp;&nbsp;&nbsp;&nbsp;&nbsp;&nbsp;&nbsp;&nbsp;&nbsp;&nbsp;&nbsp;&nbsp;&nbsp;&nbsp;&nbsp;&nbsp;&nbsp;&nbsp;&nbsp;&nbsp; &nbsp;&nbsp;&nbsp;&nbsp;&nbsp;&nbsp;Fotbal<\/p>\n\n\n\n<p>&nbsp;&nbsp;&nbsp;&nbsp;&nbsp;&nbsp;&nbsp;&nbsp;&nbsp;&nbsp;&nbsp;&nbsp;&nbsp;&nbsp;&nbsp;&nbsp;&nbsp;&nbsp;&nbsp;&nbsp;&nbsp;&nbsp;&nbsp;&nbsp;&nbsp;&nbsp;&nbsp;&nbsp;&nbsp;&nbsp;&nbsp;&nbsp;&nbsp;&nbsp;&nbsp;&nbsp;&nbsp;&nbsp;&nbsp;&nbsp;&nbsp;&nbsp;&nbsp;&nbsp;&nbsp;Florbal<\/p>\n\n\n\n<p>&nbsp;&nbsp;&nbsp;&nbsp;&nbsp;&nbsp;&nbsp;&nbsp;&nbsp;&nbsp;&nbsp;&nbsp;&nbsp;&nbsp;&nbsp;&nbsp;&nbsp;&nbsp;&nbsp;&nbsp;&nbsp;&nbsp;&nbsp;&nbsp;&nbsp;&nbsp;&nbsp;&nbsp;&nbsp;&nbsp;&nbsp;&nbsp;&nbsp;&nbsp;&nbsp;&nbsp;&nbsp;&nbsp;&nbsp;&nbsp;&nbsp;&nbsp;&nbsp;&nbsp;&nbsp;Relaxa\u010dn\u00ed cvi\u010den\u00ed<\/p>\n<\/div>\n","protected":false},"excerpt":{"rendered":"<p>Vedouc\u00ed vychovatelka \u0161koln\u00ed dru\u017einy a \u0161koln\u00edho klubu: Dita Kova\u0159\u00edkov\u00e1 Kontakt: 723&nbsp;016&nbsp;398 Facebook: \u0160ikulov\u00e9 \u0160koln\u00ed dru\u017eina l. odd\u011blen\u00ed: Dita Kova\u0159\u00edkov\u00e1 Asistentky:\u00a0 &hellip; <\/p>\n","protected":false},"author":1,"featured_media":0,"parent":0,"menu_order":0,"comment_status":"closed","ping_status":"closed","template":"","meta":{"footnotes":""},"class_list":["post-4245","page","type-page","status-publish","hentry","latest_post"],"_links":{"self":[{"href":"https:\/\/www.zsjanov.cz\/index.php?rest_route=\/wp\/v2\/pages\/4245","targetHints":{"allow":["GET"]}}],"collection":[{"href":"https:\/\/www.zsjanov.cz\/index.php?rest_route=\/wp\/v2\/pages"}],"about":[{"href":"https:\/\/www.zsjanov.cz\/index.php?rest_route=\/wp\/v2\/types\/page"}],"author":[{"embeddable":true,"href":"https:\/\/www.zsjanov.cz\/index.php?rest_route=\/wp\/v2\/users\/1"}],"replies":[{"embeddable":true,"href":"https:\/\/www.zsjanov.cz\/index.php?rest_route=%2Fwp%2Fv2%2Fcomments&post=4245"}],"version-history":[{"count":8,"href":"https:\/\/www.zsjanov.cz\/index.php?rest_route=\/wp\/v2\/pages\/4245\/revisions"}],"predecessor-version":[{"id":4258,"href":"https:\/\/www.zsjanov.cz\/index.php?rest_route=\/wp\/v2\/pages\/4245\/revisions\/4258"}],"wp:attachment":[{"href":"https:\/\/www.zsjanov.cz\/index.php?rest_route=%2Fwp%2Fv2%2Fmedia&parent=4245"}],"curies":[{"name":"wp","href":"https:\/\/api.w.org\/{rel}","templated":true}]}}