{"id":5,"date":"2021-10-11T18:12:54","date_gmt":"2021-10-11T16:12:54","guid":{"rendered":"http:\/\/test.zsjanov.cz\/?page_id=5"},"modified":"2025-12-16T09:17:53","modified_gmt":"2025-12-16T08:17:53","slug":"skolni-rok-2023-2024","status":"publish","type":"page","link":"https:\/\/www.zsjanov.cz\/","title":{"rendered":"\u0160koln\u00ed rok 2025\/2026"},"content":{"rendered":"\n<p class=\"has-text-align-center has-pale-cyan-blue-background-color has-background has-medium-font-size\">&#8222;<strong><em>Nikdy jsem nedopustil, aby \u0161kola st\u00e1la v cest\u011b m\u00e9mu vzd\u011bl\u00e1n\u00ed.<\/em><\/strong>&#8220;  Mark Twain<\/p>\n\n\n\n<p><\/p>\n\n\n\n<p class=\"has-text-align-center has-pale-pink-background-color has-background has-medium-font-size\"><strong><a href=\"https:\/\/my.matterport.com\/show\/?m=8yacQaYvirv\">Virtu\u00e1ln\u00ed prohl\u00eddka \u0161koly<\/a><\/strong><\/p>\n\n\n\n<div class=\"wp-block-group\"><div class=\"wp-block-group__inner-container is-layout-constrained wp-block-group-is-layout-constrained\">\n<div class=\"wp-block-columns is-layout-flex wp-container-core-columns-is-layout-9d6595d7 wp-block-columns-is-layout-flex\">\n<div class=\"wp-block-column is-layout-flow wp-block-column-is-layout-flow\" style=\"flex-basis:100%\">\n<div class=\"wp-block-columns alignwide are-vertically-aligned-center is-style-twentytwentyone-columns-overlap is-layout-flex wp-container-core-columns-is-layout-9d6595d7 wp-block-columns-is-layout-flex\">\n<div class=\"wp-block-column is-vertically-aligned-center is-layout-flow wp-block-column-is-layout-flow\" style=\"flex-basis:500px\">\n<h4 class=\"wp-block-heading\" style=\"text-transform:uppercase\">Z\u00c1KLADN\u00cd \u0160KOLA a MATE\u0158SK\u00c1 \u0160KOLA Litv\u00ednov &#8211; Janov<\/h4>\n\n\n\n<p>P\u0159\u00e1telstv\u00ed 160<br \/>okres Most<br \/>Tel.: <strong>476 742 362<\/strong> (\u0161kola &#8211; hlavn\u00ed budova)<\/p>\n<p>E-mail: <a href=\"mailto:reditel@zsjanov.cz\">reditel@zsjanov.cz<\/a><br \/>I\u010cO: 00832 502<br \/>ID datov\u00e9 sch\u00e1nky qzryadb<\/p>\n<\/div>\n<\/div>\n<\/div>\n<\/div>\n<\/div><\/div>\n\n\n\n<figure class=\"wp-block-image size-full is-resized\"><a href=\"https:\/\/www.facebook.com\/profile.php?id=61558490163157\" target=\"_blank\" rel=\"noreferrer noopener\"><img loading=\"lazy\" decoding=\"async\" width=\"256\" height=\"256\" src=\"http:\/\/www.zsjanov.cz\/wp-content\/uploads\/2024\/04\/facebook-clipart-17.png\" alt=\"\" class=\"wp-image-2978\" style=\"width:60px;height:auto\" srcset=\"https:\/\/www.zsjanov.cz\/wp-content\/uploads\/2024\/04\/facebook-clipart-17.png 256w, https:\/\/www.zsjanov.cz\/wp-content\/uploads\/2024\/04\/facebook-clipart-17-150x150.png 150w, https:\/\/www.zsjanov.cz\/wp-content\/uploads\/2024\/04\/facebook-clipart-17-246x246.png 246w, https:\/\/www.zsjanov.cz\/wp-content\/uploads\/2024\/04\/facebook-clipart-17-70x70.png 70w, https:\/\/www.zsjanov.cz\/wp-content\/uploads\/2024\/04\/facebook-clipart-17-125x125.png 125w, https:\/\/www.zsjanov.cz\/wp-content\/uploads\/2024\/04\/facebook-clipart-17-211x211.png 211w\" sizes=\"auto, (max-width: 256px) 100vw, 256px\" \/><\/a><\/figure>\n\n\n\n<p><\/p>\n\n\n\n<div class=\"wp-block-columns alignwide are-vertically-aligned-top is-layout-flex wp-container-core-columns-is-layout-9d6595d7 wp-block-columns-is-layout-flex\">\n<div class=\"wp-block-column is-vertically-aligned-top is-layout-flow wp-block-column-is-layout-flow\">\n<h3 class=\"wp-block-heading has-light-green-cyan-background-color has-background\" style=\"font-size:15px;text-transform:uppercase\"><a href=\"http:\/\/www.zsjanov.cz\/?page_id=2263\" data-type=\"page\" data-id=\"2263\">Z\u0160 speci\u00e1ln\u00ed &#8211; \u0160koli\u010dka<\/a><\/h3>\n\n\n\n<p>&nbsp;&nbsp;&nbsp;\u0160kolsk\u00e1 125<br>&nbsp;&nbsp;&nbsp;Litv\u00ednov-Janov, okres Most<br>&nbsp;&nbsp;<strong>&nbsp;Mob.: 774 812 840<\/strong><br>&nbsp;&nbsp;&nbsp;<\/p>\n<\/div>\n\n\n\n<div class=\"wp-block-column is-vertically-aligned-top is-layout-flow wp-block-column-is-layout-flow\">\n<h2 class=\"wp-block-heading has-black-color has-text-color has-background\" style=\"background-color:#ff6a0082;font-size:15px;text-transform:uppercase\"><a href=\"http:\/\/www.zsjanov.cz\/?page_id=2\" data-type=\"page\" data-id=\"2\">Mate\u0159sk\u00e1 \u0161kola Parapl\u00ed\u010dko<\/a><\/h2>\n\n\n\n<p>&nbsp;&nbsp;&nbsp;Gluckova 136<br>&nbsp;&nbsp;&nbsp;Litv\u00ednov-Janov, okres Most<br>&nbsp;&nbsp;&nbsp;<strong>Mob.: 736 472 822<\/strong><br>&nbsp;&nbsp;&nbsp;Email.: <a href=\"mailto:msp@zsjanov.cz\">msp@zsjanov.cz<\/a><\/p>\n<\/div>\n\n\n\n<div class=\"wp-block-column is-vertically-aligned-top is-layout-flow wp-block-column-is-layout-flow\">\n<h3 class=\"wp-block-heading has-background\" style=\"background-color:#fcb900b8;font-size:15px;text-transform:uppercase\"><a href=\"http:\/\/www.zsjanov.cz\/?page_id=178\" data-type=\"page\" data-id=\"178\">Mate\u0159sk\u00e1 \u0161kola Slun\u00ed\u010dko<\/a><\/h3>\n\n\n\n<p>&nbsp;&nbsp;&nbsp;\u0160kolsk\u00e1 104<br>&nbsp;&nbsp;&nbsp;Litv\u00ednov-Janov, okres Most<br>&nbsp;&nbsp;<strong>&nbsp;Mob.: 736 633 598<\/strong><br>&nbsp;&nbsp;&nbsp;Email.: <a href=\"mailto:mssjanov@seznam.cz\">slunicko@zsjanov.cz<\/a><\/p>\n<\/div>\n<\/div>\n\n\n\n<p><\/p>\n\n\n\n<h2 class=\"wp-block-heading has-pale-cyan-blue-background-color has-background\"><strong>Aktuality:<\/strong><\/h2>\n\n\n<ul class=\"wp-block-latest-posts__list is-grid columns-3 has-dates wp-block-latest-posts\"><li><a class=\"wp-block-latest-posts__post-title\" href=\"https:\/\/www.zsjanov.cz\/?p=4238\">Seznam p\u0159ijat\u00fdch d\u011bt\u00ed M\u0160 Parapl\u00ed\u010dko<\/a><time datetime=\"2026-04-29T16:51:58+02:00\" class=\"wp-block-latest-posts__post-date\">29. 4. 2026<\/time><div class=\"wp-block-latest-posts__post-excerpt\">Seznam p\u0159ijat\u00fdch d\u011bt\u00ed M\u0160 Parapl\u00ed\u010dko<\/div><\/li>\n<li><a class=\"wp-block-latest-posts__post-title\" href=\"https:\/\/www.zsjanov.cz\/?p=4200\">Pozv\u00e1nka na kurz prvn\u00ed pomoci<\/a><time datetime=\"2026-03-26T08:48:14+01:00\" class=\"wp-block-latest-posts__post-date\">26. 3. 2026<\/time><div class=\"wp-block-latest-posts__post-excerpt\"><\/div><\/li>\n<li><a class=\"wp-block-latest-posts__post-title\" href=\"https:\/\/www.zsjanov.cz\/?p=4195\">Pozv\u00e1nka na Mezin\u00e1rodn\u00ed den Rom\u016f<\/a><time datetime=\"2026-03-26T08:47:04+01:00\" class=\"wp-block-latest-posts__post-date\">26. 3. 2026<\/time><div class=\"wp-block-latest-posts__post-excerpt\"><\/div><\/li>\n<li><a class=\"wp-block-latest-posts__post-title\" href=\"https:\/\/www.zsjanov.cz\/?p=4168\">Seznam p\u0159ijat\u00fdch \u017e\u00e1k\u016f pro \u0161koln\u00ed rok 2026\/2027<\/a><time datetime=\"2026-03-08T17:22:38+01:00\" class=\"wp-block-latest-posts__post-date\">8. 3. 2026<\/time><div class=\"wp-block-latest-posts__post-excerpt\">Seznam p\u0159ijat\u00fdch \u017e\u00e1k\u016f<\/div><\/li>\n<li><a class=\"wp-block-latest-posts__post-title\" href=\"https:\/\/www.zsjanov.cz\/?p=4145\">Tvo\u0159iv\u00e9 d\u00edlny<\/a><time datetime=\"2025-12-09T08:13:23+01:00\" class=\"wp-block-latest-posts__post-date\">9. 12. 2025<\/time><div class=\"wp-block-latest-posts__post-excerpt\">Video prezentace \u017d\u00e1ci ze Z\u00e1kladn\u00ed \u0161koly a Mate\u0159sk\u00e9 \u0161koly Litv\u00ednov &#8211; Janov spole\u010dn\u011b s d\u011btmi z D\u011btsk\u00e9ho domova Tuchlov uspo\u0159\u00e1dali &hellip; <\/div><\/li>\n<\/ul>\n\n\n<div class=\"wp-block-query is-layout-flow wp-block-query-is-layout-flow\"><\/div>\n\n\n\n<h2 class=\"wp-block-heading has-pale-cyan-blue-background-color has-background\"><strong>Odkazy:<\/strong><\/h2>\n\n\n\n<div class=\"wp-block-buttons is-layout-flex wp-block-buttons-is-layout-flex\">\n<div class=\"wp-block-button has-custom-width wp-block-button__width-50\"><a class=\"wp-block-button__link has-black-color has-pale-cyan-blue-background-color has-text-color has-background wp-element-button\" href=\"http:\/\/www.zsjanov.cz\/?page_id=784\" style=\"border-radius:10px\">J\u00eddeln\u00ed\u010dek<\/a><\/div>\n<\/div>\n\n\n\n<p><\/p>\n\n\n\n<div class=\"wp-block-buttons is-layout-flex wp-block-buttons-is-layout-flex\">\n<div class=\"wp-block-button has-custom-width wp-block-button__width-50\"><a class=\"wp-block-button__link has-black-color has-pale-cyan-blue-background-color has-text-color has-background has-link-color wp-element-button\" href=\"http:\/\/www.zsjanov.cz\/?post_type=tribe_events\" style=\"border-radius:10px\">Akce<\/a><\/div>\n<\/div>\n\n\n\n<p><\/p>\n\n\n\n<div class=\"wp-block-buttons is-layout-flex wp-block-buttons-is-layout-flex\">\n<div class=\"wp-block-button has-custom-width wp-block-button__width-50 is-style-fill\"><a class=\"wp-block-button__link has-black-color has-pale-cyan-blue-background-color has-text-color has-background has-medium-font-size has-custom-font-size wp-element-button\" href=\"http:\/\/www.zsjanov.cz\/?page_id=2075\" style=\"border-radius:10px\">Z\u00e1pis do 1. t\u0159\u00edd pro \u0161koln\u00ed rok 2026\/2027<\/a><\/div>\n<\/div>\n\n\n\n<p><\/p>\n\n\n\n<div class=\"wp-block-buttons is-vertical is-content-justification-left is-nowrap is-layout-flex wp-container-core-buttons-is-layout-cfee1719 wp-block-buttons-is-layout-flex\">\n<div class=\"wp-block-button has-custom-width wp-block-button__width-50 is-style-fill\"><a class=\"wp-block-button__link has-black-color has-pale-cyan-blue-background-color has-text-color has-background wp-element-button\" href=\"http:\/\/www.zsjanov.cz\/?page_id=1572\" style=\"border-radius:8px\">Organizace \u0161koln\u00edho roku 2025\/2026<\/a><\/div>\n<\/div>\n\n\n\n<p><\/p>\n\n\n\n<div class=\"wp-block-buttons is-vertical is-content-justification-left is-nowrap is-layout-flex wp-container-core-buttons-is-layout-cfee1719 wp-block-buttons-is-layout-flex\">\n<div class=\"wp-block-button has-custom-width wp-block-button__width-50 is-style-fill\"><a class=\"wp-block-button__link has-black-color has-pale-cyan-blue-background-color has-text-color has-background wp-element-button\" href=\"http:\/\/www.zsjanov.cz\/?page_id=1644\" style=\"border-radius:8px\">T\u0159\u00eddn\u00ed sch\u016fzky<\/a><\/div>\n<\/div>\n\n\n\n<p><\/p>\n\n\n\n<div class=\"wp-block-buttons is-layout-flex wp-block-buttons-is-layout-flex\">\n<div class=\"wp-block-button has-custom-width wp-block-button__width-50\"><a class=\"wp-block-button__link has-black-color has-pale-cyan-blue-background-color has-text-color has-background wp-element-button\" href=\"http:\/\/www.infoabsolvent.cz\/\" style=\"border-radius:10px\" target=\"_blank\" rel=\"noreferrer noopener\">Informa\u010dn\u00ed port\u00e1l pro \u0161koly, \u017e\u00e1ky a rodi\u010de<\/a><\/div>\n<\/div>\n\n\n\n<p><\/p>\n\n\n\n<div class=\"wp-block-buttons is-layout-flex wp-block-buttons-is-layout-flex\">\n<div class=\"wp-block-button has-custom-width wp-block-button__width-50 is-style-fill\"><a class=\"wp-block-button__link has-black-color has-pale-cyan-blue-background-color has-text-color has-background wp-element-button\" href=\"https:\/\/www.infoabsolvent.cz\/Skoly\/Seznam\" style=\"border-radius:10px\" target=\"_blank\" rel=\"noreferrer noopener\">Seznam st\u0159edn\u00edch \u0161kol<\/a><\/div>\n<\/div>\n\n\n\n<p><\/p>\n\n\n\n<div class=\"wp-block-buttons is-layout-flex wp-block-buttons-is-layout-flex\">\n<div class=\"wp-block-button has-custom-width wp-block-button__width-50\"><a class=\"wp-block-button__link has-black-color has-pale-cyan-blue-background-color has-text-color has-background wp-element-button\" href=\"https:\/\/www.msmt.cz\/\" style=\"border-radius:10px\" target=\"_blank\" rel=\"noreferrer noopener\">Ministerstvo \u0161kolstv\u00ed, ml\u00e1de\u017ee a t\u011blov\u00fdchovy \u010cR<\/a><\/div>\n<\/div>\n\n\n\n<p><\/p>\n\n\n\n<div class=\"wp-block-buttons is-nowrap is-layout-flex wp-container-core-buttons-is-layout-ad2f72ca wp-block-buttons-is-layout-flex\">\n<div class=\"wp-block-button has-custom-width wp-block-button__width-50\"><a class=\"wp-block-button__link has-black-color has-pale-cyan-blue-background-color has-text-color has-background wp-element-button\" href=\"https:\/\/www.mzcr.cz\/\" style=\"border-radius:10px\" target=\"_blank\" rel=\"noreferrer noopener\">Ministerstvo zdravotnictv\u00ed \u010cR<\/a><\/div>\n<\/div>\n\n\n\n<p><\/p>\n\n\n\n<div class=\"wp-block-buttons is-nowrap is-layout-flex wp-container-core-buttons-is-layout-ad2f72ca wp-block-buttons-is-layout-flex\">\n<div class=\"wp-block-button has-custom-width wp-block-button__width-50\"><a class=\"wp-block-button__link has-black-color has-pale-cyan-blue-background-color has-text-color has-background wp-element-button\" href=\"https:\/\/www.cssz.cz\/\" style=\"border-radius:10px\" target=\"_blank\" rel=\"noreferrer noopener\">\u010cesk\u00e1 spr\u00e1va soci\u00e1ln\u00edho zabezpe\u010den\u00ed<\/a><\/div>\n<\/div>\n\n\n\n<p><\/p>\n\n\n\n<div class=\"wp-block-buttons is-nowrap is-layout-flex wp-container-core-buttons-is-layout-ad2f72ca wp-block-buttons-is-layout-flex\">\n<div class=\"wp-block-button has-custom-width wp-block-button__width-50\"><a class=\"wp-block-button__link has-black-color has-pale-cyan-blue-background-color has-text-color has-background wp-element-button\" href=\"http:\/\/test.zsjanov.cz\/\" style=\"border-radius:10px\" target=\"_blank\" rel=\"noreferrer noopener\">P\u016fvodn\u00ed webov\u00e9 str\u00e1nky<\/a><\/div>\n<\/div>\n","protected":false},"excerpt":{"rendered":"<p>&#8222;Nikdy jsem nedopustil, aby \u0161kola st\u00e1la v cest\u011b m\u00e9mu vzd\u011bl\u00e1n\u00ed.&#8220; Mark Twain Virtu\u00e1ln\u00ed prohl\u00eddka \u0161koly Z\u00c1KLADN\u00cd \u0160KOLA a MATE\u0158SK\u00c1 \u0160KOLA &hellip; <\/p>\n","protected":false},"author":1,"featured_media":0,"parent":0,"menu_order":0,"comment_status":"closed","ping_status":"closed","template":"","meta":{"footnotes":""},"class_list":["post-5","page","type-page","status-publish","hentry","latest_post"],"_links":{"self":[{"href":"https:\/\/www.zsjanov.cz\/index.php?rest_route=\/wp\/v2\/pages\/5","targetHints":{"allow":["GET"]}}],"collection":[{"href":"https:\/\/www.zsjanov.cz\/index.php?rest_route=\/wp\/v2\/pages"}],"about":[{"href":"https:\/\/www.zsjanov.cz\/index.php?rest_route=\/wp\/v2\/types\/page"}],"author":[{"embeddable":true,"href":"https:\/\/www.zsjanov.cz\/index.php?rest_route=\/wp\/v2\/users\/1"}],"replies":[{"embeddable":true,"href":"https:\/\/www.zsjanov.cz\/index.php?rest_route=%2Fwp%2Fv2%2Fcomments&post=5"}],"version-history":[{"count":105,"href":"https:\/\/www.zsjanov.cz\/index.php?rest_route=\/wp\/v2\/pages\/5\/revisions"}],"predecessor-version":[{"id":4154,"href":"https:\/\/www.zsjanov.cz\/index.php?rest_route=\/wp\/v2\/pages\/5\/revisions\/4154"}],"wp:attachment":[{"href":"https:\/\/www.zsjanov.cz\/index.php?rest_route=%2Fwp%2Fv2%2Fmedia&parent=5"}],"curies":[{"name":"wp","href":"https:\/\/api.w.org\/{rel}","templated":true}]}}