{"id":744,"date":"2022-08-09T15:47:08","date_gmt":"2022-08-09T13:47:08","guid":{"rendered":"http:\/\/test.zsjanov.cz\/?page_id=744"},"modified":"2025-09-10T17:19:42","modified_gmt":"2025-09-10T15:19:42","slug":"pavoucci","status":"publish","type":"page","link":"https:\/\/www.zsjanov.cz\/?page_id=744","title":{"rendered":"Pavou\u010dci"},"content":{"rendered":"\n<h2 class=\"wp-block-heading\">&#8222;My jsme mal\u00ed pavou\u010dci, co pozn\u00e1vaj\u00ed sv\u011bt,<\/h2>\n\n\n\n<h2 class=\"wp-block-heading\">upleteme pavu\u010dinku a m\u00e1me to hned&#8220;<\/h2>\n\n\n\n<p>T\u0159\u00edda s hudebn\u00edm zam\u011b\u0159en\u00eem. Sna\u017e\u00edme se zachytit talent d\u011bt\u00ed. R\u00e1di si zp\u00edv\u00e1me pro radost a pot\u011b\u0161en\u00ed, vyu\u017e\u00edv\u00e1me rytmick\u00e9 hudebn\u00ed n\u00e1stroje.<\/p>\n\n\n\n<p><\/p>\n\n\n\n<p><strong>Miloslava Vr\u0161eck\u00e1<\/strong> &#8211; st\u0159edn\u00ed pedagogick\u00e1 \u0161kola Litom\u011b\u0159ice<\/p>\n\n\n\n<figure class=\"wp-block-image size-large is-resized\"><img decoding=\"async\" src=\"http:\/\/zsjanov.cz\/wp-content\/uploads\/2022\/08\/mila-225x300.jpeg\" alt=\"\" style=\"object-fit:cover;width:169px;height:255px\"\/><\/figure>\n\n\n\n<p><\/p>\n\n\n\n<p><\/p>\n\n\n\n<p><strong>Petra Holubov\u00e1<\/strong> &#8211; asistent pedagoga &#8211; akreditovan\u00fd kurz asistenta pedagoga<\/p>\n\n\n\n<figure class=\"wp-block-image size-large is-resized\"><img decoding=\"async\" src=\"http:\/\/zsjanov.cz\/wp-content\/uploads\/2022\/08\/petra-225x300.jpeg\" alt=\"\" style=\"object-fit:cover;width:169px;height:255px\"\/><\/figure>\n\n\n\n<p><\/p>\n\n\n\n<p><\/p>\n\n\n\n<p><strong>Blanka Hr\u00e1dkov\u00e1<\/strong> &#8211; asistent pedagoga &#8211; akreditovan\u00fd kurz asistenta pedagoga<\/p>\n\n\n\n<figure class=\"wp-block-image size-large is-resized\"><img loading=\"lazy\" decoding=\"async\" width=\"823\" height=\"1024\" src=\"http:\/\/www.zsjanov.cz\/wp-content\/uploads\/2022\/08\/blankahradkova-823x1024.jpeg\" alt=\"\" class=\"wp-image-649\" style=\"object-fit:cover;width:169px;height:255px\" srcset=\"https:\/\/www.zsjanov.cz\/wp-content\/uploads\/2022\/08\/blankahradkova-823x1024.jpeg 823w, https:\/\/www.zsjanov.cz\/wp-content\/uploads\/2022\/08\/blankahradkova-241x300.jpeg 241w, https:\/\/www.zsjanov.cz\/wp-content\/uploads\/2022\/08\/blankahradkova-768x956.jpeg 768w, https:\/\/www.zsjanov.cz\/wp-content\/uploads\/2022\/08\/blankahradkova-1235x1536.jpeg 1235w, https:\/\/www.zsjanov.cz\/wp-content\/uploads\/2022\/08\/blankahradkova.jpeg 1646w\" sizes=\"auto, (max-width: 823px) 100vw, 823px\" \/><\/figure>\n\n\n\n<p><\/p>\n\n\n\n<p><\/p>\n\n\n\n<h2 class=\"wp-block-heading\">Galerie<\/h2>\n\n\n\n<figure class=\"wp-block-gallery has-nested-images columns-default is-cropped wp-block-gallery-1 is-layout-flex wp-block-gallery-is-layout-flex\">\n<figure class=\"wp-block-image size-large\"><img decoding=\"async\" src=\"http:\/\/zsjanov.cz\/wp-content\/uploads\/2022\/08\/p4.jpeg\" alt=\"\"\/><\/figure>\n\n\n\n<figure class=\"wp-block-image size-large\"><img decoding=\"async\" src=\"http:\/\/zsjanov.cz\/wp-content\/uploads\/2022\/08\/p3.jpeg\" alt=\"\"\/><\/figure>\n\n\n\n<figure class=\"wp-block-image size-large\"><img decoding=\"async\" src=\"http:\/\/zsjanov.cz\/wp-content\/uploads\/2022\/08\/p2.jpeg\" alt=\"\"\/><\/figure>\n\n\n\n<figure class=\"wp-block-image size-large\"><img decoding=\"async\" src=\"http:\/\/zsjanov.cz\/wp-content\/uploads\/2022\/08\/p1.jpeg\" alt=\"\"\/><\/figure>\n<\/figure>\n","protected":false},"excerpt":{"rendered":"<p>&#8222;My jsme mal\u00ed pavou\u010dci, co pozn\u00e1vaj\u00ed sv\u011bt, upleteme pavu\u010dinku a m\u00e1me to hned&#8220; T\u0159\u00edda s hudebn\u00edm zam\u011b\u0159en\u00eem. Sna\u017e\u00edme se zachytit &hellip; <\/p>\n","protected":false},"author":1,"featured_media":726,"parent":2,"menu_order":-1,"comment_status":"closed","ping_status":"closed","template":"","meta":{"footnotes":""},"class_list":["post-744","page","type-page","status-publish","has-post-thumbnail","hentry","latest_post"],"_links":{"self":[{"href":"https:\/\/www.zsjanov.cz\/index.php?rest_route=\/wp\/v2\/pages\/744","targetHints":{"allow":["GET"]}}],"collection":[{"href":"https:\/\/www.zsjanov.cz\/index.php?rest_route=\/wp\/v2\/pages"}],"about":[{"href":"https:\/\/www.zsjanov.cz\/index.php?rest_route=\/wp\/v2\/types\/page"}],"author":[{"embeddable":true,"href":"https:\/\/www.zsjanov.cz\/index.php?rest_route=\/wp\/v2\/users\/1"}],"replies":[{"embeddable":true,"href":"https:\/\/www.zsjanov.cz\/index.php?rest_route=%2Fwp%2Fv2%2Fcomments&post=744"}],"version-history":[{"count":7,"href":"https:\/\/www.zsjanov.cz\/index.php?rest_route=\/wp\/v2\/pages\/744\/revisions"}],"predecessor-version":[{"id":4029,"href":"https:\/\/www.zsjanov.cz\/index.php?rest_route=\/wp\/v2\/pages\/744\/revisions\/4029"}],"up":[{"embeddable":true,"href":"https:\/\/www.zsjanov.cz\/index.php?rest_route=\/wp\/v2\/pages\/2"}],"wp:featuredmedia":[{"embeddable":true,"href":"https:\/\/www.zsjanov.cz\/index.php?rest_route=\/wp\/v2\/media\/726"}],"wp:attachment":[{"href":"https:\/\/www.zsjanov.cz\/index.php?rest_route=%2Fwp%2Fv2%2Fmedia&parent=744"}],"curies":[{"name":"wp","href":"https:\/\/api.w.org\/{rel}","templated":true}]}}