{"id":757,"date":"2022-08-09T16:02:09","date_gmt":"2022-08-09T14:02:09","guid":{"rendered":"http:\/\/test.zsjanov.cz\/?page_id=757"},"modified":"2025-09-10T17:21:44","modified_gmt":"2025-09-10T15:21:44","slug":"zabicky","status":"publish","type":"page","link":"https:\/\/www.zsjanov.cz\/?page_id=757","title":{"rendered":"\u017dabi\u010dky"},"content":{"rendered":"\n<h2 class=\"wp-block-heading\">&#8222;Dlouh\u00e9 nohy, kr\u00e1sn\u011b zp\u00edv\u00e1, o\u010di m\u00e1 jak kor\u00e1lky,<\/h2>\n\n\n\n<h2 class=\"wp-block-heading\">\u017eabka, to je mistr sv\u011bta ve sk\u00e1k\u00e1n\u00ed do d\u00e1lky.<\/h2>\n\n\n\n<h2 class=\"wp-block-heading\">Taky r\u00e1di zp\u00edv\u00e1me, hrajem si a sk\u00e1\u010deme,<\/h2>\n\n\n\n<h2 class=\"wp-block-heading\">a co je\u0161t\u011b neum\u00edme, ve \u0161kolce se nau\u010d\u00edme.&#8220;<\/h2>\n\n\n\n<p>Velk\u00e1 pozornost je zam\u011b\u0159en\u00e1 na \u0159e\u010d.<br>V\u011bnujeme se motorice mluvidel, spr\u00e1vn\u00e9 v\u00fdslovnosti a rytmizaci slov. K v\u00fduce vyu\u017e\u00edv\u00e1me modern\u00ed technologie (multiboardy a tablety). Jsme t\u0159\u00edda sm\u00ed\u0161en\u00e1 a db\u00e1me na spolupr\u00e1ci star\u0161\u00edch \u017e\u00e1k\u016f s mlad\u0161\u00edmi.<\/p>\n\n\n\n<p><\/p>\n\n\n\n<p><strong>Daniela B\u0159ezinov\u00e1<\/strong> &#8211; Pedagogick\u00e1 \u0161kola Most, obor: Soci\u00e1ln\u00ed p\u00e9\u010de \u2013 pe\u010dovatelsk\u00e1 \u010dinnost<br>St\u0159edn\u00ed pedagogick\u00e1 \u0161kola AGC Teplice, obor: p\u0159ed\u0161koln\u00ed a mimo\u0161koln\u00ed pedagogika<\/p>\n\n\n\n<figure class=\"wp-block-image size-full is-resized\"><img loading=\"lazy\" decoding=\"async\" width=\"392\" height=\"392\" src=\"http:\/\/www.zsjanov.cz\/wp-content\/uploads\/2022\/08\/rutjelinkova.jpeg\" alt=\"\" class=\"wp-image-659\" style=\"object-fit:cover;width:169px;height:255px\" srcset=\"https:\/\/www.zsjanov.cz\/wp-content\/uploads\/2022\/08\/rutjelinkova.jpeg 392w, https:\/\/www.zsjanov.cz\/wp-content\/uploads\/2022\/08\/rutjelinkova-300x300.jpeg 300w, https:\/\/www.zsjanov.cz\/wp-content\/uploads\/2022\/08\/rutjelinkova-150x150.jpeg 150w, https:\/\/www.zsjanov.cz\/wp-content\/uploads\/2022\/08\/rutjelinkova-246x246.jpeg 246w, https:\/\/www.zsjanov.cz\/wp-content\/uploads\/2022\/08\/rutjelinkova-275x275.jpeg 275w, https:\/\/www.zsjanov.cz\/wp-content\/uploads\/2022\/08\/rutjelinkova-70x70.jpeg 70w, https:\/\/www.zsjanov.cz\/wp-content\/uploads\/2022\/08\/rutjelinkova-276x276.jpeg 276w, https:\/\/www.zsjanov.cz\/wp-content\/uploads\/2022\/08\/rutjelinkova-125x125.jpeg 125w, https:\/\/www.zsjanov.cz\/wp-content\/uploads\/2022\/08\/rutjelinkova-211x211.jpeg 211w\" sizes=\"auto, (max-width: 392px) 100vw, 392px\" \/><\/figure>\n\n\n\n<p><\/p>\n\n\n\n<p><strong>Mgr. Jaroslava Matu\u0161ek <\/strong>&#8211; Speci\u00e1ln\u00ed pedagogika UJEP<\/p>\n\n\n\n<figure class=\"wp-block-image size-full is-resized\"><img loading=\"lazy\" decoding=\"async\" width=\"797\" height=\"932\" src=\"http:\/\/www.zsjanov.cz\/wp-content\/uploads\/2025\/09\/jaroslavamatusek.jpg\" alt=\"\" class=\"wp-image-3999\" style=\"object-fit:cover;width:169px;height:255px\" srcset=\"https:\/\/www.zsjanov.cz\/wp-content\/uploads\/2025\/09\/jaroslavamatusek.jpg 797w, https:\/\/www.zsjanov.cz\/wp-content\/uploads\/2025\/09\/jaroslavamatusek-257x300.jpg 257w, https:\/\/www.zsjanov.cz\/wp-content\/uploads\/2025\/09\/jaroslavamatusek-768x898.jpg 768w\" sizes=\"auto, (max-width: 797px) 100vw, 797px\" \/><\/figure>\n\n\n\n<p><\/p>\n\n\n\n<p><\/p>\n\n\n\n<p><strong>Monika Kondrkov\u00e1<\/strong> &#8211; asistent pedagoga &#8211; akreditovan\u00fd kurz<\/p>\n\n\n\n<figure class=\"wp-block-image size-full is-resized\"><img loading=\"lazy\" decoding=\"async\" width=\"853\" height=\"743\" src=\"http:\/\/www.zsjanov.cz\/wp-content\/uploads\/2025\/09\/kondrkova.jpg\" alt=\"\" class=\"wp-image-4000\" style=\"object-fit:cover;width:169px;height:255px\" srcset=\"https:\/\/www.zsjanov.cz\/wp-content\/uploads\/2025\/09\/kondrkova.jpg 853w, https:\/\/www.zsjanov.cz\/wp-content\/uploads\/2025\/09\/kondrkova-300x261.jpg 300w, https:\/\/www.zsjanov.cz\/wp-content\/uploads\/2025\/09\/kondrkova-768x669.jpg 768w\" sizes=\"auto, (max-width: 853px) 100vw, 853px\" \/><\/figure>\n\n\n\n<p><\/p>\n\n\n\n<p><\/p>\n\n\n\n<h2 class=\"wp-block-heading\">GALERIE<\/h2>\n\n\n\n<figure class=\"wp-block-gallery has-nested-images columns-default is-cropped wp-block-gallery-1 is-layout-flex wp-block-gallery-is-layout-flex\">\n<figure class=\"wp-block-image size-large\"><img decoding=\"async\" src=\"http:\/\/zsjanov.cz\/wp-content\/uploads\/2022\/08\/z5.jpeg\" alt=\"\"\/><\/figure>\n\n\n\n<figure class=\"wp-block-image size-large\"><img decoding=\"async\" src=\"http:\/\/zsjanov.cz\/wp-content\/uploads\/2022\/08\/z4.jpeg\" alt=\"\"\/><\/figure>\n\n\n\n<figure class=\"wp-block-image size-large\"><img decoding=\"async\" src=\"http:\/\/zsjanov.cz\/wp-content\/uploads\/2022\/08\/z3.jpeg\" alt=\"\"\/><\/figure>\n\n\n\n<figure class=\"wp-block-image size-large\"><img decoding=\"async\" src=\"http:\/\/zsjanov.cz\/wp-content\/uploads\/2022\/08\/z2.jpeg\" alt=\"\"\/><\/figure>\n\n\n\n<figure class=\"wp-block-image size-large\"><img decoding=\"async\" src=\"http:\/\/zsjanov.cz\/wp-content\/uploads\/2022\/08\/z1.jpeg\" alt=\"\"\/><\/figure>\n<\/figure>\n","protected":false},"excerpt":{"rendered":"<p>&#8222;Dlouh\u00e9 nohy, kr\u00e1sn\u011b zp\u00edv\u00e1, o\u010di m\u00e1 jak kor\u00e1lky, \u017eabka, to je mistr sv\u011bta ve sk\u00e1k\u00e1n\u00ed do d\u00e1lky. Taky r\u00e1di zp\u00edv\u00e1me, &hellip; <\/p>\n","protected":false},"author":1,"featured_media":728,"parent":2,"menu_order":-1,"comment_status":"closed","ping_status":"closed","template":"","meta":{"footnotes":""},"class_list":["post-757","page","type-page","status-publish","has-post-thumbnail","hentry","latest_post"],"_links":{"self":[{"href":"https:\/\/www.zsjanov.cz\/index.php?rest_route=\/wp\/v2\/pages\/757","targetHints":{"allow":["GET"]}}],"collection":[{"href":"https:\/\/www.zsjanov.cz\/index.php?rest_route=\/wp\/v2\/pages"}],"about":[{"href":"https:\/\/www.zsjanov.cz\/index.php?rest_route=\/wp\/v2\/types\/page"}],"author":[{"embeddable":true,"href":"https:\/\/www.zsjanov.cz\/index.php?rest_route=\/wp\/v2\/users\/1"}],"replies":[{"embeddable":true,"href":"https:\/\/www.zsjanov.cz\/index.php?rest_route=%2Fwp%2Fv2%2Fcomments&post=757"}],"version-history":[{"count":6,"href":"https:\/\/www.zsjanov.cz\/index.php?rest_route=\/wp\/v2\/pages\/757\/revisions"}],"predecessor-version":[{"id":4031,"href":"https:\/\/www.zsjanov.cz\/index.php?rest_route=\/wp\/v2\/pages\/757\/revisions\/4031"}],"up":[{"embeddable":true,"href":"https:\/\/www.zsjanov.cz\/index.php?rest_route=\/wp\/v2\/pages\/2"}],"wp:featuredmedia":[{"embeddable":true,"href":"https:\/\/www.zsjanov.cz\/index.php?rest_route=\/wp\/v2\/media\/728"}],"wp:attachment":[{"href":"https:\/\/www.zsjanov.cz\/index.php?rest_route=%2Fwp%2Fv2%2Fmedia&parent=757"}],"curies":[{"name":"wp","href":"https:\/\/api.w.org\/{rel}","templated":true}]}}