{"id":776,"date":"2022-08-09T16:33:34","date_gmt":"2022-08-09T14:33:34","guid":{"rendered":"http:\/\/test.zsjanov.cz\/?page_id=776"},"modified":"2025-09-11T15:33:48","modified_gmt":"2025-09-11T13:33:48","slug":"zabicky","status":"publish","type":"page","link":"https:\/\/www.zsjanov.cz\/?page_id=776","title":{"rendered":"\u017dabi\u010dky"},"content":{"rendered":"\n<h2 class=\"wp-block-heading\">&#8222;Ka\u017ed\u00e1 spr\u00e1vn\u00e1 \u017eabi\u010dka, radost m\u00e1 ze slun\u00ed\u010dka,<\/h2>\n\n\n\n<h2 class=\"wp-block-heading\">hops\u00e1 sk\u00e1\u010de cel\u00fd rok, se slun\u00ed\u010dkem dr\u017e\u00ed krok.&#8220;<\/h2>\n\n\n\n<p><\/p>\n\n\n\n<p>Logopedick\u00e1 t\u0159\u00edda<\/p>\n\n\n\n<p>U\u010ditelka &#8211; Iveta Krovov\u00e1<br>Asistentka &#8211; Pavla&nbsp;Merhautov\u00e1<\/p>\n\n\n\n<figure class=\"wp-block-gallery has-nested-images columns-default is-cropped wp-block-gallery-1 is-layout-flex wp-block-gallery-is-layout-flex\">\n<figure class=\"wp-block-image size-large\"><img loading=\"lazy\" decoding=\"async\" width=\"1024\" height=\"244\" data-id=\"4037\" src=\"http:\/\/www.zsjanov.cz\/wp-content\/uploads\/2025\/09\/zabicky-1024x244.jpg\" alt=\"\" class=\"wp-image-4037\" srcset=\"https:\/\/www.zsjanov.cz\/wp-content\/uploads\/2025\/09\/zabicky-1024x244.jpg 1024w, https:\/\/www.zsjanov.cz\/wp-content\/uploads\/2025\/09\/zabicky-300x71.jpg 300w, https:\/\/www.zsjanov.cz\/wp-content\/uploads\/2025\/09\/zabicky-768x183.jpg 768w, https:\/\/www.zsjanov.cz\/wp-content\/uploads\/2025\/09\/zabicky-1536x365.jpg 1536w, https:\/\/www.zsjanov.cz\/wp-content\/uploads\/2025\/09\/zabicky.jpg 2048w\" sizes=\"auto, (max-width: 1024px) 100vw, 1024px\" \/><\/figure>\n<\/figure>\n","protected":false},"excerpt":{"rendered":"<p>&#8222;Ka\u017ed\u00e1 spr\u00e1vn\u00e1 \u017eabi\u010dka, radost m\u00e1 ze slun\u00ed\u010dka, hops\u00e1 sk\u00e1\u010de cel\u00fd rok, se slun\u00ed\u010dkem dr\u017e\u00ed krok.&#8220; Logopedick\u00e1 t\u0159\u00edda U\u010ditelka &#8211; Iveta &hellip; <\/p>\n","protected":false},"author":1,"featured_media":680,"parent":178,"menu_order":-1,"comment_status":"closed","ping_status":"closed","template":"","meta":{"footnotes":""},"class_list":["post-776","page","type-page","status-publish","has-post-thumbnail","hentry","latest_post"],"_links":{"self":[{"href":"https:\/\/www.zsjanov.cz\/index.php?rest_route=\/wp\/v2\/pages\/776","targetHints":{"allow":["GET"]}}],"collection":[{"href":"https:\/\/www.zsjanov.cz\/index.php?rest_route=\/wp\/v2\/pages"}],"about":[{"href":"https:\/\/www.zsjanov.cz\/index.php?rest_route=\/wp\/v2\/types\/page"}],"author":[{"embeddable":true,"href":"https:\/\/www.zsjanov.cz\/index.php?rest_route=\/wp\/v2\/users\/1"}],"replies":[{"embeddable":true,"href":"https:\/\/www.zsjanov.cz\/index.php?rest_route=%2Fwp%2Fv2%2Fcomments&post=776"}],"version-history":[{"count":6,"href":"https:\/\/www.zsjanov.cz\/index.php?rest_route=\/wp\/v2\/pages\/776\/revisions"}],"predecessor-version":[{"id":4048,"href":"https:\/\/www.zsjanov.cz\/index.php?rest_route=\/wp\/v2\/pages\/776\/revisions\/4048"}],"up":[{"embeddable":true,"href":"https:\/\/www.zsjanov.cz\/index.php?rest_route=\/wp\/v2\/pages\/178"}],"wp:featuredmedia":[{"embeddable":true,"href":"https:\/\/www.zsjanov.cz\/index.php?rest_route=\/wp\/v2\/media\/680"}],"wp:attachment":[{"href":"https:\/\/www.zsjanov.cz\/index.php?rest_route=%2Fwp%2Fv2%2Fmedia&parent=776"}],"curies":[{"name":"wp","href":"https:\/\/api.w.org\/{rel}","templated":true}]}}